{"id":119,"date":"2020-04-28T15:54:38","date_gmt":"2020-04-28T13:54:38","guid":{"rendered":"http:\/\/espritg.cluster028.hosting.ovh.net\/?page_id=119"},"modified":"2025-09-11T18:18:13","modified_gmt":"2025-09-11T16:18:13","slug":"islande","status":"publish","type":"page","link":"http:\/\/espritvins.pro\/index.php\/nos-maisons\/islande\/","title":{"rendered":"ISLANDE"},"content":{"rendered":"\n<div style=\"height:20px\" aria-hidden=\"true\" class=\"wp-block-spacer\"><\/div>\n\n\n\n<div class=\"wp-container-5 wp-block-columns has-4-columns\">\n<div class=\"wp-container-1 wp-block-column\"><div class=\"wp-block-image\">\n<figure class=\"aligncenter is-resized\"><img loading=\"lazy\" src=\"http:\/\/espritg.cluster028.hosting.ovh.net\/wp-content\/uploads\/2020\/05\/Floki_SingleMalt_SheepDung_Visual-403x1024.png\" alt=\"\" class=\"wp-image-1408\" width=\"127\" height=\"323\"\/><\/figure><\/div>\n\n\n<p style=\"font-size:2px\"><br><\/p>\n<\/div>\n\n\n\n<div class=\"wp-container-2 wp-block-column\">\n<h5 class=\"has-text-align-center\">FLOKI SHEEP DUNG SINGLE MALT<br><\/h5>\n\n\n\n<p class=\"has-text-align-center\" style=\"font-size:12px\">Une vraie raret\u00e9, c\u2019est le premier Single Malt au monde vieilli en f\u00fbts de ch\u00eane fum\u00e9s aux excr\u00e9ments de mouton. <br>Import\u00e9 exclusivement par Esprit Vins.<\/p>\n\n\n\n<div class=\"wp-block-button aligncenter\"><a class=\"wp-block-button__link has-very-dark-gray-color has-text-color has-background\" href=\"espritg.cluster028.hosting.ovh.net\/index.php\/floki-sheep-dung-single-malt\/\" style=\"background-color:#e7cab0\">D\u00e9couvrir<\/a><\/div>\n<\/div>\n\n\n\n<div class=\"wp-container-3 wp-block-column\"><div class=\"wp-block-image\">\n<figure class=\"aligncenter is-resized\"><img loading=\"lazy\" src=\"http:\/\/espritg.cluster028.hosting.ovh.net\/wp-content\/uploads\/2020\/05\/Floki_SingleMalt_Visual-383x1024.png\" alt=\"\" class=\"wp-image-1405\" width=\"115\" height=\"307\"\/><\/figure><\/div><\/div>\n\n\n\n<div class=\"wp-container-4 wp-block-column\">\n<h5 class=\"has-text-align-center\">FLOKI SINGLE<br>MALT<\/h5>\n\n\n\n<p class=\"has-text-align-center\" style=\"font-size:12px\">Premier single Malt islandais, import\u00e9 exclusivement <br>en France par Esprit Vins.<\/p>\n\n\n\n<div class=\"wp-block-button aligncenter\"><a class=\"wp-block-button__link has-very-dark-gray-color has-text-color has-background\" href=\"http:\/\/espritg.cluster028.hosting.ovh.net\/index.php\/floki-single-malt\/\" style=\"background-color:#e7cab0\">D\u00e9couvrir<br><\/a><\/div>\n<\/div>\n<\/div>\n\n\n\n<div class=\"wp-container-10 wp-block-columns has-4-columns\">\n<div class=\"wp-container-6 wp-block-column\"><div class=\"wp-block-image\">\n<figure class=\"aligncenter is-resized\"><img loading=\"lazy\" src=\"http:\/\/espritg.cluster028.hosting.ovh.net\/wp-content\/uploads\/2020\/05\/Floki_DoubleWoodVisual_IcelandicBirch-336x1024.jpg\" alt=\"\" class=\"wp-image-931\" width=\"101\" height=\"309\"\/><\/figure><\/div>\n\n\n<p style=\"font-size:2px\"><br><\/p>\n<\/div>\n\n\n\n<div class=\"wp-container-7 wp-block-column\">\n<h5 class=\"has-text-align-center\">FLOKI ICELANDIC BIRCH FINISH<\/h5>\n\n\n\n<p class=\"has-text-align-center\" style=\"font-size:12px\">Edition sp\u00e9ciale \u00e9lev\u00e9e dans des f\u00fbts ayant servi auparavant \u00e0 l\u2019\u00e9laboration du Fl\u00f3ki Single Malt, ainsi que dans des f\u00fbts de bouleau islandais.<br><br><\/p>\n\n\n\n<div class=\"wp-block-button aligncenter\"><a class=\"wp-block-button__link has-very-dark-gray-color has-text-color has-background\" href=\"http:\/\/espritg.cluster028.hosting.ovh.net\/index.php\/floki-iceland-birch-finish\/\" style=\"background-color:#e7cab0\">D\u00e9couvrir<\/a><\/div>\n<\/div>\n\n\n\n<div class=\"wp-container-8 wp-block-column\"><div class=\"wp-block-image\">\n<figure class=\"aligncenter is-resized\"><img loading=\"lazy\" src=\"http:\/\/espritg.cluster028.hosting.ovh.net\/wp-content\/uploads\/2020\/05\/Floki_DoubleWoodVisual_BeerBarrel-328x1024.jpg\" alt=\"\" class=\"wp-image-930\" width=\"100\" height=\"312\"\/><\/figure><\/div><\/div>\n\n\n\n<div class=\"wp-container-9 wp-block-column\">\n<h5 class=\"has-text-align-center\">FLOKI BEER BARREL finish <\/h5>\n\n\n\n<p class=\"has-text-align-center\" style=\"font-size:12px\">Une des nouveaut\u00e9s d\u2019Eimverk Distillery, Fl\u00f3ki Beer Barrel Finish a b\u00e9n\u00e9fici\u00e9 d\u2019une double maturation : d\u2019abord vieilli en f\u00fbts de Fl\u00f3ki Young Malt, puis affin\u00e9 en f\u00fbts de bi\u00e8re artisanale.<\/p>\n\n\n\n<div class=\"wp-block-button aligncenter\"><a class=\"wp-block-button__link has-very-dark-gray-color has-text-color has-background\" href=\"http:\/\/espritg.cluster028.hosting.ovh.net\/index.php\/floki-beer-barrel-finish\/\" style=\"background-color:#e7cab0\">D\u00e9couvrir<br><\/a><\/div>\n<\/div>\n<\/div>\n\n\n\n<div class=\"wp-container-15 wp-block-columns has-4-columns\">\n<div class=\"wp-container-11 wp-block-column\"><div class=\"wp-block-image\">\n<figure class=\"aligncenter is-resized\"><img loading=\"lazy\" src=\"http:\/\/espritg.cluster028.hosting.ovh.net\/wp-content\/uploads\/2020\/05\/Floki_DoubleWoodVisual_SherryCask-339x1024.jpg\" alt=\"\" class=\"wp-image-929\" width=\"103\" height=\"310\"\/><\/figure><\/div>\n\n\n<p style=\"font-size:2px\"><br><\/p>\n<\/div>\n\n\n\n<div class=\"wp-container-12 wp-block-column\">\n<h5 class=\"has-text-align-center\">FLOKI SHERRY CASK FINISH<br><\/h5>\n\n\n\n<p class=\"has-text-align-center\" style=\"font-size:12px\">Single Malt islandais ayant re\u00e7u une double maturation en f\u00fbts de ch\u00eane puis en ex-f\u00fbts de sherry.<br><br><\/p>\n\n\n\n<div class=\"wp-block-button aligncenter\"><a class=\"wp-block-button__link has-very-dark-gray-color has-text-color has-background\" href=\"http:\/\/espritg.cluster028.hosting.ovh.net\/index.php\/floki-sherry-cask-finish\/\" style=\"background-color:#e7cab0\">D\u00e9couvrir<\/a><\/div>\n<\/div>\n\n\n\n<div class=\"wp-container-13 wp-block-column\"><div class=\"wp-block-image\">\n<figure class=\"aligncenter size-large is-resized\"><img loading=\"lazy\" src=\"http:\/\/espritvins.pro\/wp-content\/uploads\/2025\/09\/BOUTEILLE-SITE-405x1024.png\" alt=\"\" class=\"wp-image-6500\" width=\"126\" height=\"318\" srcset=\"http:\/\/espritvins.pro\/wp-content\/uploads\/2025\/09\/BOUTEILLE-SITE-405x1024.png 405w, http:\/\/espritvins.pro\/wp-content\/uploads\/2025\/09\/BOUTEILLE-SITE-119x300.png 119w, http:\/\/espritvins.pro\/wp-content\/uploads\/2025\/09\/BOUTEILLE-SITE.png 540w\" sizes=\"(max-width: 126px) 100vw, 126px\" \/><\/figure><\/div><\/div>\n\n\n\n<div class=\"wp-container-14 wp-block-column\">\n<h5 class=\"has-text-align-center\">Floki DOUBLE WOOD<\/h5>\n\n\n\n<p class=\"has-text-align-center\" style=\"font-size:12px\">C&rsquo;est sous l&rsquo;\u00e9tiquette \u00ab\u00a0Double Wood\u00a0\u00bb qu&rsquo;Eimverk Distillery exp\u00e9rimente avec des recettes innovantes pour son whisky Fl\u00f3ki.<\/p>\n\n\n\n<div class=\"wp-block-button aligncenter\"><a class=\"wp-block-button__link has-very-dark-gray-color has-text-color has-background\" href=\"http:\/\/espritg.cluster028.hosting.ovh.net\/index.php\/double-wood\/\" style=\"background-color:#e7cab0\">D\u00e9couvrir<\/a><\/div>\n<\/div>\n<\/div>\n\n\n\n<div class=\"wp-container-20 wp-block-columns has-4-columns\">\n<div class=\"wp-container-16 wp-block-column\"><div class=\"wp-block-image\">\n<figure class=\"aligncenter is-resized\"><img loading=\"lazy\" src=\"http:\/\/espritg.cluster028.hosting.ovh.net\/wp-content\/uploads\/2020\/05\/Vor_IcelandicGin_BarrelAged_Visual-382x1024.png\" alt=\"\" class=\"wp-image-1407\" width=\"118\" height=\"327\"\/><\/figure><\/div>\n\n\n<p style=\"font-size:2px\"><br><\/p>\n<\/div>\n\n\n\n<div class=\"wp-container-17 wp-block-column\">\n<h5 class=\"has-text-align-center\">VOR GIN BARREL AGED RESERVE<br><\/h5>\n\n\n\n<p class=\"has-text-align-center\" style=\"font-size:12px\">Vor Gin est un gin islandais l\u00e9g\u00e8rement fum\u00e9, gr\u00e2ce \u00e0 son proc\u00e9d\u00e9 de fabrication et son vieillissement en f\u00fbt de ch\u00eane.<br><br><\/p>\n\n\n\n<div class=\"wp-block-button aligncenter\"><a class=\"wp-block-button__link has-very-dark-gray-color has-text-color has-background\" href=\"http:\/\/espritg.cluster028.hosting.ovh.net\/index.php\/vor-gin-barrel-aged-reserve\/\" style=\"background-color:#e7cab0\">D\u00e9couvrir<\/a><\/div>\n<\/div>\n\n\n\n<div class=\"wp-container-18 wp-block-column\"><div class=\"wp-block-image\">\n<figure class=\"aligncenter is-resized\"><img loading=\"lazy\" src=\"http:\/\/espritg.cluster028.hosting.ovh.net\/wp-content\/uploads\/2020\/05\/Vor_IcelandicGin_SmallBatch_Visual-348x1024.png\" alt=\"\" class=\"wp-image-1406\" width=\"110\" height=\"323\"\/><\/figure><\/div><\/div>\n\n\n\n<div class=\"wp-container-19 wp-block-column\">\n<h5 class=\"has-text-align-center\">VOR GIN SMALL BATCH<\/h5>\n\n\n\n<p class=\"has-text-align-center\" style=\"font-size:12px\">Vor Gin est un gin 100% islandais. C&rsquo;est l&rsquo;un des gins les plus prestigieux sur le march\u00e9, gr\u00e2ce \u00e0 son proc\u00e9d\u00e9 de fabrication unique et naturel. <\/p>\n\n\n\n<div class=\"wp-block-button aligncenter\"><a class=\"wp-block-button__link has-very-dark-gray-color has-text-color has-background\" href=\"http:\/\/espritg.cluster028.hosting.ovh.net\/index.php\/vor-gin-small-batch\/\" style=\"background-color:#e7cab0\">D\u00e9couvrir<\/a><\/div>\n<\/div>\n<\/div>\n","protected":false},"excerpt":{"rendered":"<p>FLOKI SHEEP DUNG SINGLE MALT Une vraie raret\u00e9, c\u2019est le premier Single Malt au monde vieilli en f\u00fbts de ch\u00eane fum\u00e9s aux excr\u00e9ments de mouton. Import\u00e9 exclusivement par Esprit Vins. FLOKI SINGLEMALT Premier single Malt islandais, import\u00e9 exclusivement en France par Esprit Vins. FLOKI ICELANDIC BIRCH FINISH Edition sp\u00e9ciale \u00e9lev\u00e9e dans des f\u00fbts ayant servi &hellip; <\/p>\n<p class=\"link-more\"><a href=\"http:\/\/espritvins.pro\/index.php\/nos-maisons\/islande\/\" class=\"more-link\">Continuer la lecture<span class=\"screen-reader-text\"> de &laquo;&nbsp;ISLANDE&nbsp;&raquo;<\/span><\/a><\/p>\n","protected":false},"author":1,"featured_media":3314,"parent":42,"menu_order":0,"comment_status":"closed","ping_status":"closed","template":"","meta":[],"_links":{"self":[{"href":"http:\/\/espritvins.pro\/index.php\/wp-json\/wp\/v2\/pages\/119"}],"collection":[{"href":"http:\/\/espritvins.pro\/index.php\/wp-json\/wp\/v2\/pages"}],"about":[{"href":"http:\/\/espritvins.pro\/index.php\/wp-json\/wp\/v2\/types\/page"}],"author":[{"embeddable":true,"href":"http:\/\/espritvins.pro\/index.php\/wp-json\/wp\/v2\/users\/1"}],"replies":[{"embeddable":true,"href":"http:\/\/espritvins.pro\/index.php\/wp-json\/wp\/v2\/comments?post=119"}],"version-history":[{"count":80,"href":"http:\/\/espritvins.pro\/index.php\/wp-json\/wp\/v2\/pages\/119\/revisions"}],"predecessor-version":[{"id":6628,"href":"http:\/\/espritvins.pro\/index.php\/wp-json\/wp\/v2\/pages\/119\/revisions\/6628"}],"up":[{"embeddable":true,"href":"http:\/\/espritvins.pro\/index.php\/wp-json\/wp\/v2\/pages\/42"}],"wp:featuredmedia":[{"embeddable":true,"href":"http:\/\/espritvins.pro\/index.php\/wp-json\/wp\/v2\/media\/3314"}],"wp:attachment":[{"href":"http:\/\/espritvins.pro\/index.php\/wp-json\/wp\/v2\/media?parent=119"}],"curies":[{"name":"wp","href":"https:\/\/api.w.org\/{rel}","templated":true}]}}