{"id":1200,"date":"2020-05-14T11:22:27","date_gmt":"2020-05-14T09:22:27","guid":{"rendered":"http:\/\/espritg.cluster028.hosting.ovh.net\/?page_id=1200"},"modified":"2025-09-02T15:06:14","modified_gmt":"2025-09-02T13:06:14","slug":"gin","status":"publish","type":"page","link":"http:\/\/espritvins.pro\/index.php\/nos-maisons\/produits\/gin\/","title":{"rendered":"Gin"},"content":{"rendered":"\t\t<div data-elementor-type=\"wp-page\" data-elementor-id=\"1200\" class=\"elementor elementor-1200\">\n\t\t\t\t\t\t\t\t\t<section class=\"elementor-section elementor-top-section elementor-element elementor-element-3ff55101 elementor-section-boxed elementor-section-height-default elementor-section-height-default\" data-id=\"3ff55101\" data-element_type=\"section\">\n\t\t\t\t\t\t<div class=\"elementor-container elementor-column-gap-default\">\n\t\t\t\t\t<div class=\"elementor-column elementor-col-100 elementor-top-column elementor-element elementor-element-2734df1a\" data-id=\"2734df1a\" data-element_type=\"column\">\n\t\t\t<div class=\"elementor-widget-wrap elementor-element-populated\">\n\t\t\t\t\t\t\t\t<div class=\"elementor-element elementor-element-3c35176a elementor-widget elementor-widget-text-editor\" data-id=\"3c35176a\" data-element_type=\"widget\" data-widget_type=\"text-editor.default\">\n\t\t\t\t<div class=\"elementor-widget-container\">\n\t\t\t<style>\/*! elementor - v3.7.2 - 21-08-2022 *\/\n.elementor-widget-text-editor.elementor-drop-cap-view-stacked .elementor-drop-cap{background-color:#818a91;color:#fff}.elementor-widget-text-editor.elementor-drop-cap-view-framed .elementor-drop-cap{color:#818a91;border:3px solid;background-color:transparent}.elementor-widget-text-editor:not(.elementor-drop-cap-view-default) .elementor-drop-cap{margin-top:8px}.elementor-widget-text-editor:not(.elementor-drop-cap-view-default) .elementor-drop-cap-letter{width:1em;height:1em}.elementor-widget-text-editor .elementor-drop-cap{float:left;text-align:center;line-height:1;font-size:50px}.elementor-widget-text-editor .elementor-drop-cap-letter{display:inline-block}<\/style>\t\t\t\t<p><!-- wp:image {\"align\":\"center\",\"id\":1637} --><\/p>\n<figure class=\"wp-block-image aligncenter\"><img loading=\"lazy\" width=\"114\" height=\"111\" class=\"wp-image-1637\" src=\"http:\/\/espritg.cluster028.hosting.ovh.net\/wp-content\/uploads\/2020\/05\/Capture-d\u2019\u00e9cran-2020-05-16-\u00e0-11.11.34.png\" alt=\"\" \/><\/figure>\n<p><!-- \/wp:image --><!-- wp:columns {\"className\":\"has-4-columns\"} --><\/p>\n<div class=\"wp-block-columns has-4-columns\">\n<p><!-- wp:column --><\/p>\n<div class=\"wp-block-column\">\n<p><!-- wp:image {\"align\":\"center\",\"id\":1407,\"width\":118,\"height\":327} --><\/p>\n<figure class=\"wp-block-image aligncenter is-resized\"><img loading=\"lazy\" class=\"wp-image-1407\" src=\"http:\/\/espritg.cluster028.hosting.ovh.net\/wp-content\/uploads\/2020\/05\/Vor_IcelandicGin_BarrelAged_Visual-382x1024.png\" alt=\"\" width=\"118\" height=\"327\" \/><\/figure>\n<p><!-- \/wp:image --><!-- wp:paragraph {\"style\":{\"typography\":{\"fontSize\":2}}} --><\/p>\n<p style=\"font-size: 2px;\">\u00a0<\/p>\n<p><!-- \/wp:paragraph --><\/p>\n<\/div>\n<p><!-- \/wp:column --><!-- wp:column --><\/p>\n<div class=\"wp-block-column\">\n<p><!-- wp:heading {\"textAlign\":\"center\",\"level\":5} --><\/p>\n<h5 class=\"has-text-align-center\">VOR GIN BARREL AGED RESERVE<\/h5>\n<p><!-- \/wp:heading --><!-- wp:paragraph {\"style\":{\"typography\":{\"fontSize\":12}}} --><\/p>\n<p style=\"font-size: 12px;\">Vor Gin est un gin islandais l\u00e9g\u00e8rement fum\u00e9, gr\u00e2ce \u00e0 son proc\u00e9d\u00e9 de fabrication et son vieillissement en f\u00fbt de ch\u00eane.<\/p>\n<p><!-- \/wp:paragraph --><!-- wp:button {\"textColor\":\"very-dark-gray\",\"align\":\"center\",\"style\":{\"color\":{\"background\":\"#e7cab0\"}},\"className\":\"aligncenter\"} --><\/p>\n<div class=\"wp-block-button aligncenter\"><a class=\"wp-block-button__link has-very-dark-gray-color has-text-color has-background\" style=\"background-color: #e7cab0;\" href=\"http:\/\/espritg.cluster028.hosting.ovh.net\/index.php\/vor-gin-barrel-aged-reserve\/\">D\u00e9couvrir<\/a><\/div>\n<p><!-- \/wp:button --><\/p>\n<\/div>\n<p><!-- \/wp:column --><!-- wp:column --><\/p>\n<div class=\"wp-block-column\">\n<p><!-- wp:image {\"align\":\"center\",\"id\":1406,\"width\":110,\"height\":323} --><\/p>\n<figure class=\"wp-block-image aligncenter is-resized\"><img loading=\"lazy\" class=\"wp-image-1406\" src=\"http:\/\/espritg.cluster028.hosting.ovh.net\/wp-content\/uploads\/2020\/05\/Vor_IcelandicGin_SmallBatch_Visual-348x1024.png\" alt=\"\" width=\"110\" height=\"323\" \/><\/figure>\n<p><!-- \/wp:image --><\/p>\n<\/div>\n<p><!-- \/wp:column --><!-- wp:column --><\/p>\n<div class=\"wp-block-column\">\n<p><!-- wp:heading {\"textAlign\":\"center\",\"level\":5} --><\/p>\n<h5 class=\"has-text-align-center\">VOR GIN SMALL BATCH<\/h5>\n<p><!-- \/wp:heading --><!-- wp:paragraph {\"style\":{\"typography\":{\"fontSize\":12}}} --><\/p>\n<p style=\"font-size: 12px;\">Vor Gin est un gin 100% islandais. C\u2019est l\u2019un des gins les plus prestigieux sur le march\u00e9, gr\u00e2ce \u00e0 son proc\u00e9d\u00e9 de fabrication unique et naturel. .<\/p>\n<p><!-- \/wp:paragraph --><!-- wp:button {\"textColor\":\"very-dark-gray\",\"align\":\"center\",\"style\":{\"color\":{\"background\":\"#e7cab0\"}},\"className\":\"aligncenter\"} --><\/p>\n<div class=\"wp-block-button aligncenter\"><a class=\"wp-block-button__link has-very-dark-gray-color has-text-color has-background\" style=\"background-color: #e7cab0;\" href=\"http:\/\/espritg.cluster028.hosting.ovh.net\/index.php\/vor-gin-small-batch\/\">D\u00e9couvrir<br \/><\/a><\/div>\n<p><!-- \/wp:button --><\/p>\n<\/div>\n<p><!-- \/wp:column --><\/p>\n<\/div>\n<p><!-- \/wp:columns --><!-- wp:columns {\"className\":\"has-4-columns\"} --><\/p>\n<div class=\"wp-block-columns has-4-columns\">\n<p><!-- wp:column --><\/p>\n<div class=\"wp-block-column\">\n<p><!-- wp:image {\"align\":\"center\",\"id\":1083,\"width\":142,\"height\":333} --><\/p>\n<figure class=\"wp-block-image aligncenter is-resized\"><img loading=\"lazy\" class=\"wp-image-1083\" src=\"http:\/\/espritg.cluster028.hosting.ovh.net\/wp-content\/uploads\/2020\/05\/Hapenny-Dublin-Dry-Gin_rgb-434x1024.png\" alt=\"\" width=\"142\" height=\"333\" \/><\/figure>\n<p><!-- \/wp:image --><!-- wp:paragraph {\"style\":{\"typography\":{\"fontSize\":2}}} --><\/p>\n<p style=\"font-size: 2px;\">\u00a0<\/p>\n<p><!-- \/wp:paragraph --><\/p>\n<\/div>\n<p><!-- \/wp:column --><!-- wp:column --><\/p>\n<div class=\"wp-block-column\">\n<p><!-- wp:heading {\"textAlign\":\"center\",\"level\":5} --><\/p>\n<h5 class=\"has-text-align-center\">HA&rsquo;PENNY DUBLIN <br \/>DRY GIN<\/h5>\n<p><!-- \/wp:heading --><!-- wp:paragraph {\"style\":{\"typography\":{\"fontSize\":12}}} --><\/p>\n<p style=\"font-size: 12px;\">Distill\u00e9 avec 13 plantes aromatiques rigoureusement s\u00e9lectionn\u00e9es. Ha\u2019penny Dublin Dry Gin est le gin classique de la gamme.<\/p>\n<p><!-- \/wp:paragraph --><!-- wp:button {\"textColor\":\"very-dark-gray\",\"align\":\"center\",\"style\":{\"color\":{\"background\":\"#e7cab0\"}},\"className\":\"aligncenter\"} --><\/p>\n<div class=\"wp-block-button aligncenter\"><a class=\"wp-block-button__link has-very-dark-gray-color has-text-color has-background\" style=\"background-color: #e7cab0;\" href=\"http:\/\/espritg.cluster028.hosting.ovh.net\/index.php\/hapenny-dublin-dry-gin\/\">D\u00e9couvrir<\/a><\/div>\n<p><!-- \/wp:button --><\/p>\n<\/div>\n<p><!-- \/wp:column --><!-- wp:column --><\/p>\n<div class=\"wp-block-column\">\n<p><!-- wp:image {\"align\":\"center\",\"id\":1085,\"width\":96,\"height\":333} --><\/p>\n<figure class=\"wp-block-image aligncenter is-resized\"><img loading=\"lazy\" class=\"wp-image-1085\" src=\"http:\/\/espritg.cluster028.hosting.ovh.net\/wp-content\/uploads\/2020\/05\/HAPPENNY-RHUBARB-TRANS-297x1024.png\" alt=\"\" width=\"96\" height=\"333\" \/><\/figure>\n<p><!-- \/wp:image --><\/p>\n<\/div>\n<p><!-- \/wp:column --><!-- wp:column --><\/p>\n<div class=\"wp-block-column\">\n<p><!-- wp:heading {\"textAlign\":\"center\",\"level\":5} --><\/p>\n<h5 class=\"has-text-align-center\">HA&rsquo;PENNY RHUBARB GIN<\/h5>\n<p><!-- \/wp:heading --><!-- wp:paragraph {\"style\":{\"typography\":{\"fontSize\":12}}} --><\/p>\n<p style=\"font-size: 12px;\">Le Ha\u2019penny Rhubarb Gin est un gin distill\u00e9 avec 13 plantes aromatiques rigoureusement s\u00e9lectionn\u00e9es ainsi que de la rhubarbe, ce qui lui donne sa couleur rose.<\/p>\n<p><!-- \/wp:paragraph --><!-- wp:button {\"textColor\":\"very-dark-gray\",\"align\":\"center\",\"style\":{\"color\":{\"background\":\"#e7cab0\"}},\"className\":\"aligncenter\"} --><\/p>\n<div class=\"wp-block-button aligncenter\"><a class=\"wp-block-button__link has-very-dark-gray-color has-text-color has-background\" style=\"background-color: #e7cab0;\" href=\"http:\/\/espritg.cluster028.hosting.ovh.net\/index.php\/hapenny-rhubarb-gin\/\">D\u00e9couvrir<br \/><\/a><\/div>\n<p><!-- \/wp:button --><\/p>\n<\/div>\n<p>\u00a0<\/p>\n<\/div>\n<p><!-- \/wp:columns --><\/p>\t\t\t\t\t\t<\/div>\n\t\t\t\t<\/div>\n\t\t\t\t\t<\/div>\n\t\t<\/div>\n\t\t\t\t\t\t\t<\/div>\n\t\t<\/section>\n\t\t\t\t<section class=\"elementor-section elementor-top-section elementor-element elementor-element-7c8c5177 elementor-section-boxed elementor-section-height-default elementor-section-height-default\" data-id=\"7c8c5177\" data-element_type=\"section\">\n\t\t\t\t\t\t<div class=\"elementor-container elementor-column-gap-default\">\n\t\t\t\t\t<div class=\"elementor-column elementor-col-25 elementor-top-column elementor-element elementor-element-1bd17c71\" data-id=\"1bd17c71\" data-element_type=\"column\">\n\t\t\t<div class=\"elementor-widget-wrap elementor-element-populated\">\n\t\t\t\t\t\t\t\t<div class=\"elementor-element elementor-element-c0d3a6f elementor-widget elementor-widget-image\" data-id=\"c0d3a6f\" data-element_type=\"widget\" data-widget_type=\"image.default\">\n\t\t\t\t<div class=\"elementor-widget-container\">\n\t\t\t<style>\/*! elementor - v3.7.2 - 21-08-2022 *\/\n.elementor-widget-image{text-align:center}.elementor-widget-image a{display:inline-block}.elementor-widget-image a img[src$=\".svg\"]{width:48px}.elementor-widget-image img{vertical-align:middle;display:inline-block}<\/style>\t\t\t\t\t\t\t\t\t\t\t\t<img width=\"132\" height=\"300\" src=\"http:\/\/espritvins.pro\/wp-content\/uploads\/2020\/05\/MIL_GIN_ON_TRASPARENT_MAY_2019_SRGB-132x300.png\" class=\"attachment-medium size-medium\" alt=\"\" loading=\"lazy\" srcset=\"http:\/\/espritvins.pro\/wp-content\/uploads\/2020\/05\/MIL_GIN_ON_TRASPARENT_MAY_2019_SRGB-132x300.png 132w, http:\/\/espritvins.pro\/wp-content\/uploads\/2020\/05\/MIL_GIN_ON_TRASPARENT_MAY_2019_SRGB-768x1746.png 768w, http:\/\/espritvins.pro\/wp-content\/uploads\/2020\/05\/MIL_GIN_ON_TRASPARENT_MAY_2019_SRGB-450x1024.png 450w, http:\/\/espritvins.pro\/wp-content\/uploads\/2020\/05\/MIL_GIN_ON_TRASPARENT_MAY_2019_SRGB-e1591093040667.png 200w\" sizes=\"100vw\" \/>\t\t\t\t\t\t\t\t\t\t\t\t\t\t\t<\/div>\n\t\t\t\t<\/div>\n\t\t\t\t\t<\/div>\n\t\t<\/div>\n\t\t\t\t<div class=\"elementor-column elementor-col-25 elementor-top-column elementor-element elementor-element-186b9824\" data-id=\"186b9824\" data-element_type=\"column\">\n\t\t\t<div class=\"elementor-widget-wrap elementor-element-populated\">\n\t\t\t\t\t\t\t\t<div class=\"elementor-element elementor-element-84bd386 elementor-widget elementor-widget-heading\" data-id=\"84bd386\" data-element_type=\"widget\" data-widget_type=\"heading.default\">\n\t\t\t\t<div class=\"elementor-widget-container\">\n\t\t\t<style>\/*! elementor - v3.7.2 - 21-08-2022 *\/\n.elementor-heading-title{padding:0;margin:0;line-height:1}.elementor-widget-heading .elementor-heading-title[class*=elementor-size-]>a{color:inherit;font-size:inherit;line-height:inherit}.elementor-widget-heading .elementor-heading-title.elementor-size-small{font-size:15px}.elementor-widget-heading .elementor-heading-title.elementor-size-medium{font-size:19px}.elementor-widget-heading .elementor-heading-title.elementor-size-large{font-size:29px}.elementor-widget-heading .elementor-heading-title.elementor-size-xl{font-size:39px}.elementor-widget-heading .elementor-heading-title.elementor-size-xxl{font-size:59px}<\/style><h2 class=\"elementor-heading-title elementor-size-default\"><br><br>MEDITERRANEAN MIL<br>GIN<\/h2>\t\t<\/div>\n\t\t\t\t<\/div>\n\t\t\t\t<div class=\"elementor-element elementor-element-2166692 elementor-widget elementor-widget-heading\" data-id=\"2166692\" data-element_type=\"widget\" data-widget_type=\"heading.default\">\n\t\t\t\t<div class=\"elementor-widget-container\">\n\t\t\t<h2 class=\"elementor-heading-title elementor-size-default\"><span style=\"font-weight: 400; text-align: start; white-space-collapse: collapse;\">Gin irlandais au go\u00fbt d\u2019Espagne, M\u00edl Mediterranean Gin a \u00e9t\u00e9 distill\u00e9 en Irlande avec des plantes issues de la r\u00e9gion m\u00e9diterran\u00e9enne.<\/span><\/h2>\t\t<\/div>\n\t\t\t\t<\/div>\n\t\t\t\t<div class=\"elementor-element elementor-element-9b8dfd1 elementor-align-center elementor-widget elementor-widget-button\" data-id=\"9b8dfd1\" data-element_type=\"widget\" data-widget_type=\"button.default\">\n\t\t\t\t<div class=\"elementor-widget-container\">\n\t\t\t\t\t<div class=\"elementor-button-wrapper\">\n\t\t\t<a href=\"http:\/\/espritg.cluster028.hosting.ovh.net\/index.php\/mediteranean-gin-mil\/\" class=\"elementor-button-link elementor-button elementor-size-sm\" role=\"button\">\n\t\t\t\t\t\t<span class=\"elementor-button-content-wrapper\">\n\t\t\t\t\t\t<span class=\"elementor-button-text\">D\u00e9couvrir<\/span>\n\t\t<\/span>\n\t\t\t\t\t<\/a>\n\t\t<\/div>\n\t\t\t\t<\/div>\n\t\t\t\t<\/div>\n\t\t\t\t\t<\/div>\n\t\t<\/div>\n\t\t\t\t<div class=\"elementor-column elementor-col-25 elementor-top-column elementor-element elementor-element-43275d7b\" data-id=\"43275d7b\" data-element_type=\"column\">\n\t\t\t<div class=\"elementor-widget-wrap\">\n\t\t\t\t\t\t\t\t\t<\/div>\n\t\t<\/div>\n\t\t\t\t<div class=\"elementor-column elementor-col-25 elementor-top-column elementor-element elementor-element-517070a\" data-id=\"517070a\" data-element_type=\"column\">\n\t\t\t<div class=\"elementor-widget-wrap\">\n\t\t\t\t\t\t\t\t\t<\/div>\n\t\t<\/div>\n\t\t\t\t\t\t\t<\/div>\n\t\t<\/section>\n\t\t\t\t\t\t\t<\/div>\n\t\t","protected":false},"excerpt":{"rendered":"<p>\u00a0 VOR GIN BARREL AGED RESERVE Vor Gin est un gin islandais l\u00e9g\u00e8rement fum\u00e9, gr\u00e2ce \u00e0 son proc\u00e9d\u00e9 de fabrication et son vieillissement en f\u00fbt de ch\u00eane. VOR GIN SMALL BATCH Vor Gin est un gin 100% islandais. C\u2019est l\u2019un des gins les plus prestigieux sur le march\u00e9, gr\u00e2ce \u00e0 son proc\u00e9d\u00e9 de fabrication unique &hellip; <\/p>\n<p class=\"link-more\"><a href=\"http:\/\/espritvins.pro\/index.php\/nos-maisons\/produits\/gin\/\" class=\"more-link\">Continuer la lecture<span class=\"screen-reader-text\"> de &laquo;&nbsp;Gin&nbsp;&raquo;<\/span><\/a><\/p>\n","protected":false},"author":1,"featured_media":0,"parent":1194,"menu_order":0,"comment_status":"closed","ping_status":"closed","template":"","meta":[],"_links":{"self":[{"href":"http:\/\/espritvins.pro\/index.php\/wp-json\/wp\/v2\/pages\/1200"}],"collection":[{"href":"http:\/\/espritvins.pro\/index.php\/wp-json\/wp\/v2\/pages"}],"about":[{"href":"http:\/\/espritvins.pro\/index.php\/wp-json\/wp\/v2\/types\/page"}],"author":[{"embeddable":true,"href":"http:\/\/espritvins.pro\/index.php\/wp-json\/wp\/v2\/users\/1"}],"replies":[{"embeddable":true,"href":"http:\/\/espritvins.pro\/index.php\/wp-json\/wp\/v2\/comments?post=1200"}],"version-history":[{"count":29,"href":"http:\/\/espritvins.pro\/index.php\/wp-json\/wp\/v2\/pages\/1200\/revisions"}],"predecessor-version":[{"id":6448,"href":"http:\/\/espritvins.pro\/index.php\/wp-json\/wp\/v2\/pages\/1200\/revisions\/6448"}],"up":[{"embeddable":true,"href":"http:\/\/espritvins.pro\/index.php\/wp-json\/wp\/v2\/pages\/1194"}],"wp:attachment":[{"href":"http:\/\/espritvins.pro\/index.php\/wp-json\/wp\/v2\/media?parent=1200"}],"curies":[{"name":"wp","href":"https:\/\/api.w.org\/{rel}","templated":true}]}}