{"id":1210,"date":"2020-05-14T11:27:15","date_gmt":"2020-05-14T09:27:15","guid":{"rendered":"http:\/\/espritg.cluster028.hosting.ovh.net\/?page_id=1210"},"modified":"2025-09-11T18:09:16","modified_gmt":"2025-09-11T16:09:16","slug":"mil","status":"publish","type":"page","link":"http:\/\/espritvins.pro\/index.php\/nos-maisons\/irlande\/mil\/","title":{"rendered":"Mil"},"content":{"rendered":"\t\t<div data-elementor-type=\"wp-page\" data-elementor-id=\"1210\" class=\"elementor elementor-1210\">\n\t\t\t\t\t\t\t\t\t<section class=\"elementor-section elementor-top-section elementor-element elementor-element-7e7412b elementor-section-boxed elementor-section-height-default elementor-section-height-default\" data-id=\"7e7412b\" data-element_type=\"section\">\n\t\t\t\t\t\t<div class=\"elementor-container elementor-column-gap-default\">\n\t\t\t\t\t<div class=\"elementor-column elementor-col-25 elementor-top-column elementor-element elementor-element-adc4810\" data-id=\"adc4810\" data-element_type=\"column\">\n\t\t\t<div class=\"elementor-widget-wrap\">\n\t\t\t\t\t\t\t\t\t<\/div>\n\t\t<\/div>\n\t\t\t\t<div class=\"elementor-column elementor-col-50 elementor-top-column elementor-element elementor-element-e05548a\" data-id=\"e05548a\" data-element_type=\"column\">\n\t\t\t<div class=\"elementor-widget-wrap elementor-element-populated\">\n\t\t\t\t\t\t\t\t<div class=\"elementor-element elementor-element-1449029 elementor-widget elementor-widget-image\" data-id=\"1449029\" data-element_type=\"widget\" data-widget_type=\"image.default\">\n\t\t\t\t<div class=\"elementor-widget-container\">\n\t\t\t<style>\/*! elementor - v3.7.2 - 21-08-2022 *\/\n.elementor-widget-image{text-align:center}.elementor-widget-image a{display:inline-block}.elementor-widget-image a img[src$=\".svg\"]{width:48px}.elementor-widget-image img{vertical-align:middle;display:inline-block}<\/style>\t\t\t\t\t\t\t\t\t\t\t\t<img width=\"150\" height=\"150\" src=\"http:\/\/espritvins.pro\/wp-content\/uploads\/2020\/05\/445336-AL-MILL-SOCIAL-IMAGERY-02-1920x1920-150x150.png\" class=\"attachment-thumbnail size-thumbnail\" alt=\"\" loading=\"lazy\" srcset=\"http:\/\/espritvins.pro\/wp-content\/uploads\/2020\/05\/445336-AL-MILL-SOCIAL-IMAGERY-02-1920x1920-150x150.png 150w, http:\/\/espritvins.pro\/wp-content\/uploads\/2020\/05\/445336-AL-MILL-SOCIAL-IMAGERY-02-1920x1920-300x300.png 300w, http:\/\/espritvins.pro\/wp-content\/uploads\/2020\/05\/445336-AL-MILL-SOCIAL-IMAGERY-02-1920x1920-768x768.png 768w, http:\/\/espritvins.pro\/wp-content\/uploads\/2020\/05\/445336-AL-MILL-SOCIAL-IMAGERY-02-1920x1920-1024x1024.png 1024w, http:\/\/espritvins.pro\/wp-content\/uploads\/2020\/05\/445336-AL-MILL-SOCIAL-IMAGERY-02-1920x1920-100x100.png 100w, http:\/\/espritvins.pro\/wp-content\/uploads\/2020\/05\/445336-AL-MILL-SOCIAL-IMAGERY-02-1920x1920.png 1920w\" sizes=\"100vw\" \/>\t\t\t\t\t\t\t\t\t\t\t\t\t\t\t<\/div>\n\t\t\t\t<\/div>\n\t\t\t\t\t<\/div>\n\t\t<\/div>\n\t\t\t\t<div class=\"elementor-column elementor-col-25 elementor-top-column elementor-element elementor-element-50a9fcb\" data-id=\"50a9fcb\" data-element_type=\"column\">\n\t\t\t<div class=\"elementor-widget-wrap\">\n\t\t\t\t\t\t\t\t\t<\/div>\n\t\t<\/div>\n\t\t\t\t\t\t\t<\/div>\n\t\t<\/section>\n\t\t\t\t<section class=\"elementor-section elementor-top-section elementor-element elementor-element-120afdfb elementor-section-boxed elementor-section-height-default elementor-section-height-default\" data-id=\"120afdfb\" data-element_type=\"section\">\n\t\t\t\t\t\t<div class=\"elementor-container elementor-column-gap-default\">\n\t\t\t\t\t<div class=\"elementor-column elementor-col-25 elementor-top-column elementor-element elementor-element-2e36dce4\" data-id=\"2e36dce4\" data-element_type=\"column\">\n\t\t\t<div class=\"elementor-widget-wrap elementor-element-populated\">\n\t\t\t\t\t\t\t\t<div class=\"elementor-element elementor-element-3e5487bf elementor-widget elementor-widget-image\" data-id=\"3e5487bf\" data-element_type=\"widget\" data-widget_type=\"image.default\">\n\t\t\t\t<div class=\"elementor-widget-container\">\n\t\t\t\t\t\t\t\t\t\t\t\t\t\t\t<img width=\"132\" height=\"300\" src=\"http:\/\/espritvins.pro\/wp-content\/uploads\/2020\/05\/MIL_GIN_ON_TRASPARENT_MAY_2019_SRGB-132x300.png\" class=\"attachment-medium size-medium\" alt=\"\" loading=\"lazy\" srcset=\"http:\/\/espritvins.pro\/wp-content\/uploads\/2020\/05\/MIL_GIN_ON_TRASPARENT_MAY_2019_SRGB-132x300.png 132w, http:\/\/espritvins.pro\/wp-content\/uploads\/2020\/05\/MIL_GIN_ON_TRASPARENT_MAY_2019_SRGB-768x1746.png 768w, http:\/\/espritvins.pro\/wp-content\/uploads\/2020\/05\/MIL_GIN_ON_TRASPARENT_MAY_2019_SRGB-450x1024.png 450w, http:\/\/espritvins.pro\/wp-content\/uploads\/2020\/05\/MIL_GIN_ON_TRASPARENT_MAY_2019_SRGB-e1591093040667.png 200w\" sizes=\"100vw\" \/>\t\t\t\t\t\t\t\t\t\t\t\t\t\t\t<\/div>\n\t\t\t\t<\/div>\n\t\t\t\t\t<\/div>\n\t\t<\/div>\n\t\t\t\t<div class=\"elementor-column elementor-col-25 elementor-top-column elementor-element elementor-element-b3e3941\" data-id=\"b3e3941\" data-element_type=\"column\">\n\t\t\t<div class=\"elementor-widget-wrap elementor-element-populated\">\n\t\t\t\t\t\t\t\t<div class=\"elementor-element elementor-element-3b00cf3a elementor-widget elementor-widget-heading\" data-id=\"3b00cf3a\" data-element_type=\"widget\" data-widget_type=\"heading.default\">\n\t\t\t\t<div class=\"elementor-widget-container\">\n\t\t\t<style>\/*! elementor - v3.7.2 - 21-08-2022 *\/\n.elementor-heading-title{padding:0;margin:0;line-height:1}.elementor-widget-heading .elementor-heading-title[class*=elementor-size-]>a{color:inherit;font-size:inherit;line-height:inherit}.elementor-widget-heading .elementor-heading-title.elementor-size-small{font-size:15px}.elementor-widget-heading .elementor-heading-title.elementor-size-medium{font-size:19px}.elementor-widget-heading .elementor-heading-title.elementor-size-large{font-size:29px}.elementor-widget-heading .elementor-heading-title.elementor-size-xl{font-size:39px}.elementor-widget-heading .elementor-heading-title.elementor-size-xxl{font-size:59px}<\/style><h2 class=\"elementor-heading-title elementor-size-default\"><br><br>M<span style=\"color: var( --e-global-color-text );\">\u00cd<\/span>L MEDITERRANEAN GIN<br><\/h2>\t\t<\/div>\n\t\t\t\t<\/div>\n\t\t\t\t<div class=\"elementor-element elementor-element-37ab2410 elementor-widget elementor-widget-heading\" data-id=\"37ab2410\" data-element_type=\"widget\" data-widget_type=\"heading.default\">\n\t\t\t\t<div class=\"elementor-widget-container\">\n\t\t\t<h2 class=\"elementor-heading-title elementor-size-default\"><span style=\"font-size: 11px; font-weight: 400; text-align: start; white-space-collapse: collapse;\">Gin irlandais au go\u00fbt d\u2019Espagne, M\u00edl Mediterranean Gin a \u00e9t\u00e9 distill\u00e9 en Irlande avec des plantes issues de la r\u00e9gion m\u00e9diterran\u00e9enne.<\/span><\/h2>\t\t<\/div>\n\t\t\t\t<\/div>\n\t\t\t\t<div class=\"elementor-element elementor-element-153d4d61 elementor-align-center elementor-widget elementor-widget-button\" data-id=\"153d4d61\" data-element_type=\"widget\" data-widget_type=\"button.default\">\n\t\t\t\t<div class=\"elementor-widget-container\">\n\t\t\t\t\t<div class=\"elementor-button-wrapper\">\n\t\t\t<a href=\"http:\/\/espritg.cluster028.hosting.ovh.net\/index.php\/mediteranean-gin-mil\/\" class=\"elementor-button-link elementor-button elementor-size-sm\" role=\"button\">\n\t\t\t\t\t\t<span class=\"elementor-button-content-wrapper\">\n\t\t\t\t\t\t<span class=\"elementor-button-text\">D\u00e9couvrir<\/span>\n\t\t<\/span>\n\t\t\t\t\t<\/a>\n\t\t<\/div>\n\t\t\t\t<\/div>\n\t\t\t\t<\/div>\n\t\t\t\t\t<\/div>\n\t\t<\/div>\n\t\t\t\t<div class=\"elementor-column elementor-col-25 elementor-top-column elementor-element elementor-element-14d47f16\" data-id=\"14d47f16\" data-element_type=\"column\">\n\t\t\t<div class=\"elementor-widget-wrap elementor-element-populated\">\n\t\t\t\t\t\t\t\t<div class=\"elementor-element elementor-element-30f9ed20 elementor-widget elementor-widget-image\" data-id=\"30f9ed20\" data-element_type=\"widget\" data-widget_type=\"image.default\">\n\t\t\t\t<div class=\"elementor-widget-container\">\n\t\t\t\t\t\t\t\t\t\t\t\t\t\t\t<img width=\"119\" height=\"300\" src=\"http:\/\/espritvins.pro\/wp-content\/uploads\/2025\/07\/BOUTEILLE-SITE-5-119x300.jpg\" class=\"attachment-medium size-medium\" alt=\"\" loading=\"lazy\" srcset=\"http:\/\/espritvins.pro\/wp-content\/uploads\/2025\/07\/BOUTEILLE-SITE-5-119x300.jpg 119w, http:\/\/espritvins.pro\/wp-content\/uploads\/2025\/07\/BOUTEILLE-SITE-5-405x1024.jpg 405w, http:\/\/espritvins.pro\/wp-content\/uploads\/2025\/07\/BOUTEILLE-SITE-5.jpg 540w\" sizes=\"100vw\" \/>\t\t\t\t\t\t\t\t\t\t\t\t\t\t\t<\/div>\n\t\t\t\t<\/div>\n\t\t\t\t\t<\/div>\n\t\t<\/div>\n\t\t\t\t<div class=\"elementor-column elementor-col-25 elementor-top-column elementor-element elementor-element-7d4e1d28\" data-id=\"7d4e1d28\" data-element_type=\"column\">\n\t\t\t<div class=\"elementor-widget-wrap elementor-element-populated\">\n\t\t\t\t\t\t\t\t<div class=\"elementor-element elementor-element-c39e292 elementor-widget elementor-widget-heading\" data-id=\"c39e292\" data-element_type=\"widget\" data-widget_type=\"heading.default\">\n\t\t\t\t<div class=\"elementor-widget-container\">\n\t\t\t<h2 class=\"elementor-heading-title elementor-size-default\"><br><br>M\u00cdL VODKA<\/h2>\t\t<\/div>\n\t\t\t\t<\/div>\n\t\t\t\t<div class=\"elementor-element elementor-element-59daf2a9 elementor-widget elementor-widget-heading\" data-id=\"59daf2a9\" data-element_type=\"widget\" data-widget_type=\"heading.default\">\n\t\t\t\t<div class=\"elementor-widget-container\">\n\t\t\t<h2 class=\"elementor-heading-title elementor-size-default\">\u00c9labor\u00e9e \u00e0 partir d\u2019un trio de c\u00e9r\u00e9ales, M\u00edl Vodka r\u00e9v\u00e8le une belle puret\u00e9, une texture velout\u00e9e et une finale tout en pr\u00e9cision.<br data-start=\"1136\" data-end=\"1139\">\nUn spiritueux moderne, inspir\u00e9 de l\u2019h\u00e9ritage celte<\/h2>\t\t<\/div>\n\t\t\t\t<\/div>\n\t\t\t\t<div class=\"elementor-element elementor-element-374bda35 elementor-align-center elementor-widget elementor-widget-button\" data-id=\"374bda35\" data-element_type=\"widget\" data-widget_type=\"button.default\">\n\t\t\t\t<div class=\"elementor-widget-container\">\n\t\t\t\t\t<div class=\"elementor-button-wrapper\">\n\t\t\t<a href=\"http:\/\/espritvins.pro\/index.php\/mil-vodka\/\" class=\"elementor-button-link elementor-button elementor-size-sm\" role=\"button\">\n\t\t\t\t\t\t<span class=\"elementor-button-content-wrapper\">\n\t\t\t\t\t\t<span class=\"elementor-button-text\">D\u00e9couvrir<\/span>\n\t\t<\/span>\n\t\t\t\t\t<\/a>\n\t\t<\/div>\n\t\t\t\t<\/div>\n\t\t\t\t<\/div>\n\t\t\t\t\t<\/div>\n\t\t<\/div>\n\t\t\t\t\t\t\t<\/div>\n\t\t<\/section>\n\t\t\t\t\t\t\t<\/div>\n\t\t","protected":false},"excerpt":{"rendered":"<p>M\u00cdL MEDITERRANEAN GIN Gin irlandais au go\u00fbt d\u2019Espagne, M\u00edl Mediterranean Gin a \u00e9t\u00e9 distill\u00e9 en Irlande avec des plantes issues de la r\u00e9gion m\u00e9diterran\u00e9enne. D\u00e9couvrir M\u00cdL VODKA \u00c9labor\u00e9e \u00e0 partir d\u2019un trio de c\u00e9r\u00e9ales, M\u00edl Vodka r\u00e9v\u00e8le une belle puret\u00e9, une texture velout\u00e9e et une finale tout en pr\u00e9cision. Un spiritueux moderne, inspir\u00e9 de l\u2019h\u00e9ritage &hellip; <\/p>\n<p class=\"link-more\"><a href=\"http:\/\/espritvins.pro\/index.php\/nos-maisons\/irlande\/mil\/\" class=\"more-link\">Continuer la lecture<span class=\"screen-reader-text\"> de &laquo;&nbsp;Mil&nbsp;&raquo;<\/span><\/a><\/p>\n","protected":false},"author":1,"featured_media":2528,"parent":123,"menu_order":0,"comment_status":"closed","ping_status":"closed","template":"","meta":[],"_links":{"self":[{"href":"http:\/\/espritvins.pro\/index.php\/wp-json\/wp\/v2\/pages\/1210"}],"collection":[{"href":"http:\/\/espritvins.pro\/index.php\/wp-json\/wp\/v2\/pages"}],"about":[{"href":"http:\/\/espritvins.pro\/index.php\/wp-json\/wp\/v2\/types\/page"}],"author":[{"embeddable":true,"href":"http:\/\/espritvins.pro\/index.php\/wp-json\/wp\/v2\/users\/1"}],"replies":[{"embeddable":true,"href":"http:\/\/espritvins.pro\/index.php\/wp-json\/wp\/v2\/comments?post=1210"}],"version-history":[{"count":23,"href":"http:\/\/espritvins.pro\/index.php\/wp-json\/wp\/v2\/pages\/1210\/revisions"}],"predecessor-version":[{"id":6623,"href":"http:\/\/espritvins.pro\/index.php\/wp-json\/wp\/v2\/pages\/1210\/revisions\/6623"}],"up":[{"embeddable":true,"href":"http:\/\/espritvins.pro\/index.php\/wp-json\/wp\/v2\/pages\/123"}],"wp:featuredmedia":[{"embeddable":true,"href":"http:\/\/espritvins.pro\/index.php\/wp-json\/wp\/v2\/media\/2528"}],"wp:attachment":[{"href":"http:\/\/espritvins.pro\/index.php\/wp-json\/wp\/v2\/media?parent=1210"}],"curies":[{"name":"wp","href":"https:\/\/api.w.org\/{rel}","templated":true}]}}