{"id":1222,"date":"2020-05-14T11:54:45","date_gmt":"2020-05-14T09:54:45","guid":{"rendered":"http:\/\/espritg.cluster028.hosting.ovh.net\/?page_id=1222"},"modified":"2022-09-28T11:52:19","modified_gmt":"2022-09-28T09:52:19","slug":"oceans","status":"publish","type":"page","link":"http:\/\/espritvins.pro\/index.php\/nos-maisons\/inde\/oceans\/","title":{"rendered":"Ocean&rsquo;s"},"content":{"rendered":"<div class=\"wp-block-image\">\n<figure class=\"aligncenter is-resized\"><img loading=\"lazy\" src=\"http:\/\/espritg.cluster028.hosting.ovh.net\/wp-content\/uploads\/2020\/04\/5.jpg.png\" alt=\"\" class=\"wp-image-303\" width=\"104\" height=\"104\"\/><\/figure><\/div>\n\n\n<div class=\"wp-container-5 wp-block-columns has-4-columns\">\n<div class=\"wp-container-1 wp-block-column\"><div class=\"wp-block-image\">\n<figure class=\"aligncenter is-resized\"><img loading=\"lazy\" src=\"http:\/\/espritg.cluster028.hosting.ovh.net\/wp-content\/uploads\/2020\/05\/ocean0417-437x1024.png\" alt=\"\" class=\"wp-image-1316\" width=\"114\" height=\"266\" srcset=\"http:\/\/espritvins.pro\/wp-content\/uploads\/2020\/05\/ocean0417-437x1024.png 437w, http:\/\/espritvins.pro\/wp-content\/uploads\/2020\/05\/ocean0417-128x300.png 128w, http:\/\/espritvins.pro\/wp-content\/uploads\/2020\/05\/ocean0417-768x1801.png 768w, http:\/\/espritvins.pro\/wp-content\/uploads\/2020\/05\/ocean0417.png 1932w\" sizes=\"(max-width: 114px) 100vw, 114px\" \/><\/figure><\/div>\n\n\n<p style=\"font-size:2px\"><br><\/p>\n<\/div>\n\n\n\n<div class=\"wp-container-2 wp-block-column\">\n<h5 class=\"has-text-align-center\">OCEAN&rsquo;S RUM &#8211; MELLOW<br><\/h5>\n\n\n\n<p style=\"font-size:12px\">Ocean\u2019s Mellow est vieilli entre 7 et 10 ans en f\u00fbts de ch\u00eane blanc. Il offre des ar\u00f4mes vanill\u00e9s, bois\u00e9s et l\u00e9g\u00e8rement \u00e9pic\u00e9s.<br><\/p>\n\n\n\n<div class=\"wp-block-button aligncenter\"><a class=\"wp-block-button__link has-very-dark-gray-color has-text-color has-background\" href=\"http:\/\/espritg.cluster028.hosting.ovh.net\/index.php\/mellow\/\" style=\"background-color:#e7cab0\">D\u00e9couvrir<\/a><\/div>\n<\/div>\n\n\n\n<div class=\"wp-container-3 wp-block-column\"><div class=\"wp-block-image\">\n<figure class=\"aligncenter is-resized\"><img loading=\"lazy\" src=\"http:\/\/espritg.cluster028.hosting.ovh.net\/wp-content\/uploads\/2020\/05\/ocean_0419-445x1024.png\" alt=\"\" class=\"wp-image-1318\" width=\"116\" height=\"267\"\/><\/figure><\/div><\/div>\n\n\n\n<div class=\"wp-container-4 wp-block-column\">\n<h5 class=\"has-text-align-center\">OCEAN&rsquo;S RUM &#8211; TASTY<\/h5>\n\n\n\n<p style=\"font-size:12px\">Ocean\u2019s Tasty est vieilli entre 7 et 8 ans en f\u00fbts de ch\u00eane.<br><br><br><\/p>\n\n\n\n<div class=\"wp-block-button aligncenter\"><a class=\"wp-block-button__link has-very-dark-gray-color has-text-color has-background\" href=\"http:\/\/espritg.cluster028.hosting.ovh.net\/index.php\/tasty\/\" style=\"background-color:#e7cab0\">D\u00e9couvrir<br><\/a><\/div>\n<\/div>\n<\/div>\n\n\n\n<div class=\"wp-container-10 wp-block-columns has-4-columns\">\n<div class=\"wp-container-6 wp-block-column\"><div class=\"wp-block-image\">\n<figure class=\"aligncenter is-resized\"><img loading=\"lazy\" src=\"http:\/\/espritg.cluster028.hosting.ovh.net\/wp-content\/uploads\/2020\/05\/oceans0413-459x1024.png\" alt=\"\" class=\"wp-image-1317\" width=\"126\" height=\"280\"\/><\/figure><\/div>\n\n\n<p style=\"font-size:2px\"><br><\/p>\n<\/div>\n\n\n\n<div class=\"wp-container-7 wp-block-column\">\n<h5 class=\"has-text-align-center\">OCEAN&rsquo;S RUM<br>&#8211; DEEP<br><\/h5>\n\n\n\n<p style=\"font-size:12px\">Ocean\u2019s Deep offre des notes d\u2019\u00e9pices, de caramel et un l\u00e9ger bois\u00e9. Ce rhum est vieilli pendant 7 ans en f\u00fbts de ch\u00eane.<br><\/p>\n\n\n\n<div class=\"wp-block-button aligncenter\"><a class=\"wp-block-button__link has-very-dark-gray-color has-text-color has-background\" href=\"http:\/\/espritvins.pro\/index.php\/deep\/\" style=\"background-color:#e7cab0\">D\u00e9couvrir<\/a><\/div>\n<\/div>\n\n\n\n<div class=\"wp-container-8 wp-block-column\">\n<p><\/p>\n<\/div>\n\n\n\n<div class=\"wp-container-9 wp-block-column\"><\/div>\n<\/div>\n","protected":false},"excerpt":{"rendered":"<p>OCEAN&rsquo;S RUM &#8211; MELLOW Ocean\u2019s Mellow est vieilli entre 7 et 10 ans en f\u00fbts de ch\u00eane blanc. Il offre des ar\u00f4mes vanill\u00e9s, bois\u00e9s et l\u00e9g\u00e8rement \u00e9pic\u00e9s. OCEAN&rsquo;S RUM &#8211; TASTY Ocean\u2019s Tasty est vieilli entre 7 et 8 ans en f\u00fbts de ch\u00eane. OCEAN&rsquo;S RUM&#8211; DEEP Ocean\u2019s Deep offre des notes d\u2019\u00e9pices, de caramel &hellip; <\/p>\n<p class=\"link-more\"><a href=\"http:\/\/espritvins.pro\/index.php\/nos-maisons\/inde\/oceans\/\" class=\"more-link\">Continuer la lecture<span class=\"screen-reader-text\"> de &laquo;&nbsp;Ocean&rsquo;s&nbsp;&raquo;<\/span><\/a><\/p>\n","protected":false},"author":1,"featured_media":2526,"parent":121,"menu_order":0,"comment_status":"closed","ping_status":"closed","template":"","meta":[],"_links":{"self":[{"href":"http:\/\/espritvins.pro\/index.php\/wp-json\/wp\/v2\/pages\/1222"}],"collection":[{"href":"http:\/\/espritvins.pro\/index.php\/wp-json\/wp\/v2\/pages"}],"about":[{"href":"http:\/\/espritvins.pro\/index.php\/wp-json\/wp\/v2\/types\/page"}],"author":[{"embeddable":true,"href":"http:\/\/espritvins.pro\/index.php\/wp-json\/wp\/v2\/users\/1"}],"replies":[{"embeddable":true,"href":"http:\/\/espritvins.pro\/index.php\/wp-json\/wp\/v2\/comments?post=1222"}],"version-history":[{"count":20,"href":"http:\/\/espritvins.pro\/index.php\/wp-json\/wp\/v2\/pages\/1222\/revisions"}],"predecessor-version":[{"id":5850,"href":"http:\/\/espritvins.pro\/index.php\/wp-json\/wp\/v2\/pages\/1222\/revisions\/5850"}],"up":[{"embeddable":true,"href":"http:\/\/espritvins.pro\/index.php\/wp-json\/wp\/v2\/pages\/121"}],"wp:featuredmedia":[{"embeddable":true,"href":"http:\/\/espritvins.pro\/index.php\/wp-json\/wp\/v2\/media\/2526"}],"wp:attachment":[{"href":"http:\/\/espritvins.pro\/index.php\/wp-json\/wp\/v2\/media?parent=1222"}],"curies":[{"name":"wp","href":"https:\/\/api.w.org\/{rel}","templated":true}]}}