{"id":1228,"date":"2020-05-14T12:02:19","date_gmt":"2020-05-14T10:02:19","guid":{"rendered":"http:\/\/espritg.cluster028.hosting.ovh.net\/?page_id=1228"},"modified":"2025-09-11T18:09:55","modified_gmt":"2025-09-11T16:09:55","slug":"pearse","status":"publish","type":"page","link":"http:\/\/espritvins.pro\/index.php\/nos-maisons\/irlande\/pearse\/","title":{"rendered":"Pearse"},"content":{"rendered":"<div class=\"wp-block-image\">\n<figure class=\"aligncenter is-resized\"><img loading=\"lazy\" src=\"http:\/\/espritg.cluster028.hosting.ovh.net\/wp-content\/uploads\/2020\/04\/648930-1024x1024.png\" alt=\"\" class=\"wp-image-327\" width=\"91\" height=\"91\"\/><\/figure><\/div>\n\n\n<div class=\"wp-container-5 wp-block-columns has-4-columns\">\n<div class=\"wp-container-1 wp-block-column\"><div class=\"wp-block-image\">\n<figure class=\"aligncenter is-resized\"><img loading=\"lazy\" src=\"http:\/\/espritg.cluster028.hosting.ovh.net\/wp-content\/uploads\/2020\/05\/Pearse-5-YO-Trans-353x1024.png\" alt=\"\" class=\"wp-image-1088\" width=\"94\" height=\"272\"\/><\/figure><\/div>\n\n\n<p style=\"font-size:2px\"><br><\/p>\n<\/div>\n\n\n\n<div class=\"wp-container-2 wp-block-column\">\n<h5 class=\"has-text-align-center\">PEARSE ORIGINAL <br>5 ANS<br><\/h5>\n\n\n\n<p class=\"has-text-align-center\" style=\"font-size:11px\">Pearse Original est un Irish Whiskey assembl\u00e9 \u00e0 base de whiskeys de malt et de grain de 5 ans d\u2019\u00e2ge minimum.<\/p>\n\n\n\n<div class=\"wp-block-button aligncenter\"><a class=\"wp-block-button__link has-very-dark-gray-color has-text-color has-background\" href=\"http:\/\/espritg.cluster028.hosting.ovh.net\/index.php\/pearse-original-5-ans\/\" style=\"background-color:#e7cab0\">D\u00e9couvrir<\/a><\/div>\n<\/div>\n\n\n\n<div class=\"wp-container-3 wp-block-column\"><div class=\"wp-block-image\">\n<figure class=\"aligncenter is-resized\"><img loading=\"lazy\" src=\"http:\/\/espritg.cluster028.hosting.ovh.net\/wp-content\/uploads\/2020\/05\/Pearse-7-YO-Trans-346x1024.png\" alt=\"\" class=\"wp-image-1089\" width=\"91\" height=\"271\"\/><\/figure><\/div><\/div>\n\n\n\n<div class=\"wp-container-4 wp-block-column\">\n<h5 class=\"has-text-align-center\">PEARSE DISTILLERS CHOICE 7 ANS<\/h5>\n\n\n\n<p class=\"has-text-align-center\" style=\"font-size:11px\">Blended Irish Whiskey issu d\u2019un assemblage de whiskeys de malt et de grain de 7 ans d\u2019\u00e2ge, \u00e9lev\u00e9 en ex-f\u00fbts de Bourbon et de Sherry.<\/p>\n\n\n\n<div class=\"wp-block-button aligncenter\"><a class=\"wp-block-button__link has-very-dark-gray-color has-text-color has-background\" href=\"http:\/\/espritg.cluster028.hosting.ovh.net\/index.php\/pearse-distillers-choice-7-ans\/\" style=\"background-color:#e7cab0\">D\u00e9couvrir<br><\/a><\/div>\n<\/div>\n<\/div>\n\n\n\n<div class=\"wp-container-10 wp-block-columns has-4-columns\">\n<div class=\"wp-container-6 wp-block-column\"><div class=\"wp-block-image\">\n<figure class=\"aligncenter is-resized\"><img loading=\"lazy\" src=\"http:\/\/espritg.cluster028.hosting.ovh.net\/wp-content\/uploads\/2020\/05\/Pearse-12-YO-Trans-324x1024.png\" alt=\"\" class=\"wp-image-1090\" width=\"93\" height=\"295\"\/><\/figure><\/div>\n\n\n<p style=\"font-size:2px\"><br><\/p>\n<\/div>\n\n\n\n<div class=\"wp-container-7 wp-block-column\">\n<h5 class=\"has-text-align-center\">PEARSE FOUNDERS CHOICE 12 ANS<br><\/h5>\n\n\n\n<p class=\"has-text-align-center\" style=\"font-size:11px\">Pearse Founder\u2019s Choice est le premier single malt de la gamme. Il provient de la s\u00e9lection personnelle du Dr Pearse Lyons, fondateur de la distillerie.<\/p>\n\n\n\n<div class=\"wp-block-button aligncenter\"><a class=\"wp-block-button__link has-very-dark-gray-color has-text-color has-background\" href=\"http:\/\/espritg.cluster028.hosting.ovh.net\/index.php\/pearse-founders-choice-12-ans\/\" style=\"background-color:#e7cab0\">D\u00e9couvrir<\/a><\/div>\n<\/div>\n\n\n\n<div class=\"wp-container-8 wp-block-column\"><\/div>\n\n\n\n<div class=\"wp-container-9 wp-block-column\"><\/div>\n<\/div>\n","protected":false},"excerpt":{"rendered":"<p>PEARSE ORIGINAL 5 ANS Pearse Original est un Irish Whiskey assembl\u00e9 \u00e0 base de whiskeys de malt et de grain de 5 ans d\u2019\u00e2ge minimum. PEARSE DISTILLERS CHOICE 7 ANS Blended Irish Whiskey issu d\u2019un assemblage de whiskeys de malt et de grain de 7 ans d\u2019\u00e2ge, \u00e9lev\u00e9 en ex-f\u00fbts de Bourbon et de Sherry. &hellip; <\/p>\n<p class=\"link-more\"><a href=\"http:\/\/espritvins.pro\/index.php\/nos-maisons\/irlande\/pearse\/\" class=\"more-link\">Continuer la lecture<span class=\"screen-reader-text\"> de &laquo;&nbsp;Pearse&nbsp;&raquo;<\/span><\/a><\/p>\n","protected":false},"author":1,"featured_media":2508,"parent":123,"menu_order":0,"comment_status":"closed","ping_status":"closed","template":"","meta":[],"_links":{"self":[{"href":"http:\/\/espritvins.pro\/index.php\/wp-json\/wp\/v2\/pages\/1228"}],"collection":[{"href":"http:\/\/espritvins.pro\/index.php\/wp-json\/wp\/v2\/pages"}],"about":[{"href":"http:\/\/espritvins.pro\/index.php\/wp-json\/wp\/v2\/types\/page"}],"author":[{"embeddable":true,"href":"http:\/\/espritvins.pro\/index.php\/wp-json\/wp\/v2\/users\/1"}],"replies":[{"embeddable":true,"href":"http:\/\/espritvins.pro\/index.php\/wp-json\/wp\/v2\/comments?post=1228"}],"version-history":[{"count":6,"href":"http:\/\/espritvins.pro\/index.php\/wp-json\/wp\/v2\/pages\/1228\/revisions"}],"predecessor-version":[{"id":6624,"href":"http:\/\/espritvins.pro\/index.php\/wp-json\/wp\/v2\/pages\/1228\/revisions\/6624"}],"up":[{"embeddable":true,"href":"http:\/\/espritvins.pro\/index.php\/wp-json\/wp\/v2\/pages\/123"}],"wp:featuredmedia":[{"embeddable":true,"href":"http:\/\/espritvins.pro\/index.php\/wp-json\/wp\/v2\/media\/2508"}],"wp:attachment":[{"href":"http:\/\/espritvins.pro\/index.php\/wp-json\/wp\/v2\/media?parent=1228"}],"curies":[{"name":"wp","href":"https:\/\/api.w.org\/{rel}","templated":true}]}}