{"id":1230,"date":"2020-05-14T12:02:39","date_gmt":"2020-05-14T10:02:39","guid":{"rendered":"http:\/\/espritg.cluster028.hosting.ovh.net\/?page_id=1230"},"modified":"2025-09-11T18:08:24","modified_gmt":"2025-09-11T16:08:24","slug":"hapenny","status":"publish","type":"page","link":"http:\/\/espritvins.pro\/index.php\/nos-maisons\/irlande\/hapenny\/","title":{"rendered":"Ha&rsquo;Penny"},"content":{"rendered":"\t\t<div data-elementor-type=\"wp-page\" data-elementor-id=\"1230\" class=\"elementor elementor-1230\">\n\t\t\t\t\t\t\t\t\t<section class=\"elementor-section elementor-top-section elementor-element elementor-element-16483c14 elementor-section-boxed elementor-section-height-default elementor-section-height-default\" data-id=\"16483c14\" data-element_type=\"section\">\n\t\t\t\t\t\t<div class=\"elementor-container elementor-column-gap-default\">\n\t\t\t\t\t<div class=\"elementor-column elementor-col-100 elementor-top-column elementor-element elementor-element-1f361949\" data-id=\"1f361949\" data-element_type=\"column\">\n\t\t\t<div class=\"elementor-widget-wrap elementor-element-populated\">\n\t\t\t\t\t\t\t\t<div class=\"elementor-element elementor-element-5e12c97a elementor-widget elementor-widget-text-editor\" data-id=\"5e12c97a\" data-element_type=\"widget\" data-widget_type=\"text-editor.default\">\n\t\t\t\t<div class=\"elementor-widget-container\">\n\t\t\t<style>\/*! elementor - v3.7.2 - 21-08-2022 *\/\n.elementor-widget-text-editor.elementor-drop-cap-view-stacked .elementor-drop-cap{background-color:#818a91;color:#fff}.elementor-widget-text-editor.elementor-drop-cap-view-framed .elementor-drop-cap{color:#818a91;border:3px solid;background-color:transparent}.elementor-widget-text-editor:not(.elementor-drop-cap-view-default) .elementor-drop-cap{margin-top:8px}.elementor-widget-text-editor:not(.elementor-drop-cap-view-default) .elementor-drop-cap-letter{width:1em;height:1em}.elementor-widget-text-editor .elementor-drop-cap{float:left;text-align:center;line-height:1;font-size:50px}.elementor-widget-text-editor .elementor-drop-cap-letter{display:inline-block}<\/style>\t\t\t\t<!-- wp:image {\"id\":1327,\"align\":\"center\",\"width\":97,\"height\":92} -->\n<div class=\"wp-block-image\">\n<figure class=\"aligncenter is-resized\"><img loading=\"lazy\" class=\"wp-image-1327\" src=\"http:\/\/espritg.cluster028.hosting.ovh.net\/wp-content\/uploads\/2020\/05\/ha.png\" alt=\"\" width=\"97\" height=\"92\" srcset=\"http:\/\/espritvins.pro\/wp-content\/uploads\/2020\/05\/ha.png 883w, http:\/\/espritvins.pro\/wp-content\/uploads\/2020\/05\/ha-300x285.png 300w, http:\/\/espritvins.pro\/wp-content\/uploads\/2020\/05\/ha-768x730.png 768w\" sizes=\"(max-width: 97px) 100vw, 97px\" \/><\/figure>\n<\/div>\n<!-- \/wp:image --><!-- wp:columns {\"columns\":4} -->\n<div class=\"wp-block-columns has-4-columns\"><!-- wp:column -->\n<div class=\"wp-block-column\"><!-- wp:image {\"id\":1083,\"align\":\"center\",\"width\":142,\"height\":333} -->\n<div class=\"wp-block-image\">\n<figure class=\"aligncenter is-resized\"><img loading=\"lazy\" class=\"wp-image-1083\" src=\"http:\/\/espritg.cluster028.hosting.ovh.net\/wp-content\/uploads\/2020\/05\/Hapenny-Dublin-Dry-Gin_rgb-434x1024.png\" alt=\"\" width=\"142\" height=\"333\" \/><\/figure>\n<\/div>\n<!-- \/wp:image --><!-- wp:paragraph {\"customFontSize\":2} -->\n<p style=\"font-size: 2px;\">\u00a0<\/p>\n<!-- \/wp:paragraph --><\/div>\n<!-- \/wp:column --><!-- wp:column -->\n<div class=\"wp-block-column\"><!-- wp:heading {\"level\":5,\"align\":\"center\"} -->\n<h5 style=\"text-align: center;\">HA&rsquo;PENNY DUBLIN <br \/>DRY GIN<\/h5>\n<!-- \/wp:heading --><!-- wp:paragraph {\"customFontSize\":11} -->\n<p style=\"font-size: 11px; text-align: center;\">Distill\u00e9 avec 13 plantes aromatiques rigoureusement s\u00e9lectionn\u00e9es. Ha\u2019penny Dublin Dry Gin est le gin classique de la gamme.<\/p>\n<!-- \/wp:paragraph --><!-- wp:button {\"textColor\":\"very-dark-gray\",\"customBackgroundColor\":\"#e7cab0\",\"align\":\"center\",\"className\":\"is-style-squared\"} -->\n<div class=\"wp-block-button aligncenter is-style-squared\"><a class=\"wp-block-button__link has-text-color has-very-dark-gray-color has-background\" style=\"background-color: #e7cab0;\" href=\"http:\/\/espritg.cluster028.hosting.ovh.net\/index.php\/hapenny-dublin-dry-gin\/\">D\u00e9couvrir<\/a><\/div>\n<!-- \/wp:button --><\/div>\n<!-- \/wp:column --><!-- wp:column -->\n<div class=\"wp-block-column\"><!-- wp:image {\"id\":1085,\"align\":\"center\",\"width\":96,\"height\":333} -->\n<div class=\"wp-block-image\">\n<figure class=\"aligncenter is-resized\"><img loading=\"lazy\" class=\"wp-image-1085\" src=\"http:\/\/espritg.cluster028.hosting.ovh.net\/wp-content\/uploads\/2020\/05\/HAPPENNY-RHUBARB-TRANS-297x1024.png\" alt=\"\" width=\"96\" height=\"333\" \/><\/figure>\n<\/div>\n<!-- \/wp:image --><\/div>\n<!-- \/wp:column --><!-- wp:column -->\n<div class=\"wp-block-column\"><!-- wp:heading {\"level\":5,\"align\":\"center\"} -->\n<h5 style=\"text-align: center;\">HA&rsquo;PENNY RHUBARB GIN<\/h5>\n<!-- \/wp:heading --><!-- wp:paragraph {\"customFontSize\":11} -->\n<p style=\"font-size: 11px; text-align: center;\">Le Ha\u2019penny Rhubarb Gin est un gin distill\u00e9 avec 13 plantes aromatiques rigoureusement s\u00e9lectionn\u00e9es ainsi que de la rhubarbe, ce qui lui donne sa couleur rose.<\/p>\n<!-- \/wp:paragraph --><!-- wp:button {\"textColor\":\"very-dark-gray\",\"customBackgroundColor\":\"#e7cab0\",\"align\":\"center\",\"className\":\"is-style-squared\"} -->\n<div class=\"wp-block-button aligncenter is-style-squared\"><a class=\"wp-block-button__link has-text-color has-very-dark-gray-color has-background\" style=\"background-color: #e7cab0;\" href=\"http:\/\/espritg.cluster028.hosting.ovh.net\/index.php\/hapenny-rhubarb-gin\/\">D\u00e9couvrir<br \/><\/a><\/div>\n<!-- \/wp:button --><\/div>\n<!-- \/wp:column --><\/div>\n<!-- \/wp:columns --><!-- wp:columns {\"columns\":4} -->\n<div class=\"wp-block-columns has-4-columns\"><!-- wp:column -->\n<div class=\"wp-block-column\"><!-- wp:image {\"id\":1095,\"align\":\"center\",\"width\":109,\"height\":350} -->\n<div class=\"wp-block-image\">\n<figure class=\"aligncenter is-resized\"><img loading=\"lazy\" class=\"wp-image-1095\" src=\"http:\/\/espritg.cluster028.hosting.ovh.net\/wp-content\/uploads\/2020\/05\/HAPENNY-ORIGINAL-TRANS-318x1024.png\" alt=\"\" width=\"109\" height=\"350\" \/><\/figure>\n<\/div>\n<!-- \/wp:image --><!-- wp:paragraph {\"customFontSize\":2} -->\n<p style=\"font-size: 2px;\">\u00a0<\/p>\n<!-- \/wp:paragraph --><\/div>\n<!-- \/wp:column --><!-- wp:column -->\n<div class=\"wp-block-column\"><!-- wp:heading {\"level\":5,\"align\":\"center\"} -->\n<h5 style=\"text-align: center;\">HA&rsquo;PENNY ORIGINAL BLEND<\/h5>\n<!-- \/wp:heading --><!-- wp:paragraph {\"customFontSize\":11} -->\n<p style=\"font-size: 11px; text-align: center;\">Ha\u2019penny Original est un blend original et atypique : l\u2019assemblage de ma\u00efs et de bl\u00e9 constituant la partie\u00a0<em>grain<\/em>\u00a0de ce whiskey est tr\u00e8s peu courant en Irlande.<\/p>\n<!-- \/wp:paragraph --><!-- wp:button {\"textColor\":\"very-dark-gray\",\"customBackgroundColor\":\"#e7cab0\",\"align\":\"center\",\"className\":\"is-style-squared\"} -->\n<div class=\"wp-block-button aligncenter is-style-squared\"><a class=\"wp-block-button__link has-text-color has-very-dark-gray-color has-background\" style=\"background-color: #e7cab0;\" href=\"http:\/\/espritg.cluster028.hosting.ovh.net\/index.php\/hapenny-original-blend\/\">D\u00e9couvrir<\/a><\/div>\n<!-- \/wp:button --><\/div>\n<!-- \/wp:column --><!-- wp:column -->\n<div class=\"wp-block-column\"><!-- wp:image {\"id\":1084,\"align\":\"center\",\"width\":106,\"height\":355} -->\n<div class=\"wp-block-image\">\n<figure class=\"aligncenter is-resized\"><img loading=\"lazy\" class=\"wp-image-1084\" src=\"http:\/\/espritg.cluster028.hosting.ovh.net\/wp-content\/uploads\/2020\/05\/HAPENNY-FOUR-CASK-TRANS-1-305x1024.png\" alt=\"\" width=\"106\" height=\"355\" \/><\/figure>\n<\/div>\n<!-- \/wp:image --><\/div>\n<!-- \/wp:column --><!-- wp:column -->\n<div class=\"wp-block-column\"><!-- wp:heading {\"level\":5,\"align\":\"center\"} -->\n<h5 style=\"text-align: center;\">HA\u2019PENNY<br \/>FOUR CASK<\/h5>\n<!-- \/wp:heading --><!-- wp:paragraph {\"customFontSize\":11} -->\n<p style=\"font-size: 11px; text-align: center;\">Le Ha\u2019penny Four Cask est un blended irish whiskey \u00e9labor\u00e9 \u00e0 partir de 4 f\u00fbts diff\u00e9rents : Porto, Bourbon, Sherry et un f\u00fbt double chauffe.<\/p>\n<!-- \/wp:paragraph --><!-- wp:button {\"textColor\":\"very-dark-gray\",\"customBackgroundColor\":\"#e7cab0\",\"align\":\"center\",\"className\":\"is-style-squared\"} -->\n<div class=\"wp-block-button aligncenter is-style-squared\"><a class=\"wp-block-button__link has-text-color has-very-dark-gray-color has-background\" style=\"background-color: #e7cab0;\" href=\"http:\/\/espritg.cluster028.hosting.ovh.net\/index.php\/hapenny-four-cask\/\">D\u00e9couvrir<br \/><\/a><\/div>\n<!-- \/wp:button --><\/div>\n<!-- \/wp:column --><\/div>\n<!-- \/wp:columns -->\t\t\t\t\t\t<\/div>\n\t\t\t\t<\/div>\n\t\t\t\t\t<\/div>\n\t\t<\/div>\n\t\t\t\t\t\t\t<\/div>\n\t\t<\/section>\n\t\t\t\t\t\t\t<\/div>\n\t\t","protected":false},"excerpt":{"rendered":"<p>\u00a0 HA&rsquo;PENNY DUBLIN DRY GIN Distill\u00e9 avec 13 plantes aromatiques rigoureusement s\u00e9lectionn\u00e9es. Ha\u2019penny Dublin Dry Gin est le gin classique de la gamme. HA&rsquo;PENNY RHUBARB GIN Le Ha\u2019penny Rhubarb Gin est un gin distill\u00e9 avec 13 plantes aromatiques rigoureusement s\u00e9lectionn\u00e9es ainsi que de la rhubarbe, ce qui lui donne sa couleur rose. \u00a0 HA&rsquo;PENNY ORIGINAL &hellip; <\/p>\n<p class=\"link-more\"><a href=\"http:\/\/espritvins.pro\/index.php\/nos-maisons\/irlande\/hapenny\/\" class=\"more-link\">Continuer la lecture<span class=\"screen-reader-text\"> de &laquo;&nbsp;Ha&rsquo;Penny&nbsp;&raquo;<\/span><\/a><\/p>\n","protected":false},"author":1,"featured_media":2527,"parent":123,"menu_order":0,"comment_status":"closed","ping_status":"closed","template":"","meta":[],"_links":{"self":[{"href":"http:\/\/espritvins.pro\/index.php\/wp-json\/wp\/v2\/pages\/1230"}],"collection":[{"href":"http:\/\/espritvins.pro\/index.php\/wp-json\/wp\/v2\/pages"}],"about":[{"href":"http:\/\/espritvins.pro\/index.php\/wp-json\/wp\/v2\/types\/page"}],"author":[{"embeddable":true,"href":"http:\/\/espritvins.pro\/index.php\/wp-json\/wp\/v2\/users\/1"}],"replies":[{"embeddable":true,"href":"http:\/\/espritvins.pro\/index.php\/wp-json\/wp\/v2\/comments?post=1230"}],"version-history":[{"count":13,"href":"http:\/\/espritvins.pro\/index.php\/wp-json\/wp\/v2\/pages\/1230\/revisions"}],"predecessor-version":[{"id":6620,"href":"http:\/\/espritvins.pro\/index.php\/wp-json\/wp\/v2\/pages\/1230\/revisions\/6620"}],"up":[{"embeddable":true,"href":"http:\/\/espritvins.pro\/index.php\/wp-json\/wp\/v2\/pages\/123"}],"wp:featuredmedia":[{"embeddable":true,"href":"http:\/\/espritvins.pro\/index.php\/wp-json\/wp\/v2\/media\/2527"}],"wp:attachment":[{"href":"http:\/\/espritvins.pro\/index.php\/wp-json\/wp\/v2\/media?parent=1230"}],"curies":[{"name":"wp","href":"https:\/\/api.w.org\/{rel}","templated":true}]}}