{"id":19,"date":"2020-04-27T17:22:15","date_gmt":"2020-04-27T15:22:15","guid":{"rendered":"http:\/\/espritg.cluster028.hosting.ovh.net\/?page_id=19"},"modified":"2025-09-11T18:54:41","modified_gmt":"2025-09-11T16:54:41","slug":"contact","status":"publish","type":"page","link":"http:\/\/espritvins.pro\/index.php\/contact\/","title":{"rendered":"Contact"},"content":{"rendered":"\n<div class=\"wp-container-3 wp-block-columns has-2-columns\">\n<div class=\"wp-container-1 wp-block-column\">\n<div style=\"height:35px\" aria-hidden=\"true\" class=\"wp-block-spacer\"><\/div>\n\n\n<h3 class=\"fonts-plugin-block \" style=\"font-family: Dancing Script;font-weight: normal;text-align: center\">Esprit vins &#8211; R\u00e9v\u00e9lateur de spiritueux <\/h3>\n\n\n<p class=\"has-very-light-gray-background-color has-background\" style=\"font-size:18px\">Pour tous renseignements, vous pouvez me contacter par t\u00e9l\u00e9phone ou par mail. <br><br>Je serais ravis de r\u00e9pondre \u00e0 vos questions, fid\u00e8le \u00e0 mon r\u00f4le de \u00abr\u00e9v\u00e9lateur de spiritueux\u00bb.<\/p>\n\n\n<div class=\"wp-block-image\">\n<figure class=\"aligncenter is-resized\"><img loading=\"lazy\" src=\"http:\/\/espritg.cluster028.hosting.ovh.net\/wp-content\/uploads\/2020\/05\/NOuveau-Logo-2020-fond-transparent.png\" alt=\"\" class=\"wp-image-2305\" width=\"91\" height=\"73\" srcset=\"http:\/\/espritvins.pro\/wp-content\/uploads\/2020\/05\/NOuveau-Logo-2020-fond-transparent.png 325w, http:\/\/espritvins.pro\/wp-content\/uploads\/2020\/05\/NOuveau-Logo-2020-fond-transparent-300x242.png 300w\" sizes=\"(max-width: 91px) 100vw, 91px\" \/><\/figure><\/div><\/div>\n\n\n\n<div class=\"wp-container-2 wp-block-column\">\n<div class=\"wp-block-cover is-light has-parallax\" style=\"background-image:url(http:\/\/espritg.cluster028.hosting.ovh.net\/wp-content\/uploads\/2020\/07\/josh-applegate-pOnv-2Xwkrc-unsplash.jpg)\"><span aria-hidden=\"true\" class=\"wp-block-cover__background has-background-dim\"><\/span><div class=\"wp-block-cover__inner-container\">\n<p><\/p>\n\n\n\n<p class=\"has-text-align-center has-white-color has-text-color has-large-font-size\">T\u00e9l\u00e9phone : <br>07 69 35 36 56<br>&#8211;<br>Mail : <a href=\"mailto:l.bazin@espritvins.fr\">l.bazin@espritvins.fr<\/a><\/p>\n<\/div><\/div>\n<\/div>\n<\/div>\n","protected":false},"excerpt":{"rendered":"<p>Pour tous renseignements, vous pouvez me contacter par t\u00e9l\u00e9phone ou par mail. Je serais ravis de r\u00e9pondre \u00e0 vos questions, fid\u00e8le \u00e0 mon r\u00f4le de \u00abr\u00e9v\u00e9lateur de spiritueux\u00bb.<\/p>\n","protected":false},"author":1,"featured_media":0,"parent":0,"menu_order":0,"comment_status":"closed","ping_status":"closed","template":"","meta":[],"_links":{"self":[{"href":"http:\/\/espritvins.pro\/index.php\/wp-json\/wp\/v2\/pages\/19"}],"collection":[{"href":"http:\/\/espritvins.pro\/index.php\/wp-json\/wp\/v2\/pages"}],"about":[{"href":"http:\/\/espritvins.pro\/index.php\/wp-json\/wp\/v2\/types\/page"}],"author":[{"embeddable":true,"href":"http:\/\/espritvins.pro\/index.php\/wp-json\/wp\/v2\/users\/1"}],"replies":[{"embeddable":true,"href":"http:\/\/espritvins.pro\/index.php\/wp-json\/wp\/v2\/comments?post=19"}],"version-history":[{"count":94,"href":"http:\/\/espritvins.pro\/index.php\/wp-json\/wp\/v2\/pages\/19\/revisions"}],"predecessor-version":[{"id":6647,"href":"http:\/\/espritvins.pro\/index.php\/wp-json\/wp\/v2\/pages\/19\/revisions\/6647"}],"wp:attachment":[{"href":"http:\/\/espritvins.pro\/index.php\/wp-json\/wp\/v2\/media?parent=19"}],"curies":[{"name":"wp","href":"https:\/\/api.w.org\/{rel}","templated":true}]}}