{"id":42,"date":"2020-04-28T10:52:18","date_gmt":"2020-04-28T08:52:18","guid":{"rendered":"http:\/\/espritg.cluster028.hosting.ovh.net\/?page_id=42"},"modified":"2025-09-11T18:49:11","modified_gmt":"2025-09-11T16:49:11","slug":"nos-maisons","status":"publish","type":"page","link":"http:\/\/espritvins.pro\/index.php\/nos-maisons\/","title":{"rendered":"Nos maisons"},"content":{"rendered":"\t\t<div data-elementor-type=\"wp-page\" data-elementor-id=\"42\" class=\"elementor elementor-42\">\n\t\t\t\t\t\t\t\t\t<section class=\"elementor-section elementor-top-section elementor-element elementor-element-fdcd165 elementor-section-boxed elementor-section-height-default elementor-section-height-default\" data-id=\"fdcd165\" data-element_type=\"section\">\n\t\t\t\t\t\t<div class=\"elementor-container elementor-column-gap-default\">\n\t\t\t\t\t<div class=\"elementor-column elementor-col-33 elementor-top-column elementor-element elementor-element-39f6978\" data-id=\"39f6978\" data-element_type=\"column\">\n\t\t\t<div class=\"elementor-widget-wrap elementor-element-populated\">\n\t\t\t\t\t\t\t\t<div class=\"elementor-element elementor-element-fa3bd41 elementor-widget elementor-widget-image\" data-id=\"fa3bd41\" data-element_type=\"widget\" data-widget_type=\"image.default\">\n\t\t\t\t<div class=\"elementor-widget-container\">\n\t\t\t<style>\/*! elementor - v3.7.2 - 21-08-2022 *\/\n.elementor-widget-image{text-align:center}.elementor-widget-image a{display:inline-block}.elementor-widget-image a img[src$=\".svg\"]{width:48px}.elementor-widget-image img{vertical-align:middle;display:inline-block}<\/style>\t\t\t\t\t\t\t\t\t\t\t\t<img width=\"280\" height=\"224\" src=\"http:\/\/espritvins.pro\/wp-content\/uploads\/2020\/04\/profile_picture-111849-1897154592-4.jpg\" class=\"attachment-full size-full\" alt=\"\" loading=\"lazy\" sizes=\"100vw\" \/>\t\t\t\t\t\t\t\t\t\t\t\t\t\t\t<\/div>\n\t\t\t\t<\/div>\n\t\t\t\t\t<\/div>\n\t\t<\/div>\n\t\t\t\t<div class=\"elementor-column elementor-col-66 elementor-top-column elementor-element elementor-element-021a1af\" data-id=\"021a1af\" data-element_type=\"column\">\n\t\t\t<div class=\"elementor-widget-wrap elementor-element-populated\">\n\t\t\t\t\t\t\t\t<div class=\"elementor-element elementor-element-84b2016 elementor-widget elementor-widget-text-editor\" data-id=\"84b2016\" data-element_type=\"widget\" data-widget_type=\"text-editor.default\">\n\t\t\t\t<div class=\"elementor-widget-container\">\n\t\t\t<style>\/*! elementor - v3.7.2 - 21-08-2022 *\/\n.elementor-widget-text-editor.elementor-drop-cap-view-stacked .elementor-drop-cap{background-color:#818a91;color:#fff}.elementor-widget-text-editor.elementor-drop-cap-view-framed .elementor-drop-cap{color:#818a91;border:3px solid;background-color:transparent}.elementor-widget-text-editor:not(.elementor-drop-cap-view-default) .elementor-drop-cap{margin-top:8px}.elementor-widget-text-editor:not(.elementor-drop-cap-view-default) .elementor-drop-cap-letter{width:1em;height:1em}.elementor-widget-text-editor .elementor-drop-cap{float:left;text-align:center;line-height:1;font-size:50px}.elementor-widget-text-editor .elementor-drop-cap-letter{display:inline-block}<\/style>\t\t\t\t<p><em style=\"margin-bottom: 0px;\"><span style=\"font-weight: bold; margin-bottom: 0px;\">Eimverk Distillery<\/span>\u00a0est la premi\u00e8re et seule distillerie de whisky islandaise. R\u00e9put\u00e9e pour ses histoires de vikings mais aussi pour ses superbes paysages, l\u2019Islande offre des conditions climatiques extr\u00eames qui permettent \u00e0 Eimverk de produire des spiritueux uniques impr\u00e9gn\u00e9s des saisons exceptionnelles de l\u2019Islande&#8230;<\/em><\/p>\n<p><a href=\"http:\/\/espritg.cluster028.hosting.ovh.net\/index.php\/eimverk-2\/\"><em style=\"margin-bottom: 0px;\">\u00a0<\/em><span style=\"font-family: var( --e-global-typography-text-font-family ), Sans-serif;\"><span style=\"font-size: 1rem; background-color: #ffffff; text-align: center;\"><b>Lire la suite<\/b><\/span><\/span><\/a><\/p>\t\t\t\t\t\t<\/div>\n\t\t\t\t<\/div>\n\t\t\t\t\t<\/div>\n\t\t<\/div>\n\t\t\t\t\t\t\t<\/div>\n\t\t<\/section>\n\t\t\t\t<section class=\"elementor-section elementor-top-section elementor-element elementor-element-b28ef07 elementor-section-boxed elementor-section-height-default elementor-section-height-default\" data-id=\"b28ef07\" data-element_type=\"section\">\n\t\t\t\t\t\t<div class=\"elementor-container elementor-column-gap-default\">\n\t\t\t\t\t<div class=\"elementor-column elementor-col-66 elementor-top-column elementor-element elementor-element-04e09a6\" data-id=\"04e09a6\" data-element_type=\"column\">\n\t\t\t<div class=\"elementor-widget-wrap elementor-element-populated\">\n\t\t\t\t\t\t\t\t<div class=\"elementor-element elementor-element-f67fc8f elementor-widget elementor-widget-text-editor\" data-id=\"f67fc8f\" data-element_type=\"widget\" data-widget_type=\"text-editor.default\">\n\t\t\t\t<div class=\"elementor-widget-container\">\n\t\t\t\t\t\t\t<p style=\"text-align: right;\"><em style=\"margin-bottom: 0px;\">L\u2019histoire du rhum a toujours \u00e9t\u00e9 \u00e9troitement li\u00e9e aux exp\u00e9ditions maritimes, entour\u00e9es de mythes et de l\u00e9gendes de pirates, colons, marins et grands explorateurs. C\u2019est en s\u2019inspirant de ces aventures que la Maison espagnole\u00a0<span style=\"font-weight: bold; margin-bottom: 0px;\">Ocean\u2019s<\/span>\u00a0est n\u00e9e&#8230;<\/em><\/p><p><a href=\"http:\/\/espritvins.pro\/index.php\/nos-maisons\/index-php-nos-maisons-oceans\/\"><em style=\"margin-bottom: 0px;\">\u00a0 \u00a0 \u00a0 \u00a0 \u00a0 \u00a0 \u00a0 \u00a0 \u00a0 \u00a0 \u00a0 \u00a0 \u00a0 \u00a0 \u00a0 \u00a0 \u00a0 \u00a0 \u00a0 \u00a0 \u00a0 \u00a0 \u00a0 \u00a0 \u00a0 \u00a0 \u00a0 \u00a0 \u00a0 \u00a0 \u00a0 \u00a0 \u00a0 \u00a0 \u00a0 \u00a0 \u00a0 \u00a0 \u00a0 \u00a0 \u00a0 \u00a0 \u00a0 \u00a0 \u00a0 \u00a0 \u00a0 \u00a0 \u00a0 \u00a0 \u00a0 \u00a0\u00a0<\/em><span style=\"font-family: var( --e-global-typography-text-font-family ), Sans-serif;\"><span style=\"font-size: 1rem; background-color: #ffffff; text-align: center;\"><b>Lire la suite<\/b><\/span><\/span><\/a><\/p>\t\t\t\t\t\t<\/div>\n\t\t\t\t<\/div>\n\t\t\t\t\t<\/div>\n\t\t<\/div>\n\t\t\t\t<div class=\"elementor-column elementor-col-33 elementor-top-column elementor-element elementor-element-b0f9509\" data-id=\"b0f9509\" data-element_type=\"column\">\n\t\t\t<div class=\"elementor-widget-wrap elementor-element-populated\">\n\t\t\t\t\t\t\t\t<div class=\"elementor-element elementor-element-d38c330 elementor-widget elementor-widget-image\" data-id=\"d38c330\" data-element_type=\"widget\" data-widget_type=\"image.default\">\n\t\t\t\t<div class=\"elementor-widget-container\">\n\t\t\t\t\t\t\t\t\t\t\t\t\t\t\t<img src=\"http:\/\/espritvins.pro\/wp-content\/uploads\/2020\/04\/5.jpg-e1590155807209-150x150.png\" title=\"5.jpg\" alt=\"5.jpg\" \/>\t\t\t\t\t\t\t\t\t\t\t\t\t\t\t<\/div>\n\t\t\t\t<\/div>\n\t\t\t\t\t<\/div>\n\t\t<\/div>\n\t\t\t\t\t\t\t<\/div>\n\t\t<\/section>\n\t\t\t\t<section class=\"elementor-section elementor-top-section elementor-element elementor-element-5b074c6 elementor-section-boxed elementor-section-height-default elementor-section-height-default\" data-id=\"5b074c6\" data-element_type=\"section\">\n\t\t\t\t\t\t<div class=\"elementor-container elementor-column-gap-default\">\n\t\t\t\t\t<div class=\"elementor-column elementor-col-33 elementor-top-column elementor-element elementor-element-0b5930a\" data-id=\"0b5930a\" data-element_type=\"column\">\n\t\t\t<div class=\"elementor-widget-wrap elementor-element-populated\">\n\t\t\t\t\t\t\t\t<div class=\"elementor-element elementor-element-4d50043 elementor-widget elementor-widget-image\" data-id=\"4d50043\" data-element_type=\"widget\" data-widget_type=\"image.default\">\n\t\t\t\t<div class=\"elementor-widget-container\">\n\t\t\t\t\t\t\t\t\t\t\t\t\t\t\t<img src=\"http:\/\/espritvins.pro\/wp-content\/uploads\/2020\/04\/648930-150x150.png\" title=\"648930\" alt=\"648930\" \/>\t\t\t\t\t\t\t\t\t\t\t\t\t\t\t<\/div>\n\t\t\t\t<\/div>\n\t\t\t\t\t<\/div>\n\t\t<\/div>\n\t\t\t\t<div class=\"elementor-column elementor-col-66 elementor-top-column elementor-element elementor-element-6f4ad25\" data-id=\"6f4ad25\" data-element_type=\"column\">\n\t\t\t<div class=\"elementor-widget-wrap elementor-element-populated\">\n\t\t\t\t\t\t\t\t<div class=\"elementor-element elementor-element-fbf357b elementor-widget elementor-widget-text-editor\" data-id=\"fbf357b\" data-element_type=\"widget\" data-widget_type=\"text-editor.default\">\n\t\t\t\t<div class=\"elementor-widget-container\">\n\t\t\t\t\t\t\t<p><em style=\"color: var( --e-global-color-text ); font-weight: var( --e-global-typography-text-font-weight ); font-size: 1rem; margin-bottom: 0px;\"><em style=\"color: var( --e-global-color-text ); font-weight: var( --e-global-typography-text-font-weight ); font-size: 1rem; margin-bottom: 0px;\">Install\u00e9e dans une ancienne \u00e9glise r\u00e9am\u00e9nag\u00e9e au c\u0153ur de la capitale irlandaise, la distillerie\u00a0<span style=\"font-weight: bold;\">Pearse Lyons<\/span>\u00a0est unique au monde ! Elle est l\u2019apog\u00e9e de la passion de son fondateur,\u00a0<span style=\"font-weight: bold; margin-bottom: 0px;\">Pearse Lyons<\/span>, pour la brasserie, la distillerie et l\u2019entrepreneuriat&#8230;<\/em>\u00a0<\/em><\/p><p><a href=\"http:\/\/espritvins.pro\/index.php\/nos-maisons\/pearse\/\"><em style=\"margin-bottom: 0px;\">\u00a0<\/em><span style=\"font-family: var( --e-global-typography-text-font-family ), Sans-serif;\"><span style=\"font-size: 1rem; background-color: #ffffff; text-align: center;\"><b>Lire la suite<\/b><\/span><\/span><\/a><\/p>\t\t\t\t\t\t<\/div>\n\t\t\t\t<\/div>\n\t\t\t\t\t<\/div>\n\t\t<\/div>\n\t\t\t\t\t\t\t<\/div>\n\t\t<\/section>\n\t\t\t\t<section class=\"elementor-section elementor-top-section elementor-element elementor-element-eb1a672 elementor-section-boxed elementor-section-height-default elementor-section-height-default\" data-id=\"eb1a672\" data-element_type=\"section\">\n\t\t\t\t\t\t<div class=\"elementor-container elementor-column-gap-default\">\n\t\t\t\t\t<div class=\"elementor-column elementor-col-66 elementor-top-column elementor-element elementor-element-2b0ca50\" data-id=\"2b0ca50\" data-element_type=\"column\">\n\t\t\t<div class=\"elementor-widget-wrap elementor-element-populated\">\n\t\t\t\t\t\t\t\t<div class=\"elementor-element elementor-element-ef873c5 elementor-widget elementor-widget-text-editor\" data-id=\"ef873c5\" data-element_type=\"widget\" data-widget_type=\"text-editor.default\">\n\t\t\t\t<div class=\"elementor-widget-container\">\n\t\t\t\t\t\t\t<p style=\"text-align: right;\"><em style=\"color: var( --e-global-color-text ); font-weight: var( --e-global-typography-text-font-weight ); font-size: 1rem; margin-bottom: 0px;\"><span style=\"font-weight: bold; margin-bottom: 0px;\">Whisky Is The Limit<\/span>\u00a0est un embouteilleur ind\u00e9pendant suisse qui a pour ambition d&rsquo;aller toujours plus loin dans ses embouteillages, en repoussant les limites avec des whiskies authentiques mais non conventionnels tout en respectant le travail des artisans distillateurs\u00a0<\/em><a style=\"font-weight: var( --e-global-typography-text-font-weight ); background-color: #ffffff; font-size: 1rem;\" href=\"http:\/\/espritg.cluster028.hosting.ovh.net\/index.php\/nos-maisons\/marques__trashed\/oceans\/\"><em style=\"margin-bottom: 0px;\">\u00a0 \u00a0 \u00a0 \u00a0 \u00a0 \u00a0 \u00a0 \u00a0 \u00a0 \u00a0 \u00a0 \u00a0 \u00a0 \u00a0 \u00a0 \u00a0 \u00a0 \u00a0 \u00a0 \u00a0 \u00a0 \u00a0 \u00a0 \u00a0 \u00a0\u00a0<\/em><\/a><\/p>\t\t\t\t\t\t<\/div>\n\t\t\t\t<\/div>\n\t\t\t\t\t<\/div>\n\t\t<\/div>\n\t\t\t\t<div class=\"elementor-column elementor-col-33 elementor-top-column elementor-element elementor-element-85e5cc8\" data-id=\"85e5cc8\" data-element_type=\"column\">\n\t\t\t<div class=\"elementor-widget-wrap elementor-element-populated\">\n\t\t\t\t\t\t\t\t<div class=\"elementor-element elementor-element-15fc667 elementor-widget elementor-widget-image\" data-id=\"15fc667\" data-element_type=\"widget\" data-widget_type=\"image.default\">\n\t\t\t\t<div class=\"elementor-widget-container\">\n\t\t\t\t\t\t\t\t\t\t\t\t\t\t\t<img width=\"1952\" height=\"893\" src=\"http:\/\/espritvins.pro\/wp-content\/uploads\/2021\/08\/primary_logo-2.png\" class=\"attachment-full size-full\" alt=\"\" loading=\"lazy\" srcset=\"http:\/\/espritvins.pro\/wp-content\/uploads\/2021\/08\/primary_logo-2.png 1952w, http:\/\/espritvins.pro\/wp-content\/uploads\/2021\/08\/primary_logo-2-300x137.png 300w, http:\/\/espritvins.pro\/wp-content\/uploads\/2021\/08\/primary_logo-2-768x351.png 768w, http:\/\/espritvins.pro\/wp-content\/uploads\/2021\/08\/primary_logo-2-1024x468.png 1024w\" sizes=\"100vw\" \/>\t\t\t\t\t\t\t\t\t\t\t\t\t\t\t<\/div>\n\t\t\t\t<\/div>\n\t\t\t\t\t<\/div>\n\t\t<\/div>\n\t\t\t\t\t\t\t<\/div>\n\t\t<\/section>\n\t\t\t\t\t\t\t<\/div>\n\t\t","protected":false},"excerpt":{"rendered":"<p>Eimverk Distillery\u00a0est la premi\u00e8re et seule distillerie de whisky islandaise. R\u00e9put\u00e9e pour ses histoires de vikings mais aussi pour ses superbes paysages, l\u2019Islande offre des conditions climatiques extr\u00eames qui permettent \u00e0 Eimverk de produire des spiritueux uniques impr\u00e9gn\u00e9s des saisons exceptionnelles de l\u2019Islande&#8230; \u00a0Lire la suite L\u2019histoire du rhum a toujours \u00e9t\u00e9 \u00e9troitement li\u00e9e aux &hellip; <\/p>\n<p class=\"link-more\"><a href=\"http:\/\/espritvins.pro\/index.php\/nos-maisons\/\" class=\"more-link\">Continuer la lecture<span class=\"screen-reader-text\"> de &laquo;&nbsp;Nos maisons&nbsp;&raquo;<\/span><\/a><\/p>\n","protected":false},"author":1,"featured_media":0,"parent":0,"menu_order":0,"comment_status":"closed","ping_status":"closed","template":"","meta":[],"_links":{"self":[{"href":"http:\/\/espritvins.pro\/index.php\/wp-json\/wp\/v2\/pages\/42"}],"collection":[{"href":"http:\/\/espritvins.pro\/index.php\/wp-json\/wp\/v2\/pages"}],"about":[{"href":"http:\/\/espritvins.pro\/index.php\/wp-json\/wp\/v2\/types\/page"}],"author":[{"embeddable":true,"href":"http:\/\/espritvins.pro\/index.php\/wp-json\/wp\/v2\/users\/1"}],"replies":[{"embeddable":true,"href":"http:\/\/espritvins.pro\/index.php\/wp-json\/wp\/v2\/comments?post=42"}],"version-history":[{"count":62,"href":"http:\/\/espritvins.pro\/index.php\/wp-json\/wp\/v2\/pages\/42\/revisions"}],"predecessor-version":[{"id":6642,"href":"http:\/\/espritvins.pro\/index.php\/wp-json\/wp\/v2\/pages\/42\/revisions\/6642"}],"wp:attachment":[{"href":"http:\/\/espritvins.pro\/index.php\/wp-json\/wp\/v2\/media?parent=42"}],"curies":[{"name":"wp","href":"https:\/\/api.w.org\/{rel}","templated":true}]}}