{"id":5302,"date":"2022-07-27T16:34:00","date_gmt":"2022-07-27T14:34:00","guid":{"rendered":"http:\/\/espritvins.pro\/?page_id=5302"},"modified":"2025-09-11T19:15:18","modified_gmt":"2025-09-11T17:15:18","slug":"etats-unis","status":"publish","type":"page","link":"http:\/\/espritvins.pro\/index.php\/etats-unis\/","title":{"rendered":"\u00c9TATS-UNIS"},"content":{"rendered":"\t\t<div data-elementor-type=\"wp-page\" data-elementor-id=\"5302\" class=\"elementor elementor-5302\">\n\t\t\t\t\t\t\t\t\t<section class=\"elementor-section elementor-top-section elementor-element elementor-element-923d3a2 elementor-section-boxed elementor-section-height-default elementor-section-height-default\" data-id=\"923d3a2\" data-element_type=\"section\">\n\t\t\t\t\t\t<div class=\"elementor-container elementor-column-gap-default\">\n\t\t\t\t\t<div class=\"elementor-column elementor-col-100 elementor-top-column elementor-element elementor-element-3d6db24\" data-id=\"3d6db24\" data-element_type=\"column\">\n\t\t\t<div class=\"elementor-widget-wrap elementor-element-populated\">\n\t\t\t\t\t\t\t\t<div class=\"elementor-element elementor-element-ea7052c elementor-widget elementor-widget-image\" data-id=\"ea7052c\" data-element_type=\"widget\" data-widget_type=\"image.default\">\n\t\t\t\t<div class=\"elementor-widget-container\">\n\t\t\t<style>\/*! elementor - v3.7.2 - 21-08-2022 *\/\n.elementor-widget-image{text-align:center}.elementor-widget-image a{display:inline-block}.elementor-widget-image a img[src$=\".svg\"]{width:48px}.elementor-widget-image img{vertical-align:middle;display:inline-block}<\/style>\t\t\t\t\t\t\t\t\t\t\t\t<img width=\"525\" height=\"162\" src=\"http:\/\/espritvins.pro\/wp-content\/uploads\/2022\/07\/selective-shot-of-golden-wheat-in-wheat-field-1-1024x316.jpg\" class=\"attachment-large size-large\" alt=\"\" loading=\"lazy\" srcset=\"http:\/\/espritvins.pro\/wp-content\/uploads\/2022\/07\/selective-shot-of-golden-wheat-in-wheat-field-1-1024x316.jpg 1024w, http:\/\/espritvins.pro\/wp-content\/uploads\/2022\/07\/selective-shot-of-golden-wheat-in-wheat-field-1-300x93.jpg 300w, http:\/\/espritvins.pro\/wp-content\/uploads\/2022\/07\/selective-shot-of-golden-wheat-in-wheat-field-1-768x237.jpg 768w, http:\/\/espritvins.pro\/wp-content\/uploads\/2022\/07\/selective-shot-of-golden-wheat-in-wheat-field-1-1536x474.jpg 1536w, http:\/\/espritvins.pro\/wp-content\/uploads\/2022\/07\/selective-shot-of-golden-wheat-in-wheat-field-1-2048x632.jpg 2048w\" sizes=\"100vw\" \/>\t\t\t\t\t\t\t\t\t\t\t\t\t\t\t<\/div>\n\t\t\t\t<\/div>\n\t\t\t\t\t<\/div>\n\t\t<\/div>\n\t\t\t\t\t\t\t<\/div>\n\t\t<\/section>\n\t\t\t\t<section class=\"elementor-section elementor-top-section elementor-element elementor-element-aedf1d8 elementor-section-boxed elementor-section-height-default elementor-section-height-default\" data-id=\"aedf1d8\" data-element_type=\"section\">\n\t\t\t\t\t\t<div class=\"elementor-container elementor-column-gap-default\">\n\t\t\t\t\t<div class=\"elementor-column elementor-col-100 elementor-top-column elementor-element elementor-element-e9d9905\" data-id=\"e9d9905\" data-element_type=\"column\">\n\t\t\t<div class=\"elementor-widget-wrap elementor-element-populated\">\n\t\t\t\t\t\t\t\t<div class=\"elementor-element elementor-element-cc9b7c9 elementor-widget elementor-widget-heading\" data-id=\"cc9b7c9\" data-element_type=\"widget\" data-widget_type=\"heading.default\">\n\t\t\t\t<div class=\"elementor-widget-container\">\n\t\t\t<style>\/*! elementor - v3.7.2 - 21-08-2022 *\/\n.elementor-heading-title{padding:0;margin:0;line-height:1}.elementor-widget-heading .elementor-heading-title[class*=elementor-size-]>a{color:inherit;font-size:inherit;line-height:inherit}.elementor-widget-heading .elementor-heading-title.elementor-size-small{font-size:15px}.elementor-widget-heading .elementor-heading-title.elementor-size-medium{font-size:19px}.elementor-widget-heading .elementor-heading-title.elementor-size-large{font-size:29px}.elementor-widget-heading .elementor-heading-title.elementor-size-xl{font-size:39px}.elementor-widget-heading .elementor-heading-title.elementor-size-xxl{font-size:59px}<\/style><h1 class=\"elementor-heading-title elementor-size-default\">WHISKEY AM\u00c9RICAIN<\/h1>\t\t<\/div>\n\t\t\t\t<\/div>\n\t\t\t\t<div class=\"elementor-element elementor-element-d13bfc1 elementor-widget elementor-widget-heading\" data-id=\"d13bfc1\" data-element_type=\"widget\" data-widget_type=\"heading.default\">\n\t\t\t\t<div class=\"elementor-widget-container\">\n\t\t\t<h2 class=\"elementor-heading-title elementor-size-default\">Le Kentucky est le berceau du whiskey am\u00e9ricain appel\u00e9 Bourbon et compte une dizaine de distilleries. La production de whiskey s'est r\u00e9pandue gr\u00e2ce aux immigrants qui ont fait voyager avec eux les traditions de distillations au XVIIIe si\u00e8cle. Les fermiers ayant remont\u00e9 la rivi\u00e8re Ohio et s'\u00e9tant install\u00e9 au Kentucky, ils d\u00e9veloppent la production de la c\u00e9r\u00e9ale la plus accessible localement, le ma\u00efs et le seigle.<\/h2>\t\t<\/div>\n\t\t\t\t<\/div>\n\t\t\t\t\t<\/div>\n\t\t<\/div>\n\t\t\t\t\t\t\t<\/div>\n\t\t<\/section>\n\t\t\t\t<section class=\"elementor-section elementor-top-section elementor-element elementor-element-ffb1f68 elementor-section-boxed elementor-section-height-default elementor-section-height-default\" data-id=\"ffb1f68\" data-element_type=\"section\">\n\t\t\t\t\t\t<div class=\"elementor-container elementor-column-gap-default\">\n\t\t\t\t\t<div class=\"elementor-column elementor-col-20 elementor-top-column elementor-element elementor-element-d0f9ae1\" data-id=\"d0f9ae1\" data-element_type=\"column\">\n\t\t\t<div class=\"elementor-widget-wrap\">\n\t\t\t\t\t\t\t\t\t<\/div>\n\t\t<\/div>\n\t\t\t\t<div class=\"elementor-column elementor-col-20 elementor-top-column elementor-element elementor-element-5ada52e\" data-id=\"5ada52e\" data-element_type=\"column\">\n\t\t\t<div class=\"elementor-widget-wrap\">\n\t\t\t\t\t\t\t\t\t<\/div>\n\t\t<\/div>\n\t\t\t\t<div class=\"elementor-column elementor-col-20 elementor-top-column elementor-element elementor-element-4af1fb8\" data-id=\"4af1fb8\" data-element_type=\"column\">\n\t\t\t<div class=\"elementor-widget-wrap elementor-element-populated\">\n\t\t\t\t\t\t\t\t<div class=\"elementor-element elementor-element-fcfc652 elementor-widget elementor-widget-image\" data-id=\"fcfc652\" data-element_type=\"widget\" data-widget_type=\"image.default\">\n\t\t\t\t<div class=\"elementor-widget-container\">\n\t\t\t\t\t\t\t\t\t\t\t\t\t\t\t<img width=\"100\" height=\"100\" src=\"http:\/\/espritvins.pro\/wp-content\/uploads\/2022\/07\/BoulderB_5x5_GOLD-1-100x100.png\" class=\"attachment-twentyseventeen-thumbnail-avatar size-twentyseventeen-thumbnail-avatar\" alt=\"\" loading=\"lazy\" srcset=\"http:\/\/espritvins.pro\/wp-content\/uploads\/2022\/07\/BoulderB_5x5_GOLD-1-100x100.png 100w, http:\/\/espritvins.pro\/wp-content\/uploads\/2022\/07\/BoulderB_5x5_GOLD-1-300x300.png 300w, http:\/\/espritvins.pro\/wp-content\/uploads\/2022\/07\/BoulderB_5x5_GOLD-1-150x150.png 150w, http:\/\/espritvins.pro\/wp-content\/uploads\/2022\/07\/BoulderB_5x5_GOLD-1.png 361w\" sizes=\"100vw\" \/>\t\t\t\t\t\t\t\t\t\t\t\t\t\t\t<\/div>\n\t\t\t\t<\/div>\n\t\t\t\t\t<\/div>\n\t\t<\/div>\n\t\t\t\t<div class=\"elementor-column elementor-col-20 elementor-top-column elementor-element elementor-element-6929daf\" data-id=\"6929daf\" data-element_type=\"column\">\n\t\t\t<div class=\"elementor-widget-wrap\">\n\t\t\t\t\t\t\t\t\t<\/div>\n\t\t<\/div>\n\t\t\t\t<div class=\"elementor-column elementor-col-20 elementor-top-column elementor-element elementor-element-8292d34\" data-id=\"8292d34\" data-element_type=\"column\">\n\t\t\t<div class=\"elementor-widget-wrap\">\n\t\t\t\t\t\t\t\t\t<\/div>\n\t\t<\/div>\n\t\t\t\t\t\t\t<\/div>\n\t\t<\/section>\n\t\t\t\t<section class=\"elementor-section elementor-top-section elementor-element elementor-element-8e9e5b6 elementor-section-boxed elementor-section-height-default elementor-section-height-default\" data-id=\"8e9e5b6\" data-element_type=\"section\">\n\t\t\t\t\t\t<div class=\"elementor-container elementor-column-gap-default\">\n\t\t\t\t\t<div class=\"elementor-column elementor-col-25 elementor-top-column elementor-element elementor-element-7a77254\" data-id=\"7a77254\" data-element_type=\"column\">\n\t\t\t<div class=\"elementor-widget-wrap elementor-element-populated\">\n\t\t\t\t\t\t\t\t<div class=\"elementor-element elementor-element-838fbb6 elementor-widget elementor-widget-image\" data-id=\"838fbb6\" data-element_type=\"widget\" data-widget_type=\"image.default\">\n\t\t\t\t<div class=\"elementor-widget-container\">\n\t\t\t\t\t\t\t\t\t\t\t\t\t\t\t<img width=\"141\" height=\"300\" src=\"http:\/\/espritvins.pro\/wp-content\/uploads\/2022\/07\/Boulder_Spirits_Bourbon_Malt_SQP.2L-1-141x300.jpg\" class=\"attachment-medium size-medium\" alt=\"\" loading=\"lazy\" srcset=\"http:\/\/espritvins.pro\/wp-content\/uploads\/2022\/07\/Boulder_Spirits_Bourbon_Malt_SQP.2L-1-141x300.jpg 141w, http:\/\/espritvins.pro\/wp-content\/uploads\/2022\/07\/Boulder_Spirits_Bourbon_Malt_SQP.2L-1-482x1024.jpg 482w, http:\/\/espritvins.pro\/wp-content\/uploads\/2022\/07\/Boulder_Spirits_Bourbon_Malt_SQP.2L-1-768x1631.jpg 768w, http:\/\/espritvins.pro\/wp-content\/uploads\/2022\/07\/Boulder_Spirits_Bourbon_Malt_SQP.2L-1-723x1536.jpg 723w, http:\/\/espritvins.pro\/wp-content\/uploads\/2022\/07\/Boulder_Spirits_Bourbon_Malt_SQP.2L-1-964x2048.jpg 964w, http:\/\/espritvins.pro\/wp-content\/uploads\/2022\/07\/Boulder_Spirits_Bourbon_Malt_SQP.2L-1-scaled.jpg 1205w\" sizes=\"100vw\" \/>\t\t\t\t\t\t\t\t\t\t\t\t\t\t\t<\/div>\n\t\t\t\t<\/div>\n\t\t\t\t\t<\/div>\n\t\t<\/div>\n\t\t\t\t<div class=\"elementor-column elementor-col-25 elementor-top-column elementor-element elementor-element-ce9c2c7\" data-id=\"ce9c2c7\" data-element_type=\"column\">\n\t\t\t<div class=\"elementor-widget-wrap elementor-element-populated\">\n\t\t\t\t\t\t\t\t<div class=\"elementor-element elementor-element-f3eae06 elementor-widget elementor-widget-heading\" data-id=\"f3eae06\" data-element_type=\"widget\" data-widget_type=\"heading.default\">\n\t\t\t\t<div class=\"elementor-widget-container\">\n\t\t\t<h2 class=\"elementor-heading-title elementor-size-default\"><br><br>COLORADO<\/h2>\t\t<\/div>\n\t\t\t\t<\/div>\n\t\t\t\t<div class=\"elementor-element elementor-element-6c871dc elementor-widget elementor-widget-heading\" data-id=\"6c871dc\" data-element_type=\"widget\" data-widget_type=\"heading.default\">\n\t\t\t\t<div class=\"elementor-widget-container\">\n\t\t\t<h2 class=\"elementor-heading-title elementor-size-default\">Straight Bourbon Whiskey<\/h2>\t\t<\/div>\n\t\t\t\t<\/div>\n\t\t\t\t<div class=\"elementor-element elementor-element-e02c4b8 elementor-widget elementor-widget-heading\" data-id=\"e02c4b8\" data-element_type=\"widget\" data-widget_type=\"heading.default\">\n\t\t\t\t<div class=\"elementor-widget-container\">\n\t\t\t<h2 class=\"elementor-heading-title elementor-size-default\">Ce Straight Bourbon \u00e2g\u00e9 de 2 ans est le r\u00e9sultats d'un assemblage peu commun pour un Bourbon.<\/h2>\t\t<\/div>\n\t\t\t\t<\/div>\n\t\t\t\t<div class=\"elementor-element elementor-element-9896605 elementor-align-center elementor-widget elementor-widget-button\" data-id=\"9896605\" data-element_type=\"widget\" data-widget_type=\"button.default\">\n\t\t\t\t<div class=\"elementor-widget-container\">\n\t\t\t\t\t<div class=\"elementor-button-wrapper\">\n\t\t\t<a href=\"http:\/\/espritvins.pro\/index.php\/colorado-whiskey\/\" class=\"elementor-button-link elementor-button elementor-size-sm\" role=\"button\">\n\t\t\t\t\t\t<span class=\"elementor-button-content-wrapper\">\n\t\t\t\t\t\t<span class=\"elementor-button-text\">D\u00e9couvrir<\/span>\n\t\t<\/span>\n\t\t\t\t\t<\/a>\n\t\t<\/div>\n\t\t\t\t<\/div>\n\t\t\t\t<\/div>\n\t\t\t\t\t<\/div>\n\t\t<\/div>\n\t\t\t\t<div class=\"elementor-column elementor-col-25 elementor-top-column elementor-element elementor-element-1e1af55\" data-id=\"1e1af55\" data-element_type=\"column\">\n\t\t\t<div class=\"elementor-widget-wrap elementor-element-populated\">\n\t\t\t\t\t\t\t\t<div class=\"elementor-element elementor-element-1f87959 elementor-widget elementor-widget-image\" data-id=\"1f87959\" data-element_type=\"widget\" data-widget_type=\"image.default\">\n\t\t\t\t<div class=\"elementor-widget-container\">\n\t\t\t\t\t\t\t\t\t\t\t\t\t\t\t<img width=\"154\" height=\"300\" src=\"http:\/\/espritvins.pro\/wp-content\/uploads\/2022\/07\/Boulder_Spirits_Single_Malt_New-American_SQP.2L-1-154x300.jpg\" class=\"attachment-medium size-medium\" alt=\"\" loading=\"lazy\" srcset=\"http:\/\/espritvins.pro\/wp-content\/uploads\/2022\/07\/Boulder_Spirits_Single_Malt_New-American_SQP.2L-1-154x300.jpg 154w, http:\/\/espritvins.pro\/wp-content\/uploads\/2022\/07\/Boulder_Spirits_Single_Malt_New-American_SQP.2L-1-525x1024.jpg 525w, http:\/\/espritvins.pro\/wp-content\/uploads\/2022\/07\/Boulder_Spirits_Single_Malt_New-American_SQP.2L-1-768x1498.jpg 768w, http:\/\/espritvins.pro\/wp-content\/uploads\/2022\/07\/Boulder_Spirits_Single_Malt_New-American_SQP.2L-1-787x1536.jpg 787w, http:\/\/espritvins.pro\/wp-content\/uploads\/2022\/07\/Boulder_Spirits_Single_Malt_New-American_SQP.2L-1-1050x2048.jpg 1050w, http:\/\/espritvins.pro\/wp-content\/uploads\/2022\/07\/Boulder_Spirits_Single_Malt_New-American_SQP.2L-1-scaled.jpg 1312w\" sizes=\"100vw\" \/>\t\t\t\t\t\t\t\t\t\t\t\t\t\t\t<\/div>\n\t\t\t\t<\/div>\n\t\t\t\t\t<\/div>\n\t\t<\/div>\n\t\t\t\t<div class=\"elementor-column elementor-col-25 elementor-top-column elementor-element elementor-element-81f0b8a\" data-id=\"81f0b8a\" data-element_type=\"column\">\n\t\t\t<div class=\"elementor-widget-wrap elementor-element-populated\">\n\t\t\t\t\t\t\t\t<div class=\"elementor-element elementor-element-8383319 elementor-widget elementor-widget-heading\" data-id=\"8383319\" data-element_type=\"widget\" data-widget_type=\"heading.default\">\n\t\t\t\t<div class=\"elementor-widget-container\">\n\t\t\t<h2 class=\"elementor-heading-title elementor-size-default\"><br><br>NEW AMERICAIN<\/h2>\t\t<\/div>\n\t\t\t\t<\/div>\n\t\t\t\t<div class=\"elementor-element elementor-element-2cb9c63 elementor-widget elementor-widget-heading\" data-id=\"2cb9c63\" data-element_type=\"widget\" data-widget_type=\"heading.default\">\n\t\t\t\t<div class=\"elementor-widget-container\">\n\t\t\t<h2 class=\"elementor-heading-title elementor-size-default\">American Single Malt Whiskey<\/h2>\t\t<\/div>\n\t\t\t\t<\/div>\n\t\t\t\t<div class=\"elementor-element elementor-element-3475c03 elementor-widget elementor-widget-heading\" data-id=\"3475c03\" data-element_type=\"widget\" data-widget_type=\"heading.default\">\n\t\t\t\t<div class=\"elementor-widget-container\">\n\t\t\t<h2 class=\"elementor-heading-title elementor-size-default\">Compos\u00e9 \u00e0 100% d'orge malt\u00e9, ce whiskey sera d'abord distill\u00e9 en Pot Still et ensuite vieilli comme un Bourbon pendant 3 ans minimum dans des f\u00fbts de ch\u00eane am\u00e9ricain vierges.<\/h2>\t\t<\/div>\n\t\t\t\t<\/div>\n\t\t\t\t<div class=\"elementor-element elementor-element-1266548 elementor-align-center elementor-widget elementor-widget-button\" data-id=\"1266548\" data-element_type=\"widget\" data-widget_type=\"button.default\">\n\t\t\t\t<div class=\"elementor-widget-container\">\n\t\t\t\t\t<div class=\"elementor-button-wrapper\">\n\t\t\t<a href=\"http:\/\/espritvins.pro\/index.php\/new-american-whiskey\/\" class=\"elementor-button-link elementor-button elementor-size-sm\" role=\"button\">\n\t\t\t\t\t\t<span class=\"elementor-button-content-wrapper\">\n\t\t\t\t\t\t<span class=\"elementor-button-text\">D\u00e9couvrir<\/span>\n\t\t<\/span>\n\t\t\t\t\t<\/a>\n\t\t<\/div>\n\t\t\t\t<\/div>\n\t\t\t\t<\/div>\n\t\t\t\t\t<\/div>\n\t\t<\/div>\n\t\t\t\t\t\t\t<\/div>\n\t\t<\/section>\n\t\t\t\t<section class=\"elementor-section elementor-top-section elementor-element elementor-element-e54d053 elementor-section-boxed elementor-section-height-default elementor-section-height-default\" data-id=\"e54d053\" data-element_type=\"section\">\n\t\t\t\t\t\t<div class=\"elementor-container elementor-column-gap-default\">\n\t\t\t\t\t<div class=\"elementor-column elementor-col-25 elementor-top-column elementor-element elementor-element-5de5080\" data-id=\"5de5080\" data-element_type=\"column\">\n\t\t\t<div class=\"elementor-widget-wrap elementor-element-populated\">\n\t\t\t\t\t\t\t\t<div class=\"elementor-element elementor-element-6757d19 elementor-widget elementor-widget-image\" data-id=\"6757d19\" data-element_type=\"widget\" data-widget_type=\"image.default\">\n\t\t\t\t<div class=\"elementor-widget-container\">\n\t\t\t\t\t\t\t\t\t\t\t\t\t\t\t<img width=\"158\" height=\"300\" src=\"http:\/\/espritvins.pro\/wp-content\/uploads\/2022\/07\/Boulder_Spirits_Single_Malt_Peated_SQP.2L-158x300.jpg\" class=\"attachment-medium size-medium\" alt=\"\" loading=\"lazy\" srcset=\"http:\/\/espritvins.pro\/wp-content\/uploads\/2022\/07\/Boulder_Spirits_Single_Malt_Peated_SQP.2L-158x300.jpg 158w, http:\/\/espritvins.pro\/wp-content\/uploads\/2022\/07\/Boulder_Spirits_Single_Malt_Peated_SQP.2L-538x1024.jpg 538w, http:\/\/espritvins.pro\/wp-content\/uploads\/2022\/07\/Boulder_Spirits_Single_Malt_Peated_SQP.2L-768x1462.jpg 768w, http:\/\/espritvins.pro\/wp-content\/uploads\/2022\/07\/Boulder_Spirits_Single_Malt_Peated_SQP.2L-807x1536.jpg 807w, http:\/\/espritvins.pro\/wp-content\/uploads\/2022\/07\/Boulder_Spirits_Single_Malt_Peated_SQP.2L-1076x2048.jpg 1076w, http:\/\/espritvins.pro\/wp-content\/uploads\/2022\/07\/Boulder_Spirits_Single_Malt_Peated_SQP.2L-scaled.jpg 1345w\" sizes=\"100vw\" \/>\t\t\t\t\t\t\t\t\t\t\t\t\t\t\t<\/div>\n\t\t\t\t<\/div>\n\t\t\t\t\t<\/div>\n\t\t<\/div>\n\t\t\t\t<div class=\"elementor-column elementor-col-25 elementor-top-column elementor-element elementor-element-3cc86f0\" data-id=\"3cc86f0\" data-element_type=\"column\">\n\t\t\t<div class=\"elementor-widget-wrap elementor-element-populated\">\n\t\t\t\t\t\t\t\t<div class=\"elementor-element elementor-element-01f7ad7 elementor-widget elementor-widget-heading\" data-id=\"01f7ad7\" data-element_type=\"widget\" data-widget_type=\"heading.default\">\n\t\t\t\t<div class=\"elementor-widget-container\">\n\t\t\t<h2 class=\"elementor-heading-title elementor-size-default\"><br><br>PEATED MALT<\/h2>\t\t<\/div>\n\t\t\t\t<\/div>\n\t\t\t\t<div class=\"elementor-element elementor-element-a9da468 elementor-widget elementor-widget-heading\" data-id=\"a9da468\" data-element_type=\"widget\" data-widget_type=\"heading.default\">\n\t\t\t\t<div class=\"elementor-widget-container\">\n\t\t\t<h2 class=\"elementor-heading-title elementor-size-default\">American Single Malt Whiskey<\/h2>\t\t<\/div>\n\t\t\t\t<\/div>\n\t\t\t\t<div class=\"elementor-element elementor-element-52ce099 elementor-widget elementor-widget-heading\" data-id=\"52ce099\" data-element_type=\"widget\" data-widget_type=\"heading.default\">\n\t\t\t\t<div class=\"elementor-widget-container\">\n\t\t\t<h2 class=\"elementor-heading-title elementor-size-default\">La distillerie utilise ici le m\u00eame proc\u00e9d\u00e9 que pour son American Single Malt \"classique\" mais cette fois ci avec de l'orge malt\u00e9 tourb\u00e9.<br><br><\/h2>\t\t<\/div>\n\t\t\t\t<\/div>\n\t\t\t\t<div class=\"elementor-element elementor-element-a303632 elementor-align-center elementor-widget elementor-widget-button\" data-id=\"a303632\" data-element_type=\"widget\" data-widget_type=\"button.default\">\n\t\t\t\t<div class=\"elementor-widget-container\">\n\t\t\t\t\t<div class=\"elementor-button-wrapper\">\n\t\t\t<a href=\"http:\/\/espritvins.pro\/index.php\/peated-malt-whiskey\/\" class=\"elementor-button-link elementor-button elementor-size-sm\" role=\"button\">\n\t\t\t\t\t\t<span class=\"elementor-button-content-wrapper\">\n\t\t\t\t\t\t<span class=\"elementor-button-text\">D\u00e9couvrir<\/span>\n\t\t<\/span>\n\t\t\t\t\t<\/a>\n\t\t<\/div>\n\t\t\t\t<\/div>\n\t\t\t\t<\/div>\n\t\t\t\t\t<\/div>\n\t\t<\/div>\n\t\t\t\t<div class=\"elementor-column elementor-col-25 elementor-top-column elementor-element elementor-element-9b9879f\" data-id=\"9b9879f\" data-element_type=\"column\">\n\t\t\t<div class=\"elementor-widget-wrap elementor-element-populated\">\n\t\t\t\t\t\t\t\t<div class=\"elementor-element elementor-element-2be930b elementor-widget elementor-widget-image\" data-id=\"2be930b\" data-element_type=\"widget\" data-widget_type=\"image.default\">\n\t\t\t\t<div class=\"elementor-widget-container\">\n\t\t\t\t\t\t\t\t\t\t\t\t\t\t\t<img width=\"119\" height=\"300\" src=\"http:\/\/espritvins.pro\/wp-content\/uploads\/2025\/09\/BOUTEILLE-SITE-6-119x300.png\" class=\"attachment-medium size-medium\" alt=\"\" loading=\"lazy\" srcset=\"http:\/\/espritvins.pro\/wp-content\/uploads\/2025\/09\/BOUTEILLE-SITE-6-119x300.png 119w, http:\/\/espritvins.pro\/wp-content\/uploads\/2025\/09\/BOUTEILLE-SITE-6-405x1024.png 405w, http:\/\/espritvins.pro\/wp-content\/uploads\/2025\/09\/BOUTEILLE-SITE-6.png 540w\" sizes=\"100vw\" \/>\t\t\t\t\t\t\t\t\t\t\t\t\t\t\t<\/div>\n\t\t\t\t<\/div>\n\t\t\t\t\t<\/div>\n\t\t<\/div>\n\t\t\t\t<div class=\"elementor-column elementor-col-25 elementor-top-column elementor-element elementor-element-3435443\" data-id=\"3435443\" data-element_type=\"column\">\n\t\t\t<div class=\"elementor-widget-wrap elementor-element-populated\">\n\t\t\t\t\t\t\t\t<div class=\"elementor-element elementor-element-3618451 elementor-widget elementor-widget-heading\" data-id=\"3618451\" data-element_type=\"widget\" data-widget_type=\"heading.default\">\n\t\t\t\t<div class=\"elementor-widget-container\">\n\t\t\t<h2 class=\"elementor-heading-title elementor-size-default\"><br><br>PORT CASK<\/h2>\t\t<\/div>\n\t\t\t\t<\/div>\n\t\t\t\t<div class=\"elementor-element elementor-element-9724e32 elementor-widget elementor-widget-heading\" data-id=\"9724e32\" data-element_type=\"widget\" data-widget_type=\"heading.default\">\n\t\t\t\t<div class=\"elementor-widget-container\">\n\t\t\t<h2 class=\"elementor-heading-title elementor-size-default\"><p data-start=\"898\" data-end=\"952\"><strong data-start=\"898\" data-end=\"952\">Single Malt du Colorado - Vieilli en f\u00fbts de Porto<\/strong><\/p><\/h2>\t\t<\/div>\n\t\t\t\t<\/div>\n\t\t\t\t<div class=\"elementor-element elementor-element-470f4fc elementor-widget elementor-widget-heading\" data-id=\"470f4fc\" data-element_type=\"widget\" data-widget_type=\"heading.default\">\n\t\t\t\t<div class=\"elementor-widget-container\">\n\t\t\t<h2 class=\"elementor-heading-title elementor-size-default\"><p data-start=\"954\" data-end=\"1111\">Ce whisky am\u00e9ricain 100% orge malt\u00e9e r\u00e9v\u00e8le toute la richesse du f\u00fbt de Porto.<span style=\"color: var( --e-global-color-text );\"><\/span><\/p><\/h2>\t\t<\/div>\n\t\t\t\t<\/div>\n\t\t\t\t<div class=\"elementor-element elementor-element-3aadcfd elementor-align-center elementor-widget elementor-widget-button\" data-id=\"3aadcfd\" data-element_type=\"widget\" data-widget_type=\"button.default\">\n\t\t\t\t<div class=\"elementor-widget-container\">\n\t\t\t\t\t<div class=\"elementor-button-wrapper\">\n\t\t\t<a href=\"http:\/\/espritvins.pro\/index.php\/port-cask\/\" class=\"elementor-button-link elementor-button elementor-size-sm\" role=\"button\">\n\t\t\t\t\t\t<span class=\"elementor-button-content-wrapper\">\n\t\t\t\t\t\t<span class=\"elementor-button-text\">D\u00e9couvrir<\/span>\n\t\t<\/span>\n\t\t\t\t\t<\/a>\n\t\t<\/div>\n\t\t\t\t<\/div>\n\t\t\t\t<\/div>\n\t\t\t\t\t<\/div>\n\t\t<\/div>\n\t\t\t\t\t\t\t<\/div>\n\t\t<\/section>\n\t\t\t\t\t\t\t<\/div>\n\t\t","protected":false},"excerpt":{"rendered":"<p>WHISKEY AM\u00c9RICAIN Le Kentucky est le berceau du whiskey am\u00e9ricain appel\u00e9 Bourbon et compte une dizaine de distilleries. La production de whiskey s&rsquo;est r\u00e9pandue gr\u00e2ce aux immigrants qui ont fait voyager avec eux les traditions de distillations au XVIIIe si\u00e8cle. Les fermiers ayant remont\u00e9 la rivi\u00e8re Ohio et s&rsquo;\u00e9tant install\u00e9 au Kentucky, ils d\u00e9veloppent la &hellip; <\/p>\n<p class=\"link-more\"><a href=\"http:\/\/espritvins.pro\/index.php\/etats-unis\/\" class=\"more-link\">Continuer la lecture<span class=\"screen-reader-text\"> de &laquo;&nbsp;\u00c9TATS-UNIS&nbsp;&raquo;<\/span><\/a><\/p>\n","protected":false},"author":1,"featured_media":0,"parent":0,"menu_order":0,"comment_status":"closed","ping_status":"closed","template":"","meta":[],"_links":{"self":[{"href":"http:\/\/espritvins.pro\/index.php\/wp-json\/wp\/v2\/pages\/5302"}],"collection":[{"href":"http:\/\/espritvins.pro\/index.php\/wp-json\/wp\/v2\/pages"}],"about":[{"href":"http:\/\/espritvins.pro\/index.php\/wp-json\/wp\/v2\/types\/page"}],"author":[{"embeddable":true,"href":"http:\/\/espritvins.pro\/index.php\/wp-json\/wp\/v2\/users\/1"}],"replies":[{"embeddable":true,"href":"http:\/\/espritvins.pro\/index.php\/wp-json\/wp\/v2\/comments?post=5302"}],"version-history":[{"count":74,"href":"http:\/\/espritvins.pro\/index.php\/wp-json\/wp\/v2\/pages\/5302\/revisions"}],"predecessor-version":[{"id":6658,"href":"http:\/\/espritvins.pro\/index.php\/wp-json\/wp\/v2\/pages\/5302\/revisions\/6658"}],"wp:attachment":[{"href":"http:\/\/espritvins.pro\/index.php\/wp-json\/wp\/v2\/media?parent=5302"}],"curies":[{"name":"wp","href":"https:\/\/api.w.org\/{rel}","templated":true}]}}