{"id":5386,"date":"2022-07-27T19:06:03","date_gmt":"2022-07-27T17:06:03","guid":{"rendered":"http:\/\/espritvins.pro\/?page_id=5386"},"modified":"2022-07-28T15:11:48","modified_gmt":"2022-07-28T13:11:48","slug":"peated-malt-whiskey","status":"publish","type":"page","link":"http:\/\/espritvins.pro\/index.php\/peated-malt-whiskey\/","title":{"rendered":"PEATED MALT WHISKEY"},"content":{"rendered":"\t\t<div data-elementor-type=\"wp-page\" data-elementor-id=\"5386\" class=\"elementor elementor-5386\">\n\t\t\t\t\t\t\t\t\t<section class=\"elementor-section elementor-top-section elementor-element elementor-element-32ccb0e elementor-section-boxed elementor-section-height-default elementor-section-height-default\" data-id=\"32ccb0e\" data-element_type=\"section\">\n\t\t\t\t\t\t<div class=\"elementor-container elementor-column-gap-default\">\n\t\t\t\t\t<div class=\"elementor-column elementor-col-33 elementor-top-column elementor-element elementor-element-b79c591\" data-id=\"b79c591\" data-element_type=\"column\">\n\t\t\t<div class=\"elementor-widget-wrap elementor-element-populated\">\n\t\t\t\t\t\t\t\t<div class=\"elementor-element elementor-element-8433d1b elementor-widget elementor-widget-image\" data-id=\"8433d1b\" data-element_type=\"widget\" data-widget_type=\"image.default\">\n\t\t\t\t<div class=\"elementor-widget-container\">\n\t\t\t<style>\/*! elementor - v3.7.2 - 21-08-2022 *\/\n.elementor-widget-image{text-align:center}.elementor-widget-image a{display:inline-block}.elementor-widget-image a img[src$=\".svg\"]{width:48px}.elementor-widget-image img{vertical-align:middle;display:inline-block}<\/style>\t\t\t\t\t\t\t\t\t\t\t\t<img width=\"158\" height=\"300\" src=\"http:\/\/espritvins.pro\/wp-content\/uploads\/2022\/07\/Boulder_Spirits_Single_Malt_Peated_SQP.2L-158x300.jpg\" class=\"attachment-medium size-medium\" alt=\"\" loading=\"lazy\" srcset=\"http:\/\/espritvins.pro\/wp-content\/uploads\/2022\/07\/Boulder_Spirits_Single_Malt_Peated_SQP.2L-158x300.jpg 158w, http:\/\/espritvins.pro\/wp-content\/uploads\/2022\/07\/Boulder_Spirits_Single_Malt_Peated_SQP.2L-538x1024.jpg 538w, http:\/\/espritvins.pro\/wp-content\/uploads\/2022\/07\/Boulder_Spirits_Single_Malt_Peated_SQP.2L-768x1462.jpg 768w, http:\/\/espritvins.pro\/wp-content\/uploads\/2022\/07\/Boulder_Spirits_Single_Malt_Peated_SQP.2L-807x1536.jpg 807w, http:\/\/espritvins.pro\/wp-content\/uploads\/2022\/07\/Boulder_Spirits_Single_Malt_Peated_SQP.2L-1076x2048.jpg 1076w, http:\/\/espritvins.pro\/wp-content\/uploads\/2022\/07\/Boulder_Spirits_Single_Malt_Peated_SQP.2L-scaled.jpg 1345w\" sizes=\"100vw\" \/>\t\t\t\t\t\t\t\t\t\t\t\t\t\t\t<\/div>\n\t\t\t\t<\/div>\n\t\t\t\t\t<\/div>\n\t\t<\/div>\n\t\t\t\t<div class=\"elementor-column elementor-col-66 elementor-top-column elementor-element elementor-element-30d6696\" data-id=\"30d6696\" data-element_type=\"column\">\n\t\t\t<div class=\"elementor-widget-wrap elementor-element-populated\">\n\t\t\t\t\t\t\t\t<div class=\"elementor-element elementor-element-12500e8 elementor-widget elementor-widget-heading\" data-id=\"12500e8\" data-element_type=\"widget\" data-widget_type=\"heading.default\">\n\t\t\t\t<div class=\"elementor-widget-container\">\n\t\t\t<style>\/*! elementor - v3.7.2 - 21-08-2022 *\/\n.elementor-heading-title{padding:0;margin:0;line-height:1}.elementor-widget-heading .elementor-heading-title[class*=elementor-size-]>a{color:inherit;font-size:inherit;line-height:inherit}.elementor-widget-heading .elementor-heading-title.elementor-size-small{font-size:15px}.elementor-widget-heading .elementor-heading-title.elementor-size-medium{font-size:19px}.elementor-widget-heading .elementor-heading-title.elementor-size-large{font-size:29px}.elementor-widget-heading .elementor-heading-title.elementor-size-xl{font-size:39px}.elementor-widget-heading .elementor-heading-title.elementor-size-xxl{font-size:59px}<\/style><h2 class=\"elementor-heading-title elementor-size-default\">SA CONSTITUTION<\/h2>\t\t<\/div>\n\t\t\t\t<\/div>\n\t\t\t\t<div class=\"elementor-element elementor-element-c45257a elementor-widget elementor-widget-heading\" data-id=\"c45257a\" data-element_type=\"widget\" data-widget_type=\"heading.default\">\n\t\t\t\t<div class=\"elementor-widget-container\">\n\t\t\t<h2 class=\"elementor-heading-title elementor-size-default\">Ce whiskey est vieilli exclusivement en f\u00fbts de ch\u00eane am\u00e9ricain carbonis\u00e9s et \u00e9lev\u00e9 minimum 3 ans sous le climat semi-aride du Colorado.<\/h2>\t\t<\/div>\n\t\t\t\t<\/div>\n\t\t\t\t<div class=\"elementor-element elementor-element-1202b28 elementor-widget elementor-widget-heading\" data-id=\"1202b28\" data-element_type=\"widget\" data-widget_type=\"heading.default\">\n\t\t\t\t<div class=\"elementor-widget-container\">\n\t\t\t<h2 class=\"elementor-heading-title elementor-size-default\">SA PARTICULARIT\u00c9<\/h2>\t\t<\/div>\n\t\t\t\t<\/div>\n\t\t\t\t<div class=\"elementor-element elementor-element-8e39af2 elementor-widget elementor-widget-heading\" data-id=\"8e39af2\" data-element_type=\"widget\" data-widget_type=\"heading.default\">\n\t\t\t\t<div class=\"elementor-widget-container\">\n\t\t\t<h2 class=\"elementor-heading-title elementor-size-default\">Ce whiskey est distill\u00e9 selon la m\u00e9thode lente.<\/h2>\t\t<\/div>\n\t\t\t\t<\/div>\n\t\t\t\t<div class=\"elementor-element elementor-element-85922c7 elementor-widget elementor-widget-heading\" data-id=\"85922c7\" data-element_type=\"widget\" data-widget_type=\"heading.default\">\n\t\t\t\t<div class=\"elementor-widget-container\">\n\t\t\t<h2 class=\"elementor-heading-title elementor-size-default\">SES AR\u00d4MES<\/h2>\t\t<\/div>\n\t\t\t\t<\/div>\n\t\t\t\t<div class=\"elementor-element elementor-element-a3dd873 elementor-widget elementor-widget-heading\" data-id=\"a3dd873\" data-element_type=\"widget\" data-widget_type=\"heading.default\">\n\t\t\t\t<div class=\"elementor-widget-container\">\n\t\t\t<h2 class=\"elementor-heading-title elementor-size-default\">\u00c9pinette, cr\u00e8me brul\u00e9e, terre.<\/h2>\t\t<\/div>\n\t\t\t\t<\/div>\n\t\t\t\t\t<\/div>\n\t\t<\/div>\n\t\t\t\t\t\t\t<\/div>\n\t\t<\/section>\n\t\t\t\t<section class=\"elementor-section elementor-top-section elementor-element elementor-element-43bd1b0 elementor-section-boxed elementor-section-height-default elementor-section-height-default\" data-id=\"43bd1b0\" data-element_type=\"section\">\n\t\t\t\t\t\t<div class=\"elementor-container elementor-column-gap-default\">\n\t\t\t\t\t<div class=\"elementor-column elementor-col-33 elementor-top-column elementor-element elementor-element-3472c41\" data-id=\"3472c41\" data-element_type=\"column\">\n\t\t\t<div class=\"elementor-widget-wrap\">\n\t\t\t\t\t\t\t\t\t<\/div>\n\t\t<\/div>\n\t\t\t\t<div class=\"elementor-column elementor-col-33 elementor-top-column elementor-element elementor-element-ab95f5b\" data-id=\"ab95f5b\" data-element_type=\"column\">\n\t\t\t<div class=\"elementor-widget-wrap elementor-element-populated\">\n\t\t\t\t\t\t\t\t<div class=\"elementor-element elementor-element-2c98437 elementor-widget elementor-widget-heading\" data-id=\"2c98437\" data-element_type=\"widget\" data-widget_type=\"heading.default\">\n\t\t\t\t<div class=\"elementor-widget-container\">\n\t\t\t<h2 class=\"elementor-heading-title elementor-size-default\">FICHE TECHNIQUE<\/h2>\t\t<\/div>\n\t\t\t\t<\/div>\n\t\t\t\t<div class=\"elementor-element elementor-element-47f6060 elementor-widget elementor-widget-heading\" data-id=\"47f6060\" data-element_type=\"widget\" data-widget_type=\"heading.default\">\n\t\t\t\t<div class=\"elementor-widget-container\">\n\t\t\t<h2 class=\"elementor-heading-title elementor-size-default\">Provenance :<br><br>\u00c9tats-Unis<\/h2>\t\t<\/div>\n\t\t\t\t<\/div>\n\t\t\t\t<div class=\"elementor-element elementor-element-a69a970 elementor-widget elementor-widget-heading\" data-id=\"a69a970\" data-element_type=\"widget\" data-widget_type=\"heading.default\">\n\t\t\t\t<div class=\"elementor-widget-container\">\n\t\t\t<h2 class=\"elementor-heading-title elementor-size-default\">Flaconnage :<br><br>70 cL<\/h2>\t\t<\/div>\n\t\t\t\t<\/div>\n\t\t\t\t<div class=\"elementor-element elementor-element-78a07da elementor-widget elementor-widget-heading\" data-id=\"78a07da\" data-element_type=\"widget\" data-widget_type=\"heading.default\">\n\t\t\t\t<div class=\"elementor-widget-container\">\n\t\t\t<h2 class=\"elementor-heading-title elementor-size-default\">Degr\u00e9 d'alcool :<br><br>46% vol.<\/h2>\t\t<\/div>\n\t\t\t\t<\/div>\n\t\t\t\t<div class=\"elementor-element elementor-element-b415f8b elementor-widget elementor-widget-heading\" data-id=\"b415f8b\" data-element_type=\"widget\" data-widget_type=\"heading.default\">\n\t\t\t\t<div class=\"elementor-widget-container\">\n\t\t\t<h2 class=\"elementor-heading-title elementor-size-default\">Marque :<br><br>Boulder Spirits<\/h2>\t\t<\/div>\n\t\t\t\t<\/div>\n\t\t\t\t<div class=\"elementor-element elementor-element-9ce8ce6 elementor-widget elementor-widget-heading\" data-id=\"9ce8ce6\" data-element_type=\"widget\" data-widget_type=\"heading.default\">\n\t\t\t\t<div class=\"elementor-widget-container\">\n\t\t\t<h2 class=\"elementor-heading-title elementor-size-default\">Type :<br><br>Whiskey<\/h2>\t\t<\/div>\n\t\t\t\t<\/div>\n\t\t\t\t<div class=\"elementor-element elementor-element-47cb6e3 elementor-widget elementor-widget-image\" data-id=\"47cb6e3\" data-element_type=\"widget\" data-widget_type=\"image.default\">\n\t\t\t\t<div class=\"elementor-widget-container\">\n\t\t\t\t\t\t\t\t\t\t\t\t\t\t\t<img width=\"100\" height=\"100\" src=\"http:\/\/espritvins.pro\/wp-content\/uploads\/2021\/09\/NOuveau-Logo-2020-zoom-barbe-100x100.jpg\" class=\"attachment-twentyseventeen-thumbnail-avatar size-twentyseventeen-thumbnail-avatar\" alt=\"\" loading=\"lazy\" srcset=\"http:\/\/espritvins.pro\/wp-content\/uploads\/2021\/09\/NOuveau-Logo-2020-zoom-barbe-100x100.jpg 100w, http:\/\/espritvins.pro\/wp-content\/uploads\/2021\/09\/NOuveau-Logo-2020-zoom-barbe-150x150.jpg 150w\" sizes=\"100vw\" \/>\t\t\t\t\t\t\t\t\t\t\t\t\t\t\t<\/div>\n\t\t\t\t<\/div>\n\t\t\t\t\t<\/div>\n\t\t<\/div>\n\t\t\t\t<div class=\"elementor-column elementor-col-33 elementor-top-column elementor-element elementor-element-52bc3b9\" data-id=\"52bc3b9\" data-element_type=\"column\">\n\t\t\t<div class=\"elementor-widget-wrap\">\n\t\t\t\t\t\t\t\t\t<\/div>\n\t\t<\/div>\n\t\t\t\t\t\t\t<\/div>\n\t\t<\/section>\n\t\t\t\t\t\t\t<\/div>\n\t\t","protected":false},"excerpt":{"rendered":"<p>SA CONSTITUTION Ce whiskey est vieilli exclusivement en f\u00fbts de ch\u00eane am\u00e9ricain carbonis\u00e9s et \u00e9lev\u00e9 minimum 3 ans sous le climat semi-aride du Colorado. SA PARTICULARIT\u00c9 Ce whiskey est distill\u00e9 selon la m\u00e9thode lente. SES AR\u00d4MES \u00c9pinette, cr\u00e8me brul\u00e9e, terre. FICHE TECHNIQUE Provenance : \u00c9tats-Unis Flaconnage : 70 cL Degr\u00e9 d&rsquo;alcool : 46% vol. Marque &hellip; <\/p>\n<p class=\"link-more\"><a href=\"http:\/\/espritvins.pro\/index.php\/peated-malt-whiskey\/\" class=\"more-link\">Continuer la lecture<span class=\"screen-reader-text\"> de &laquo;&nbsp;PEATED MALT WHISKEY&nbsp;&raquo;<\/span><\/a><\/p>\n","protected":false},"author":1,"featured_media":0,"parent":0,"menu_order":0,"comment_status":"closed","ping_status":"closed","template":"","meta":[],"_links":{"self":[{"href":"http:\/\/espritvins.pro\/index.php\/wp-json\/wp\/v2\/pages\/5386"}],"collection":[{"href":"http:\/\/espritvins.pro\/index.php\/wp-json\/wp\/v2\/pages"}],"about":[{"href":"http:\/\/espritvins.pro\/index.php\/wp-json\/wp\/v2\/types\/page"}],"author":[{"embeddable":true,"href":"http:\/\/espritvins.pro\/index.php\/wp-json\/wp\/v2\/users\/1"}],"replies":[{"embeddable":true,"href":"http:\/\/espritvins.pro\/index.php\/wp-json\/wp\/v2\/comments?post=5386"}],"version-history":[{"count":7,"href":"http:\/\/espritvins.pro\/index.php\/wp-json\/wp\/v2\/pages\/5386\/revisions"}],"predecessor-version":[{"id":5429,"href":"http:\/\/espritvins.pro\/index.php\/wp-json\/wp\/v2\/pages\/5386\/revisions\/5429"}],"wp:attachment":[{"href":"http:\/\/espritvins.pro\/index.php\/wp-json\/wp\/v2\/media?parent=5386"}],"curies":[{"name":"wp","href":"https:\/\/api.w.org\/{rel}","templated":true}]}}