{"id":6023,"date":"2025-07-17T11:14:02","date_gmt":"2025-07-17T09:14:02","guid":{"rendered":"http:\/\/espritvins.pro\/?page_id=6023"},"modified":"2025-09-11T17:58:27","modified_gmt":"2025-09-11T15:58:27","slug":"lighthouse","status":"publish","type":"page","link":"http:\/\/espritvins.pro\/index.php\/lighthouse\/","title":{"rendered":"Lighthouse"},"content":{"rendered":"\t\t<div data-elementor-type=\"wp-page\" data-elementor-id=\"6023\" class=\"elementor elementor-6023\">\n\t\t\t\t\t\t\t\t\t<section class=\"elementor-section elementor-top-section elementor-element elementor-element-0b8dfaa elementor-section-boxed elementor-section-height-default elementor-section-height-default\" data-id=\"0b8dfaa\" data-element_type=\"section\">\n\t\t\t\t\t\t<div class=\"elementor-container elementor-column-gap-default\">\n\t\t\t\t\t<div class=\"elementor-column elementor-col-33 elementor-top-column elementor-element elementor-element-6257059\" data-id=\"6257059\" data-element_type=\"column\">\n\t\t\t<div class=\"elementor-widget-wrap\">\n\t\t\t\t\t\t\t\t\t<\/div>\n\t\t<\/div>\n\t\t\t\t<div class=\"elementor-column elementor-col-33 elementor-top-column elementor-element elementor-element-a1a2e59\" data-id=\"a1a2e59\" data-element_type=\"column\">\n\t\t\t<div class=\"elementor-widget-wrap elementor-element-populated\">\n\t\t\t\t\t\t\t\t<div class=\"elementor-element elementor-element-47d6c30 elementor-widget elementor-widget-image\" data-id=\"47d6c30\" data-element_type=\"widget\" data-widget_type=\"image.default\">\n\t\t\t\t<div class=\"elementor-widget-container\">\n\t\t\t<style>\/*! elementor - v3.7.2 - 21-08-2022 *\/\n.elementor-widget-image{text-align:center}.elementor-widget-image a{display:inline-block}.elementor-widget-image a img[src$=\".svg\"]{width:48px}.elementor-widget-image img{vertical-align:middle;display:inline-block}<\/style>\t\t\t\t\t\t\t\t\t\t\t\t<img width=\"150\" height=\"150\" src=\"http:\/\/espritvins.pro\/wp-content\/uploads\/2025\/07\/348837693_271920041957492_8201628335536230682_n-150x150.jpg\" class=\"attachment-thumbnail size-thumbnail\" alt=\"\" loading=\"lazy\" srcset=\"http:\/\/espritvins.pro\/wp-content\/uploads\/2025\/07\/348837693_271920041957492_8201628335536230682_n-150x150.jpg 150w, http:\/\/espritvins.pro\/wp-content\/uploads\/2025\/07\/348837693_271920041957492_8201628335536230682_n-300x300.jpg 300w, http:\/\/espritvins.pro\/wp-content\/uploads\/2025\/07\/348837693_271920041957492_8201628335536230682_n-768x768.jpg 768w, http:\/\/espritvins.pro\/wp-content\/uploads\/2025\/07\/348837693_271920041957492_8201628335536230682_n-100x100.jpg 100w, http:\/\/espritvins.pro\/wp-content\/uploads\/2025\/07\/348837693_271920041957492_8201628335536230682_n.jpg 801w\" sizes=\"100vw\" \/>\t\t\t\t\t\t\t\t\t\t\t\t\t\t\t<\/div>\n\t\t\t\t<\/div>\n\t\t\t\t\t<\/div>\n\t\t<\/div>\n\t\t\t\t<div class=\"elementor-column elementor-col-33 elementor-top-column elementor-element elementor-element-22cbcd8\" data-id=\"22cbcd8\" data-element_type=\"column\">\n\t\t\t<div class=\"elementor-widget-wrap\">\n\t\t\t\t\t\t\t\t\t<\/div>\n\t\t<\/div>\n\t\t\t\t\t\t\t<\/div>\n\t\t<\/section>\n\t\t\t\t<section class=\"elementor-section elementor-top-section elementor-element elementor-element-409c9ce3 elementor-section-boxed elementor-section-height-default elementor-section-height-default\" data-id=\"409c9ce3\" data-element_type=\"section\">\n\t\t\t\t\t\t<div class=\"elementor-container elementor-column-gap-default\">\n\t\t\t\t\t<div class=\"elementor-column elementor-col-25 elementor-top-column elementor-element elementor-element-53dcc876\" data-id=\"53dcc876\" data-element_type=\"column\">\n\t\t\t<div class=\"elementor-widget-wrap elementor-element-populated\">\n\t\t\t\t\t\t\t\t<div class=\"elementor-element elementor-element-4cc2fef elementor-widget elementor-widget-image\" data-id=\"4cc2fef\" data-element_type=\"widget\" data-widget_type=\"image.default\">\n\t\t\t\t<div class=\"elementor-widget-container\">\n\t\t\t\t\t\t\t\t\t\t\t\t\t\t\t<img width=\"119\" height=\"300\" src=\"http:\/\/espritvins.pro\/wp-content\/uploads\/2025\/07\/BOUTEILLE-SITE-1-119x300.png\" class=\"attachment-medium size-medium\" alt=\"\" loading=\"lazy\" srcset=\"http:\/\/espritvins.pro\/wp-content\/uploads\/2025\/07\/BOUTEILLE-SITE-1-119x300.png 119w, http:\/\/espritvins.pro\/wp-content\/uploads\/2025\/07\/BOUTEILLE-SITE-1-405x1024.png 405w, http:\/\/espritvins.pro\/wp-content\/uploads\/2025\/07\/BOUTEILLE-SITE-1.png 540w\" sizes=\"100vw\" \/>\t\t\t\t\t\t\t\t\t\t\t\t\t\t\t<\/div>\n\t\t\t\t<\/div>\n\t\t\t\t\t<\/div>\n\t\t<\/div>\n\t\t\t\t<div class=\"elementor-column elementor-col-25 elementor-top-column elementor-element elementor-element-3e2c5e42\" data-id=\"3e2c5e42\" data-element_type=\"column\">\n\t\t\t<div class=\"elementor-widget-wrap elementor-element-populated\">\n\t\t\t\t\t\t\t\t<div class=\"elementor-element elementor-element-2b4b2c8c elementor-widget elementor-widget-heading\" data-id=\"2b4b2c8c\" data-element_type=\"widget\" data-widget_type=\"heading.default\">\n\t\t\t\t<div class=\"elementor-widget-container\">\n\t\t\t<style>\/*! elementor - v3.7.2 - 21-08-2022 *\/\n.elementor-heading-title{padding:0;margin:0;line-height:1}.elementor-widget-heading .elementor-heading-title[class*=elementor-size-]>a{color:inherit;font-size:inherit;line-height:inherit}.elementor-widget-heading .elementor-heading-title.elementor-size-small{font-size:15px}.elementor-widget-heading .elementor-heading-title.elementor-size-medium{font-size:19px}.elementor-widget-heading .elementor-heading-title.elementor-size-large{font-size:29px}.elementor-widget-heading .elementor-heading-title.elementor-size-xl{font-size:39px}.elementor-widget-heading .elementor-heading-title.elementor-size-xxl{font-size:59px}<\/style><h2 class=\"elementor-heading-title elementor-size-default\"><br><br><span style=\"white-space-collapse: collapse;\">LIGHTHOUSE BLENDED<br><\/span><span style=\"white-space-collapse: collapse;\">WHISKY<\/span><\/h2>\t\t<\/div>\n\t\t\t\t<\/div>\n\t\t\t\t<div class=\"elementor-element elementor-element-5fe9b448 elementor-widget elementor-widget-heading\" data-id=\"5fe9b448\" data-element_type=\"widget\" data-widget_type=\"heading.default\">\n\t\t\t\t<div class=\"elementor-widget-container\">\n\t\t\t<h2 class=\"elementor-heading-title elementor-size-default\"><h2 class=\"elementor-heading-title elementor-size-default\" style=\"white-space-collapse: collapse;\">Assemblage de whiskies \u00e9cossais<\/h2><\/h2>\t\t<\/div>\n\t\t\t\t<\/div>\n\t\t\t\t<div class=\"elementor-element elementor-element-11e12978 elementor-widget elementor-widget-heading\" data-id=\"11e12978\" data-element_type=\"widget\" data-widget_type=\"heading.default\">\n\t\t\t\t<div class=\"elementor-widget-container\">\n\t\t\t<h2 class=\"elementor-heading-title elementor-size-default\"><h2 class=\"elementor-heading-title elementor-size-default\" style=\"white-space-collapse: collapse;\"><p data-start=\"295\" data-end=\"547\">Issu d\u2019un assemblage pr\u00e9cis de single malts et de whiskies de grain, Lighthouse offre un \u00e9quilibre d\u00e9licat.\nOn y retrouve des notes de c\u00e9r\u00e9ales sucr\u00e9es, de miel, de fruits \u00e0 noyau, avec une touche de vanille et de caramel.\n<br>\n<br>\nDegr\u00e9 d\u2019alcool mod\u00e9r\u00e9 \u00e0 40% vol.<\/p><\/h2><\/h2>\t\t<\/div>\n\t\t\t\t<\/div>\n\t\t\t\t<div class=\"elementor-element elementor-element-586699e2 elementor-align-center elementor-widget elementor-widget-button\" data-id=\"586699e2\" data-element_type=\"widget\" data-widget_type=\"button.default\">\n\t\t\t\t<div class=\"elementor-widget-container\">\n\t\t\t\t\t<div class=\"elementor-button-wrapper\">\n\t\t\t<a href=\"http:\/\/espritvins.pro\/index.php\/lighthouse-blended-scotch\/\" class=\"elementor-button-link elementor-button elementor-size-sm\" role=\"button\">\n\t\t\t\t\t\t<span class=\"elementor-button-content-wrapper\">\n\t\t\t\t\t\t<span class=\"elementor-button-text\">D\u00e9couvrir<\/span>\n\t\t<\/span>\n\t\t\t\t\t<\/a>\n\t\t<\/div>\n\t\t\t\t<\/div>\n\t\t\t\t<\/div>\n\t\t\t\t\t<\/div>\n\t\t<\/div>\n\t\t\t\t<div class=\"elementor-column elementor-col-25 elementor-top-column elementor-element elementor-element-692a911d\" data-id=\"692a911d\" data-element_type=\"column\">\n\t\t\t<div class=\"elementor-widget-wrap elementor-element-populated\">\n\t\t\t\t\t\t\t\t<div class=\"elementor-element elementor-element-b4932a7 elementor-widget elementor-widget-image\" data-id=\"b4932a7\" data-element_type=\"widget\" data-widget_type=\"image.default\">\n\t\t\t\t<div class=\"elementor-widget-container\">\n\t\t\t\t\t\t\t\t\t\t\t\t\t\t\t<img width=\"119\" height=\"300\" src=\"http:\/\/espritvins.pro\/wp-content\/uploads\/2025\/07\/BOUTEILLE-SITE-2-119x300.png\" class=\"attachment-medium size-medium\" alt=\"\" loading=\"lazy\" srcset=\"http:\/\/espritvins.pro\/wp-content\/uploads\/2025\/07\/BOUTEILLE-SITE-2-119x300.png 119w, http:\/\/espritvins.pro\/wp-content\/uploads\/2025\/07\/BOUTEILLE-SITE-2-405x1024.png 405w, http:\/\/espritvins.pro\/wp-content\/uploads\/2025\/07\/BOUTEILLE-SITE-2.png 540w\" sizes=\"100vw\" \/>\t\t\t\t\t\t\t\t\t\t\t\t\t\t\t<\/div>\n\t\t\t\t<\/div>\n\t\t\t\t\t<\/div>\n\t\t<\/div>\n\t\t\t\t<div class=\"elementor-column elementor-col-25 elementor-top-column elementor-element elementor-element-618541f3\" data-id=\"618541f3\" data-element_type=\"column\">\n\t\t\t<div class=\"elementor-widget-wrap elementor-element-populated\">\n\t\t\t\t\t\t\t\t<div class=\"elementor-element elementor-element-33fd0b37 elementor-widget elementor-widget-heading\" data-id=\"33fd0b37\" data-element_type=\"widget\" data-widget_type=\"heading.default\">\n\t\t\t\t<div class=\"elementor-widget-container\">\n\t\t\t<h2 class=\"elementor-heading-title elementor-size-default\"><br><br>LIGHTHOUSE LIGHTLY PEATED WHISKY<\/h2>\t\t<\/div>\n\t\t\t\t<\/div>\n\t\t\t\t<div class=\"elementor-element elementor-element-43f5b7c6 elementor-widget elementor-widget-heading\" data-id=\"43f5b7c6\" data-element_type=\"widget\" data-widget_type=\"heading.default\">\n\t\t\t\t<div class=\"elementor-widget-container\">\n\t\t\t<h2 class=\"elementor-heading-title elementor-size-default\">Subtilement tourb\u00e9<\/h2>\t\t<\/div>\n\t\t\t\t<\/div>\n\t\t\t\t<div class=\"elementor-element elementor-element-689600c4 elementor-widget elementor-widget-heading\" data-id=\"689600c4\" data-element_type=\"widget\" data-widget_type=\"heading.default\">\n\t\t\t\t<div class=\"elementor-widget-container\">\n\t\t\t<h2 class=\"elementor-heading-title elementor-size-default\"><span style=\"color: var( --e-global-color-text );\">Cette version du c\u00e9l\u00e8bre blend Lighthouse d\u00e9voile une \u00e9l\u00e9gante touche de tourbe.<\/span><p data-start=\"976\" data-end=\"1183\">\nLes ar\u00f4mes de miel, vanille et fruits \u00e0 noyau s\u2019enrichissent d\u2019une l\u00e9g\u00e8re fum\u00e9e, pour une exp\u00e9rience raffin\u00e9e et \u00e9quilibr\u00e9e.<\/p>\n<p data-start=\"1185\" data-end=\"1307\">Degr\u00e9 d\u2019alcool mod\u00e9r\u00e9 \u00e0 40% vol.<span style=\"color: var( --e-global-color-text );\"><\/span><\/p><\/h2>\t\t<\/div>\n\t\t\t\t<\/div>\n\t\t\t\t<div class=\"elementor-element elementor-element-1653b2cf elementor-align-center elementor-widget elementor-widget-button\" data-id=\"1653b2cf\" data-element_type=\"widget\" data-widget_type=\"button.default\">\n\t\t\t\t<div class=\"elementor-widget-container\">\n\t\t\t\t\t<div class=\"elementor-button-wrapper\">\n\t\t\t<a href=\"http:\/\/espritvins.pro\/index.php\/lighthouse-lightly-peated\/\" class=\"elementor-button-link elementor-button elementor-size-sm\" role=\"button\">\n\t\t\t\t\t\t<span class=\"elementor-button-content-wrapper\">\n\t\t\t\t\t\t<span class=\"elementor-button-text\">D\u00e9couvrir<\/span>\n\t\t<\/span>\n\t\t\t\t\t<\/a>\n\t\t<\/div>\n\t\t\t\t<\/div>\n\t\t\t\t<\/div>\n\t\t\t\t\t<\/div>\n\t\t<\/div>\n\t\t\t\t\t\t\t<\/div>\n\t\t<\/section>\n\t\t\t\t\t\t\t<\/div>\n\t\t","protected":false},"excerpt":{"rendered":"<p>LIGHTHOUSE BLENDEDWHISKY Assemblage de whiskies \u00e9cossais Issu d\u2019un assemblage pr\u00e9cis de single malts et de whiskies de grain, Lighthouse offre un \u00e9quilibre d\u00e9licat. On y retrouve des notes de c\u00e9r\u00e9ales sucr\u00e9es, de miel, de fruits \u00e0 noyau, avec une touche de vanille et de caramel. Degr\u00e9 d\u2019alcool mod\u00e9r\u00e9 \u00e0 40% vol. D\u00e9couvrir LIGHTHOUSE LIGHTLY PEATED &hellip; <\/p>\n<p class=\"link-more\"><a href=\"http:\/\/espritvins.pro\/index.php\/lighthouse\/\" class=\"more-link\">Continuer la lecture<span class=\"screen-reader-text\"> de &laquo;&nbsp;Lighthouse&nbsp;&raquo;<\/span><\/a><\/p>\n","protected":false},"author":1,"featured_media":0,"parent":0,"menu_order":0,"comment_status":"closed","ping_status":"closed","template":"","meta":[],"_links":{"self":[{"href":"http:\/\/espritvins.pro\/index.php\/wp-json\/wp\/v2\/pages\/6023"}],"collection":[{"href":"http:\/\/espritvins.pro\/index.php\/wp-json\/wp\/v2\/pages"}],"about":[{"href":"http:\/\/espritvins.pro\/index.php\/wp-json\/wp\/v2\/types\/page"}],"author":[{"embeddable":true,"href":"http:\/\/espritvins.pro\/index.php\/wp-json\/wp\/v2\/users\/1"}],"replies":[{"embeddable":true,"href":"http:\/\/espritvins.pro\/index.php\/wp-json\/wp\/v2\/comments?post=6023"}],"version-history":[{"count":20,"href":"http:\/\/espritvins.pro\/index.php\/wp-json\/wp\/v2\/pages\/6023\/revisions"}],"predecessor-version":[{"id":6615,"href":"http:\/\/espritvins.pro\/index.php\/wp-json\/wp\/v2\/pages\/6023\/revisions\/6615"}],"wp:attachment":[{"href":"http:\/\/espritvins.pro\/index.php\/wp-json\/wp\/v2\/media?parent=6023"}],"curies":[{"name":"wp","href":"https:\/\/api.w.org\/{rel}","templated":true}]}}