{"id":6038,"date":"2025-07-17T11:27:22","date_gmt":"2025-07-17T09:27:22","guid":{"rendered":"http:\/\/espritvins.pro\/?page_id=6038"},"modified":"2025-07-17T11:31:52","modified_gmt":"2025-07-17T09:31:52","slug":"lighthouse-lightly-peated","status":"publish","type":"page","link":"http:\/\/espritvins.pro\/index.php\/lighthouse-lightly-peated\/","title":{"rendered":"LIGHTHOUSE LIGHTY PEATED BLENDED SCOTCH"},"content":{"rendered":"\t\t<div data-elementor-type=\"wp-page\" data-elementor-id=\"6038\" class=\"elementor elementor-6038\">\n\t\t\t\t\t\t\t\t\t<section class=\"elementor-section elementor-top-section elementor-element elementor-element-437b5b73 elementor-section-boxed elementor-section-height-default elementor-section-height-default\" data-id=\"437b5b73\" data-element_type=\"section\">\n\t\t\t\t\t\t<div class=\"elementor-container elementor-column-gap-default\">\n\t\t\t\t\t<div class=\"elementor-column elementor-col-33 elementor-top-column elementor-element elementor-element-64a7c42c\" data-id=\"64a7c42c\" data-element_type=\"column\">\n\t\t\t<div class=\"elementor-widget-wrap elementor-element-populated\">\n\t\t\t\t\t\t\t\t<div class=\"elementor-element elementor-element-2ca5503e elementor-widget elementor-widget-image\" data-id=\"2ca5503e\" data-element_type=\"widget\" data-widget_type=\"image.default\">\n\t\t\t\t<div class=\"elementor-widget-container\">\n\t\t\t<style>\/*! elementor - v3.7.2 - 21-08-2022 *\/\n.elementor-widget-image{text-align:center}.elementor-widget-image a{display:inline-block}.elementor-widget-image a img[src$=\".svg\"]{width:48px}.elementor-widget-image img{vertical-align:middle;display:inline-block}<\/style>\t\t\t\t\t\t\t\t\t\t\t\t<img width=\"119\" height=\"300\" src=\"http:\/\/espritvins.pro\/wp-content\/uploads\/2025\/07\/BOUTEILLE-SITE-2-119x300.png\" class=\"attachment-medium size-medium\" alt=\"\" loading=\"lazy\" srcset=\"http:\/\/espritvins.pro\/wp-content\/uploads\/2025\/07\/BOUTEILLE-SITE-2-119x300.png 119w, http:\/\/espritvins.pro\/wp-content\/uploads\/2025\/07\/BOUTEILLE-SITE-2-405x1024.png 405w, http:\/\/espritvins.pro\/wp-content\/uploads\/2025\/07\/BOUTEILLE-SITE-2.png 540w\" sizes=\"100vw\" \/>\t\t\t\t\t\t\t\t\t\t\t\t\t\t\t<\/div>\n\t\t\t\t<\/div>\n\t\t\t\t\t<\/div>\n\t\t<\/div>\n\t\t\t\t<div class=\"elementor-column elementor-col-66 elementor-top-column elementor-element elementor-element-2920373\" data-id=\"2920373\" data-element_type=\"column\">\n\t\t\t<div class=\"elementor-widget-wrap elementor-element-populated\">\n\t\t\t\t\t\t\t\t<div class=\"elementor-element elementor-element-1cbf86ef elementor-widget elementor-widget-heading\" data-id=\"1cbf86ef\" data-element_type=\"widget\" data-widget_type=\"heading.default\">\n\t\t\t\t<div class=\"elementor-widget-container\">\n\t\t\t<style>\/*! elementor - v3.7.2 - 21-08-2022 *\/\n.elementor-heading-title{padding:0;margin:0;line-height:1}.elementor-widget-heading .elementor-heading-title[class*=elementor-size-]>a{color:inherit;font-size:inherit;line-height:inherit}.elementor-widget-heading .elementor-heading-title.elementor-size-small{font-size:15px}.elementor-widget-heading .elementor-heading-title.elementor-size-medium{font-size:19px}.elementor-widget-heading .elementor-heading-title.elementor-size-large{font-size:29px}.elementor-widget-heading .elementor-heading-title.elementor-size-xl{font-size:39px}.elementor-widget-heading .elementor-heading-title.elementor-size-xxl{font-size:59px}<\/style><h2 class=\"elementor-heading-title elementor-size-default\"><br><br>SA CONSTITUTION<\/h2>\t\t<\/div>\n\t\t\t\t<\/div>\n\t\t\t\t<div class=\"elementor-element elementor-element-16f57109 elementor-widget elementor-widget-heading\" data-id=\"16f57109\" data-element_type=\"widget\" data-widget_type=\"heading.default\">\n\t\t\t\t<div class=\"elementor-widget-container\">\n\t\t\t<h2 class=\"elementor-heading-title elementor-size-default\">Assemblage \u00e9quilibr\u00e9 de single malts et de whiskies de grain, avec une subtile touche de tourbe.<\/h2>\t\t<\/div>\n\t\t\t\t<\/div>\n\t\t\t\t<div class=\"elementor-element elementor-element-34433689 elementor-widget elementor-widget-heading\" data-id=\"34433689\" data-element_type=\"widget\" data-widget_type=\"heading.default\">\n\t\t\t\t<div class=\"elementor-widget-container\">\n\t\t\t<h2 class=\"elementor-heading-title elementor-size-default\">SA PARTICULARIT\u00c9<\/h2>\t\t<\/div>\n\t\t\t\t<\/div>\n\t\t\t\t<div class=\"elementor-element elementor-element-68a9bbc2 elementor-widget elementor-widget-heading\" data-id=\"68a9bbc2\" data-element_type=\"widget\" data-widget_type=\"heading.default\">\n\t\t\t\t<div class=\"elementor-widget-container\">\n\t\t\t<h2 class=\"elementor-heading-title elementor-size-default\">Un whisky l\u00e9g\u00e8rement tourb\u00e9 \u00e0 40%<\/h2>\t\t<\/div>\n\t\t\t\t<\/div>\n\t\t\t\t<div class=\"elementor-element elementor-element-d152b59 elementor-widget elementor-widget-heading\" data-id=\"d152b59\" data-element_type=\"widget\" data-widget_type=\"heading.default\">\n\t\t\t\t<div class=\"elementor-widget-container\">\n\t\t\t<h2 class=\"elementor-heading-title elementor-size-default\">SES AR\u00d4MES<\/h2>\t\t<\/div>\n\t\t\t\t<\/div>\n\t\t\t\t<div class=\"elementor-element elementor-element-3b13606b elementor-widget elementor-widget-heading\" data-id=\"3b13606b\" data-element_type=\"widget\" data-widget_type=\"heading.default\">\n\t\t\t\t<div class=\"elementor-widget-container\">\n\t\t\t<h2 class=\"elementor-heading-title elementor-size-default\">Il r\u00e9v\u00e8le des notes de miel, vanille, fruits \u00e0 noyau et une fum\u00e9e l\u00e9g\u00e8re, \u00e9l\u00e9gante et bien int\u00e9gr\u00e9e.<\/h2>\t\t<\/div>\n\t\t\t\t<\/div>\n\t\t\t\t\t<\/div>\n\t\t<\/div>\n\t\t\t\t\t\t\t<\/div>\n\t\t<\/section>\n\t\t\t\t<section class=\"elementor-section elementor-top-section elementor-element elementor-element-1eddfc64 elementor-section-boxed elementor-section-height-default elementor-section-height-default\" data-id=\"1eddfc64\" data-element_type=\"section\">\n\t\t\t\t\t\t<div class=\"elementor-container elementor-column-gap-default\">\n\t\t\t\t\t<div class=\"elementor-column elementor-col-33 elementor-top-column elementor-element elementor-element-1e26ef79\" data-id=\"1e26ef79\" data-element_type=\"column\">\n\t\t\t<div class=\"elementor-widget-wrap\">\n\t\t\t\t\t\t\t\t\t<\/div>\n\t\t<\/div>\n\t\t\t\t<div class=\"elementor-column elementor-col-33 elementor-top-column elementor-element elementor-element-677fd3ef\" data-id=\"677fd3ef\" data-element_type=\"column\">\n\t\t\t<div class=\"elementor-widget-wrap elementor-element-populated\">\n\t\t\t\t\t\t\t\t<div class=\"elementor-element elementor-element-58083824 elementor-widget elementor-widget-heading\" data-id=\"58083824\" data-element_type=\"widget\" data-widget_type=\"heading.default\">\n\t\t\t\t<div class=\"elementor-widget-container\">\n\t\t\t<h2 class=\"elementor-heading-title elementor-size-default\">FICHE TECHNIQUE<\/h2>\t\t<\/div>\n\t\t\t\t<\/div>\n\t\t\t\t<div class=\"elementor-element elementor-element-49eb4ebf elementor-widget elementor-widget-heading\" data-id=\"49eb4ebf\" data-element_type=\"widget\" data-widget_type=\"heading.default\">\n\t\t\t\t<div class=\"elementor-widget-container\">\n\t\t\t<h2 class=\"elementor-heading-title elementor-size-default\">Provenance :<br><br>\u00c9COSSE<\/h2>\t\t<\/div>\n\t\t\t\t<\/div>\n\t\t\t\t<div class=\"elementor-element elementor-element-80cc2ce elementor-widget elementor-widget-heading\" data-id=\"80cc2ce\" data-element_type=\"widget\" data-widget_type=\"heading.default\">\n\t\t\t\t<div class=\"elementor-widget-container\">\n\t\t\t<h2 class=\"elementor-heading-title elementor-size-default\">Flaconnage :<br><br>70cL<\/h2>\t\t<\/div>\n\t\t\t\t<\/div>\n\t\t\t\t<div class=\"elementor-element elementor-element-70c75763 elementor-widget elementor-widget-heading\" data-id=\"70c75763\" data-element_type=\"widget\" data-widget_type=\"heading.default\">\n\t\t\t\t<div class=\"elementor-widget-container\">\n\t\t\t<h2 class=\"elementor-heading-title elementor-size-default\">Degr\u00e9 d'alcool :<br><br>40%<\/h2>\t\t<\/div>\n\t\t\t\t<\/div>\n\t\t\t\t<div class=\"elementor-element elementor-element-2d99856d elementor-widget elementor-widget-heading\" data-id=\"2d99856d\" data-element_type=\"widget\" data-widget_type=\"heading.default\">\n\t\t\t\t<div class=\"elementor-widget-container\">\n\t\t\t<h2 class=\"elementor-heading-title elementor-size-default\">Marque :<br><br>Lighthouse<\/h2>\t\t<\/div>\n\t\t\t\t<\/div>\n\t\t\t\t<div class=\"elementor-element elementor-element-2bf5b69d elementor-widget elementor-widget-heading\" data-id=\"2bf5b69d\" data-element_type=\"widget\" data-widget_type=\"heading.default\">\n\t\t\t\t<div class=\"elementor-widget-container\">\n\t\t\t<h2 class=\"elementor-heading-title elementor-size-default\">Type :<br><br>Whisky<\/h2>\t\t<\/div>\n\t\t\t\t<\/div>\n\t\t\t\t<div class=\"elementor-element elementor-element-38e84a23 elementor-widget elementor-widget-image\" data-id=\"38e84a23\" data-element_type=\"widget\" data-widget_type=\"image.default\">\n\t\t\t\t<div class=\"elementor-widget-container\">\n\t\t\t\t\t\t\t\t\t\t\t\t\t\t\t<img width=\"100\" height=\"100\" src=\"http:\/\/espritvins.pro\/wp-content\/uploads\/2021\/09\/NOuveau-Logo-2020-zoom-barbe-100x100.jpg\" class=\"attachment-twentyseventeen-thumbnail-avatar size-twentyseventeen-thumbnail-avatar\" alt=\"\" loading=\"lazy\" srcset=\"http:\/\/espritvins.pro\/wp-content\/uploads\/2021\/09\/NOuveau-Logo-2020-zoom-barbe-100x100.jpg 100w, http:\/\/espritvins.pro\/wp-content\/uploads\/2021\/09\/NOuveau-Logo-2020-zoom-barbe-150x150.jpg 150w\" sizes=\"100vw\" \/>\t\t\t\t\t\t\t\t\t\t\t\t\t\t\t<\/div>\n\t\t\t\t<\/div>\n\t\t\t\t\t<\/div>\n\t\t<\/div>\n\t\t\t\t<div class=\"elementor-column elementor-col-33 elementor-top-column elementor-element elementor-element-77db1643\" data-id=\"77db1643\" data-element_type=\"column\">\n\t\t\t<div class=\"elementor-widget-wrap\">\n\t\t\t\t\t\t\t\t\t<\/div>\n\t\t<\/div>\n\t\t\t\t\t\t\t<\/div>\n\t\t<\/section>\n\t\t\t\t\t\t\t<\/div>\n\t\t","protected":false},"excerpt":{"rendered":"<p>SA CONSTITUTION Assemblage \u00e9quilibr\u00e9 de single malts et de whiskies de grain, avec une subtile touche de tourbe. SA PARTICULARIT\u00c9 Un whisky l\u00e9g\u00e8rement tourb\u00e9 \u00e0 40% SES AR\u00d4MES Il r\u00e9v\u00e8le des notes de miel, vanille, fruits \u00e0 noyau et une fum\u00e9e l\u00e9g\u00e8re, \u00e9l\u00e9gante et bien int\u00e9gr\u00e9e. FICHE TECHNIQUE Provenance : \u00c9COSSE Flaconnage : 70cL Degr\u00e9 &hellip; <\/p>\n<p class=\"link-more\"><a href=\"http:\/\/espritvins.pro\/index.php\/lighthouse-lightly-peated\/\" class=\"more-link\">Continuer la lecture<span class=\"screen-reader-text\"> de &laquo;&nbsp;LIGHTHOUSE LIGHTY PEATED BLENDED SCOTCH&nbsp;&raquo;<\/span><\/a><\/p>\n","protected":false},"author":1,"featured_media":0,"parent":0,"menu_order":0,"comment_status":"closed","ping_status":"closed","template":"","meta":[],"_links":{"self":[{"href":"http:\/\/espritvins.pro\/index.php\/wp-json\/wp\/v2\/pages\/6038"}],"collection":[{"href":"http:\/\/espritvins.pro\/index.php\/wp-json\/wp\/v2\/pages"}],"about":[{"href":"http:\/\/espritvins.pro\/index.php\/wp-json\/wp\/v2\/types\/page"}],"author":[{"embeddable":true,"href":"http:\/\/espritvins.pro\/index.php\/wp-json\/wp\/v2\/users\/1"}],"replies":[{"embeddable":true,"href":"http:\/\/espritvins.pro\/index.php\/wp-json\/wp\/v2\/comments?post=6038"}],"version-history":[{"count":5,"href":"http:\/\/espritvins.pro\/index.php\/wp-json\/wp\/v2\/pages\/6038\/revisions"}],"predecessor-version":[{"id":6044,"href":"http:\/\/espritvins.pro\/index.php\/wp-json\/wp\/v2\/pages\/6038\/revisions\/6044"}],"wp:attachment":[{"href":"http:\/\/espritvins.pro\/index.php\/wp-json\/wp\/v2\/media?parent=6038"}],"curies":[{"name":"wp","href":"https:\/\/api.w.org\/{rel}","templated":true}]}}