{"id":6151,"date":"2025-07-19T10:55:29","date_gmt":"2025-07-19T08:55:29","guid":{"rendered":"http:\/\/espritvins.pro\/?page_id=6151"},"modified":"2025-07-19T10:58:03","modified_gmt":"2025-07-19T08:58:03","slug":"limitless-blended-malt-scotch","status":"publish","type":"page","link":"http:\/\/espritvins.pro\/index.php\/limitless-blended-malt-scotch\/","title":{"rendered":"LIMITLESS BLENDED SCOTCH"},"content":{"rendered":"\t\t<div data-elementor-type=\"wp-page\" data-elementor-id=\"6151\" class=\"elementor elementor-6151\">\n\t\t\t\t\t\t\t\t\t<section class=\"elementor-section elementor-top-section elementor-element elementor-element-f6e0d4a elementor-section-boxed elementor-section-height-default elementor-section-height-default\" data-id=\"f6e0d4a\" data-element_type=\"section\">\n\t\t\t\t\t\t<div class=\"elementor-container elementor-column-gap-default\">\n\t\t\t\t\t<div class=\"elementor-column elementor-col-33 elementor-top-column elementor-element elementor-element-6d2d8c7a\" data-id=\"6d2d8c7a\" data-element_type=\"column\">\n\t\t\t<div class=\"elementor-widget-wrap elementor-element-populated\">\n\t\t\t\t\t\t\t\t<div class=\"elementor-element elementor-element-18735810 elementor-widget elementor-widget-image\" data-id=\"18735810\" data-element_type=\"widget\" data-widget_type=\"image.default\">\n\t\t\t\t<div class=\"elementor-widget-container\">\n\t\t\t<style>\/*! elementor - v3.7.2 - 21-08-2022 *\/\n.elementor-widget-image{text-align:center}.elementor-widget-image a{display:inline-block}.elementor-widget-image a img[src$=\".svg\"]{width:48px}.elementor-widget-image img{vertical-align:middle;display:inline-block}<\/style>\t\t\t\t\t\t\t\t\t\t\t\t<img width=\"119\" height=\"300\" src=\"http:\/\/espritvins.pro\/wp-content\/uploads\/2025\/07\/BOUTEILLE-SITE-1-119x300.jpg\" class=\"attachment-medium size-medium\" alt=\"\" loading=\"lazy\" srcset=\"http:\/\/espritvins.pro\/wp-content\/uploads\/2025\/07\/BOUTEILLE-SITE-1-119x300.jpg 119w, http:\/\/espritvins.pro\/wp-content\/uploads\/2025\/07\/BOUTEILLE-SITE-1-405x1024.jpg 405w, http:\/\/espritvins.pro\/wp-content\/uploads\/2025\/07\/BOUTEILLE-SITE-1.jpg 540w\" sizes=\"100vw\" \/>\t\t\t\t\t\t\t\t\t\t\t\t\t\t\t<\/div>\n\t\t\t\t<\/div>\n\t\t\t\t\t<\/div>\n\t\t<\/div>\n\t\t\t\t<div class=\"elementor-column elementor-col-66 elementor-top-column elementor-element elementor-element-77d1ca10\" data-id=\"77d1ca10\" data-element_type=\"column\">\n\t\t\t<div class=\"elementor-widget-wrap elementor-element-populated\">\n\t\t\t\t\t\t\t\t<div class=\"elementor-element elementor-element-71927ccb elementor-widget elementor-widget-heading\" data-id=\"71927ccb\" data-element_type=\"widget\" data-widget_type=\"heading.default\">\n\t\t\t\t<div class=\"elementor-widget-container\">\n\t\t\t<style>\/*! elementor - v3.7.2 - 21-08-2022 *\/\n.elementor-heading-title{padding:0;margin:0;line-height:1}.elementor-widget-heading .elementor-heading-title[class*=elementor-size-]>a{color:inherit;font-size:inherit;line-height:inherit}.elementor-widget-heading .elementor-heading-title.elementor-size-small{font-size:15px}.elementor-widget-heading .elementor-heading-title.elementor-size-medium{font-size:19px}.elementor-widget-heading .elementor-heading-title.elementor-size-large{font-size:29px}.elementor-widget-heading .elementor-heading-title.elementor-size-xl{font-size:39px}.elementor-widget-heading .elementor-heading-title.elementor-size-xxl{font-size:59px}<\/style><h2 class=\"elementor-heading-title elementor-size-default\"><br><br>SA CONSTITUTION<\/h2>\t\t<\/div>\n\t\t\t\t<\/div>\n\t\t\t\t<div class=\"elementor-element elementor-element-5ffa5fa0 elementor-widget elementor-widget-heading\" data-id=\"5ffa5fa0\" data-element_type=\"widget\" data-widget_type=\"heading.default\">\n\t\t\t\t<div class=\"elementor-widget-container\">\n\t\t\t<h2 class=\"elementor-heading-title elementor-size-default\">Assemblage de malts issus des Highlands et d\u2019Islay, vieilli en f\u00fbts de bourbon puis affin\u00e9 en f\u00fbts de vin rouge de second remplissage.<\/h2>\t\t<\/div>\n\t\t\t\t<\/div>\n\t\t\t\t<div class=\"elementor-element elementor-element-55ea9236 elementor-widget elementor-widget-heading\" data-id=\"55ea9236\" data-element_type=\"widget\" data-widget_type=\"heading.default\">\n\t\t\t\t<div class=\"elementor-widget-container\">\n\t\t\t<h2 class=\"elementor-heading-title elementor-size-default\">SA PARTICULARIT\u00c9<\/h2>\t\t<\/div>\n\t\t\t\t<\/div>\n\t\t\t\t<div class=\"elementor-element elementor-element-6e4ea945 elementor-widget elementor-widget-heading\" data-id=\"6e4ea945\" data-element_type=\"widget\" data-widget_type=\"heading.default\">\n\t\t\t\t<div class=\"elementor-widget-container\">\n\t\t\t<h2 class=\"elementor-heading-title elementor-size-default\"><p data-start=\"411\" data-end=\"518\">Premier Blended Malt de la gamme Limitless, l\u00e9g\u00e8rement tourb\u00e9, embouteill\u00e9 \u00e0 46%, sans filtration \u00e0 froid.<\/p><\/h2>\t\t<\/div>\n\t\t\t\t<\/div>\n\t\t\t\t<div class=\"elementor-element elementor-element-5bb65010 elementor-widget elementor-widget-heading\" data-id=\"5bb65010\" data-element_type=\"widget\" data-widget_type=\"heading.default\">\n\t\t\t\t<div class=\"elementor-widget-container\">\n\t\t\t<h2 class=\"elementor-heading-title elementor-size-default\">SES AR\u00d4MES<\/h2>\t\t<\/div>\n\t\t\t\t<\/div>\n\t\t\t\t<div class=\"elementor-element elementor-element-c237d9e elementor-widget elementor-widget-heading\" data-id=\"c237d9e\" data-element_type=\"widget\" data-widget_type=\"heading.default\">\n\t\t\t\t<div class=\"elementor-widget-container\">\n\t\t\t<h2 class=\"elementor-heading-title elementor-size-default\">Il m\u00eale des notes de c\u00e9r\u00e9ales, de tourbe fine et de noix de p\u00e9can torr\u00e9fi\u00e9es, pour une d\u00e9gustation \u00e9quilibr\u00e9e et accessible.<\/h2>\t\t<\/div>\n\t\t\t\t<\/div>\n\t\t\t\t\t<\/div>\n\t\t<\/div>\n\t\t\t\t\t\t\t<\/div>\n\t\t<\/section>\n\t\t\t\t<section class=\"elementor-section elementor-top-section elementor-element elementor-element-1f590fe4 elementor-section-boxed elementor-section-height-default elementor-section-height-default\" data-id=\"1f590fe4\" data-element_type=\"section\">\n\t\t\t\t\t\t<div class=\"elementor-container elementor-column-gap-default\">\n\t\t\t\t\t<div class=\"elementor-column elementor-col-33 elementor-top-column elementor-element elementor-element-2d3c6112\" data-id=\"2d3c6112\" data-element_type=\"column\">\n\t\t\t<div class=\"elementor-widget-wrap\">\n\t\t\t\t\t\t\t\t\t<\/div>\n\t\t<\/div>\n\t\t\t\t<div class=\"elementor-column elementor-col-33 elementor-top-column elementor-element elementor-element-da6cca3\" data-id=\"da6cca3\" data-element_type=\"column\">\n\t\t\t<div class=\"elementor-widget-wrap elementor-element-populated\">\n\t\t\t\t\t\t\t\t<div class=\"elementor-element elementor-element-62c13ff1 elementor-widget elementor-widget-heading\" data-id=\"62c13ff1\" data-element_type=\"widget\" data-widget_type=\"heading.default\">\n\t\t\t\t<div class=\"elementor-widget-container\">\n\t\t\t<h2 class=\"elementor-heading-title elementor-size-default\">FICHE TECHNIQUE<\/h2>\t\t<\/div>\n\t\t\t\t<\/div>\n\t\t\t\t<div class=\"elementor-element elementor-element-15920808 elementor-widget elementor-widget-heading\" data-id=\"15920808\" data-element_type=\"widget\" data-widget_type=\"heading.default\">\n\t\t\t\t<div class=\"elementor-widget-container\">\n\t\t\t<h2 class=\"elementor-heading-title elementor-size-default\">Provenance :<br><br>\u00c9COSSE<\/h2>\t\t<\/div>\n\t\t\t\t<\/div>\n\t\t\t\t<div class=\"elementor-element elementor-element-6c093f31 elementor-widget elementor-widget-heading\" data-id=\"6c093f31\" data-element_type=\"widget\" data-widget_type=\"heading.default\">\n\t\t\t\t<div class=\"elementor-widget-container\">\n\t\t\t<h2 class=\"elementor-heading-title elementor-size-default\">Flaconnage :<br><br>70cL<\/h2>\t\t<\/div>\n\t\t\t\t<\/div>\n\t\t\t\t<div class=\"elementor-element elementor-element-4026ffd6 elementor-widget elementor-widget-heading\" data-id=\"4026ffd6\" data-element_type=\"widget\" data-widget_type=\"heading.default\">\n\t\t\t\t<div class=\"elementor-widget-container\">\n\t\t\t<h2 class=\"elementor-heading-title elementor-size-default\">Degr\u00e9 d'alcool :<br><br>46%<\/h2>\t\t<\/div>\n\t\t\t\t<\/div>\n\t\t\t\t<div class=\"elementor-element elementor-element-4bd3c7e0 elementor-widget elementor-widget-heading\" data-id=\"4bd3c7e0\" data-element_type=\"widget\" data-widget_type=\"heading.default\">\n\t\t\t\t<div class=\"elementor-widget-container\">\n\t\t\t<h2 class=\"elementor-heading-title elementor-size-default\">Marque :<br><br>Whisky Is The Limit<\/h2>\t\t<\/div>\n\t\t\t\t<\/div>\n\t\t\t\t<div class=\"elementor-element elementor-element-1ace2254 elementor-widget elementor-widget-heading\" data-id=\"1ace2254\" data-element_type=\"widget\" data-widget_type=\"heading.default\">\n\t\t\t\t<div class=\"elementor-widget-container\">\n\t\t\t<h2 class=\"elementor-heading-title elementor-size-default\">Type :<br><br>Whisky<\/h2>\t\t<\/div>\n\t\t\t\t<\/div>\n\t\t\t\t<div class=\"elementor-element elementor-element-4a5a0199 elementor-widget elementor-widget-image\" data-id=\"4a5a0199\" data-element_type=\"widget\" data-widget_type=\"image.default\">\n\t\t\t\t<div class=\"elementor-widget-container\">\n\t\t\t\t\t\t\t\t\t\t\t\t\t\t\t<img width=\"100\" height=\"100\" src=\"http:\/\/espritvins.pro\/wp-content\/uploads\/2021\/09\/NOuveau-Logo-2020-zoom-barbe-100x100.jpg\" class=\"attachment-twentyseventeen-thumbnail-avatar size-twentyseventeen-thumbnail-avatar\" alt=\"\" loading=\"lazy\" srcset=\"http:\/\/espritvins.pro\/wp-content\/uploads\/2021\/09\/NOuveau-Logo-2020-zoom-barbe-100x100.jpg 100w, http:\/\/espritvins.pro\/wp-content\/uploads\/2021\/09\/NOuveau-Logo-2020-zoom-barbe-150x150.jpg 150w\" sizes=\"100vw\" \/>\t\t\t\t\t\t\t\t\t\t\t\t\t\t\t<\/div>\n\t\t\t\t<\/div>\n\t\t\t\t\t<\/div>\n\t\t<\/div>\n\t\t\t\t<div class=\"elementor-column elementor-col-33 elementor-top-column elementor-element elementor-element-5cb13bf6\" data-id=\"5cb13bf6\" data-element_type=\"column\">\n\t\t\t<div class=\"elementor-widget-wrap\">\n\t\t\t\t\t\t\t\t\t<\/div>\n\t\t<\/div>\n\t\t\t\t\t\t\t<\/div>\n\t\t<\/section>\n\t\t\t\t\t\t\t<\/div>\n\t\t","protected":false},"excerpt":{"rendered":"<p>SA CONSTITUTION Assemblage de malts issus des Highlands et d\u2019Islay, vieilli en f\u00fbts de bourbon puis affin\u00e9 en f\u00fbts de vin rouge de second remplissage. SA PARTICULARIT\u00c9 Premier Blended Malt de la gamme Limitless, l\u00e9g\u00e8rement tourb\u00e9, embouteill\u00e9 \u00e0 46%, sans filtration \u00e0 froid. SES AR\u00d4MES Il m\u00eale des notes de c\u00e9r\u00e9ales, de tourbe fine et &hellip; <\/p>\n<p class=\"link-more\"><a href=\"http:\/\/espritvins.pro\/index.php\/limitless-blended-malt-scotch\/\" class=\"more-link\">Continuer la lecture<span class=\"screen-reader-text\"> de &laquo;&nbsp;LIMITLESS BLENDED SCOTCH&nbsp;&raquo;<\/span><\/a><\/p>\n","protected":false},"author":1,"featured_media":0,"parent":0,"menu_order":0,"comment_status":"closed","ping_status":"closed","template":"","meta":[],"_links":{"self":[{"href":"http:\/\/espritvins.pro\/index.php\/wp-json\/wp\/v2\/pages\/6151"}],"collection":[{"href":"http:\/\/espritvins.pro\/index.php\/wp-json\/wp\/v2\/pages"}],"about":[{"href":"http:\/\/espritvins.pro\/index.php\/wp-json\/wp\/v2\/types\/page"}],"author":[{"embeddable":true,"href":"http:\/\/espritvins.pro\/index.php\/wp-json\/wp\/v2\/users\/1"}],"replies":[{"embeddable":true,"href":"http:\/\/espritvins.pro\/index.php\/wp-json\/wp\/v2\/comments?post=6151"}],"version-history":[{"count":5,"href":"http:\/\/espritvins.pro\/index.php\/wp-json\/wp\/v2\/pages\/6151\/revisions"}],"predecessor-version":[{"id":6157,"href":"http:\/\/espritvins.pro\/index.php\/wp-json\/wp\/v2\/pages\/6151\/revisions\/6157"}],"wp:attachment":[{"href":"http:\/\/espritvins.pro\/index.php\/wp-json\/wp\/v2\/media?parent=6151"}],"curies":[{"name":"wp","href":"https:\/\/api.w.org\/{rel}","templated":true}]}}