{"id":6259,"date":"2025-07-19T15:07:30","date_gmt":"2025-07-19T13:07:30","guid":{"rendered":"http:\/\/espritvins.pro\/?page_id=6259"},"modified":"2025-09-11T19:17:24","modified_gmt":"2025-09-11T17:17:24","slug":"boulder-bottled-in-bond","status":"publish","type":"page","link":"http:\/\/espritvins.pro\/index.php\/boulder-bottled-in-bond\/","title":{"rendered":"Bottled in Bond whiskey"},"content":{"rendered":"\t\t<div data-elementor-type=\"wp-page\" data-elementor-id=\"6259\" class=\"elementor elementor-6259\">\n\t\t\t\t\t\t\t\t\t<section class=\"elementor-section elementor-top-section elementor-element elementor-element-743ed929 elementor-section-boxed elementor-section-height-default elementor-section-height-default\" data-id=\"743ed929\" data-element_type=\"section\">\n\t\t\t\t\t\t<div class=\"elementor-container elementor-column-gap-default\">\n\t\t\t\t\t<div class=\"elementor-column elementor-col-33 elementor-top-column elementor-element elementor-element-7891b619\" data-id=\"7891b619\" data-element_type=\"column\">\n\t\t\t<div class=\"elementor-widget-wrap elementor-element-populated\">\n\t\t\t\t\t\t\t\t<div class=\"elementor-element elementor-element-7b079377 elementor-widget elementor-widget-image\" data-id=\"7b079377\" data-element_type=\"widget\" data-widget_type=\"image.default\">\n\t\t\t\t<div class=\"elementor-widget-container\">\n\t\t\t<style>\/*! elementor - v3.7.2 - 21-08-2022 *\/\n.elementor-widget-image{text-align:center}.elementor-widget-image a{display:inline-block}.elementor-widget-image a img[src$=\".svg\"]{width:48px}.elementor-widget-image img{vertical-align:middle;display:inline-block}<\/style>\t\t\t\t\t\t\t\t\t\t\t\t<img width=\"119\" height=\"300\" src=\"http:\/\/espritvins.pro\/wp-content\/uploads\/2025\/09\/BOUTEILLE-SITE-8-119x300.png\" class=\"attachment-medium size-medium\" alt=\"\" loading=\"lazy\" srcset=\"http:\/\/espritvins.pro\/wp-content\/uploads\/2025\/09\/BOUTEILLE-SITE-8-119x300.png 119w, http:\/\/espritvins.pro\/wp-content\/uploads\/2025\/09\/BOUTEILLE-SITE-8-405x1024.png 405w, http:\/\/espritvins.pro\/wp-content\/uploads\/2025\/09\/BOUTEILLE-SITE-8.png 540w\" sizes=\"100vw\" \/>\t\t\t\t\t\t\t\t\t\t\t\t\t\t\t<\/div>\n\t\t\t\t<\/div>\n\t\t\t\t\t<\/div>\n\t\t<\/div>\n\t\t\t\t<div class=\"elementor-column elementor-col-66 elementor-top-column elementor-element elementor-element-7072bd16\" data-id=\"7072bd16\" data-element_type=\"column\">\n\t\t\t<div class=\"elementor-widget-wrap elementor-element-populated\">\n\t\t\t\t\t\t\t\t<div class=\"elementor-element elementor-element-37e9c2ec elementor-widget elementor-widget-heading\" data-id=\"37e9c2ec\" data-element_type=\"widget\" data-widget_type=\"heading.default\">\n\t\t\t\t<div class=\"elementor-widget-container\">\n\t\t\t<style>\/*! elementor - v3.7.2 - 21-08-2022 *\/\n.elementor-heading-title{padding:0;margin:0;line-height:1}.elementor-widget-heading .elementor-heading-title[class*=elementor-size-]>a{color:inherit;font-size:inherit;line-height:inherit}.elementor-widget-heading .elementor-heading-title.elementor-size-small{font-size:15px}.elementor-widget-heading .elementor-heading-title.elementor-size-medium{font-size:19px}.elementor-widget-heading .elementor-heading-title.elementor-size-large{font-size:29px}.elementor-widget-heading .elementor-heading-title.elementor-size-xl{font-size:39px}.elementor-widget-heading .elementor-heading-title.elementor-size-xxl{font-size:59px}<\/style><h2 class=\"elementor-heading-title elementor-size-default\"><br><br>SA CONSTITUTION<\/h2>\t\t<\/div>\n\t\t\t\t<\/div>\n\t\t\t\t<div class=\"elementor-element elementor-element-35058d18 elementor-widget elementor-widget-heading\" data-id=\"35058d18\" data-element_type=\"widget\" data-widget_type=\"heading.default\">\n\t\t\t\t<div class=\"elementor-widget-container\">\n\t\t\t<h2 class=\"elementor-heading-title elementor-size-default\">Single Malt am\u00e9ricain distill\u00e9 \u00e0 base d\u2019orge malt\u00e9e, vieilli en f\u00fbts de ch\u00eane neufs dans le Colorado.<\/h2>\t\t<\/div>\n\t\t\t\t<\/div>\n\t\t\t\t<div class=\"elementor-element elementor-element-8a7fa70 elementor-widget elementor-widget-heading\" data-id=\"8a7fa70\" data-element_type=\"widget\" data-widget_type=\"heading.default\">\n\t\t\t\t<div class=\"elementor-widget-container\">\n\t\t\t<h2 class=\"elementor-heading-title elementor-size-default\">SA PARTICULARIT\u00c9<\/h2>\t\t<\/div>\n\t\t\t\t<\/div>\n\t\t\t\t<div class=\"elementor-element elementor-element-3a95c9eb elementor-widget elementor-widget-heading\" data-id=\"3a95c9eb\" data-element_type=\"widget\" data-widget_type=\"heading.default\">\n\t\t\t\t<div class=\"elementor-widget-container\">\n\t\t\t<h2 class=\"elementor-heading-title elementor-size-default\">Label \u00ab Bottled in Bond \u00bb : embouteill\u00e9 \u00e0 50% selon les standards stricts du Bottled in Bond Act (4 ans minimum, m\u00eame distillerie, m\u00eame saison, sous contr\u00f4le f\u00e9d\u00e9ral).<\/h2>\t\t<\/div>\n\t\t\t\t<\/div>\n\t\t\t\t<div class=\"elementor-element elementor-element-3c10b2c5 elementor-widget elementor-widget-heading\" data-id=\"3c10b2c5\" data-element_type=\"widget\" data-widget_type=\"heading.default\">\n\t\t\t\t<div class=\"elementor-widget-container\">\n\t\t\t<h2 class=\"elementor-heading-title elementor-size-default\">SES AR\u00d4MES<\/h2>\t\t<\/div>\n\t\t\t\t<\/div>\n\t\t\t\t<div class=\"elementor-element elementor-element-580ba282 elementor-widget elementor-widget-heading\" data-id=\"580ba282\" data-element_type=\"widget\" data-widget_type=\"heading.default\">\n\t\t\t\t<div class=\"elementor-widget-container\">\n\t\t\t<h2 class=\"elementor-heading-title elementor-size-default\">Puissant et structur\u00e9, il d\u00e9voile des notes de vanille, de caramel, de c\u00e9r\u00e9ales toast\u00e9es et d\u2019\u00e9pices chaudes, avec une finale longue et s\u00e8che.<\/h2>\t\t<\/div>\n\t\t\t\t<\/div>\n\t\t\t\t\t<\/div>\n\t\t<\/div>\n\t\t\t\t\t\t\t<\/div>\n\t\t<\/section>\n\t\t\t\t<section class=\"elementor-section elementor-top-section elementor-element elementor-element-dd7ff94 elementor-section-boxed elementor-section-height-default elementor-section-height-default\" data-id=\"dd7ff94\" data-element_type=\"section\">\n\t\t\t\t\t\t<div class=\"elementor-container elementor-column-gap-default\">\n\t\t\t\t\t<div class=\"elementor-column elementor-col-33 elementor-top-column elementor-element elementor-element-3980d7fc\" data-id=\"3980d7fc\" data-element_type=\"column\">\n\t\t\t<div class=\"elementor-widget-wrap\">\n\t\t\t\t\t\t\t\t\t<\/div>\n\t\t<\/div>\n\t\t\t\t<div class=\"elementor-column elementor-col-33 elementor-top-column elementor-element elementor-element-b126407\" data-id=\"b126407\" data-element_type=\"column\">\n\t\t\t<div class=\"elementor-widget-wrap elementor-element-populated\">\n\t\t\t\t\t\t\t\t<div class=\"elementor-element elementor-element-17de7de5 elementor-widget elementor-widget-heading\" data-id=\"17de7de5\" data-element_type=\"widget\" data-widget_type=\"heading.default\">\n\t\t\t\t<div class=\"elementor-widget-container\">\n\t\t\t<h2 class=\"elementor-heading-title elementor-size-default\">FICHE TECHNIQUE<\/h2>\t\t<\/div>\n\t\t\t\t<\/div>\n\t\t\t\t<div class=\"elementor-element elementor-element-25425b37 elementor-widget elementor-widget-heading\" data-id=\"25425b37\" data-element_type=\"widget\" data-widget_type=\"heading.default\">\n\t\t\t\t<div class=\"elementor-widget-container\">\n\t\t\t<h2 class=\"elementor-heading-title elementor-size-default\">Provenance :<br><br>\u00c9TATS-UNIS<\/h2>\t\t<\/div>\n\t\t\t\t<\/div>\n\t\t\t\t<div class=\"elementor-element elementor-element-3c58e851 elementor-widget elementor-widget-heading\" data-id=\"3c58e851\" data-element_type=\"widget\" data-widget_type=\"heading.default\">\n\t\t\t\t<div class=\"elementor-widget-container\">\n\t\t\t<h2 class=\"elementor-heading-title elementor-size-default\">Flaconnage :<br><br>70cL<\/h2>\t\t<\/div>\n\t\t\t\t<\/div>\n\t\t\t\t<div class=\"elementor-element elementor-element-23f6b1a elementor-widget elementor-widget-heading\" data-id=\"23f6b1a\" data-element_type=\"widget\" data-widget_type=\"heading.default\">\n\t\t\t\t<div class=\"elementor-widget-container\">\n\t\t\t<h2 class=\"elementor-heading-title elementor-size-default\">Degr\u00e9 d'alcool :<br><br>50%<\/h2>\t\t<\/div>\n\t\t\t\t<\/div>\n\t\t\t\t<div class=\"elementor-element elementor-element-6a7dd3c4 elementor-widget elementor-widget-heading\" data-id=\"6a7dd3c4\" data-element_type=\"widget\" data-widget_type=\"heading.default\">\n\t\t\t\t<div class=\"elementor-widget-container\">\n\t\t\t<h2 class=\"elementor-heading-title elementor-size-default\">Marque :<br><br>Boulder Spirits<\/h2>\t\t<\/div>\n\t\t\t\t<\/div>\n\t\t\t\t<div class=\"elementor-element elementor-element-94e268 elementor-widget elementor-widget-heading\" data-id=\"94e268\" data-element_type=\"widget\" data-widget_type=\"heading.default\">\n\t\t\t\t<div class=\"elementor-widget-container\">\n\t\t\t<h2 class=\"elementor-heading-title elementor-size-default\">Type :<br><br>Whisky<\/h2>\t\t<\/div>\n\t\t\t\t<\/div>\n\t\t\t\t<div class=\"elementor-element elementor-element-765495f4 elementor-widget elementor-widget-image\" data-id=\"765495f4\" data-element_type=\"widget\" data-widget_type=\"image.default\">\n\t\t\t\t<div class=\"elementor-widget-container\">\n\t\t\t\t\t\t\t\t\t\t\t\t\t\t\t<img width=\"100\" height=\"100\" src=\"http:\/\/espritvins.pro\/wp-content\/uploads\/2021\/09\/NOuveau-Logo-2020-zoom-barbe-100x100.jpg\" class=\"attachment-twentyseventeen-thumbnail-avatar size-twentyseventeen-thumbnail-avatar\" alt=\"\" loading=\"lazy\" srcset=\"http:\/\/espritvins.pro\/wp-content\/uploads\/2021\/09\/NOuveau-Logo-2020-zoom-barbe-100x100.jpg 100w, http:\/\/espritvins.pro\/wp-content\/uploads\/2021\/09\/NOuveau-Logo-2020-zoom-barbe-150x150.jpg 150w\" sizes=\"100vw\" \/>\t\t\t\t\t\t\t\t\t\t\t\t\t\t\t<\/div>\n\t\t\t\t<\/div>\n\t\t\t\t\t<\/div>\n\t\t<\/div>\n\t\t\t\t<div class=\"elementor-column elementor-col-33 elementor-top-column elementor-element elementor-element-2046dbf7\" data-id=\"2046dbf7\" data-element_type=\"column\">\n\t\t\t<div class=\"elementor-widget-wrap\">\n\t\t\t\t\t\t\t\t\t<\/div>\n\t\t<\/div>\n\t\t\t\t\t\t\t<\/div>\n\t\t<\/section>\n\t\t\t\t\t\t\t<\/div>\n\t\t","protected":false},"excerpt":{"rendered":"<p>SA CONSTITUTION Single Malt am\u00e9ricain distill\u00e9 \u00e0 base d\u2019orge malt\u00e9e, vieilli en f\u00fbts de ch\u00eane neufs dans le Colorado. SA PARTICULARIT\u00c9 Label \u00ab Bottled in Bond \u00bb : embouteill\u00e9 \u00e0 50% selon les standards stricts du Bottled in Bond Act (4 ans minimum, m\u00eame distillerie, m\u00eame saison, sous contr\u00f4le f\u00e9d\u00e9ral). SES AR\u00d4MES Puissant et structur\u00e9, &hellip; <\/p>\n<p class=\"link-more\"><a href=\"http:\/\/espritvins.pro\/index.php\/boulder-bottled-in-bond\/\" class=\"more-link\">Continuer la lecture<span class=\"screen-reader-text\"> de &laquo;&nbsp;Bottled in Bond whiskey&nbsp;&raquo;<\/span><\/a><\/p>\n","protected":false},"author":1,"featured_media":0,"parent":0,"menu_order":0,"comment_status":"closed","ping_status":"closed","template":"","meta":[],"_links":{"self":[{"href":"http:\/\/espritvins.pro\/index.php\/wp-json\/wp\/v2\/pages\/6259"}],"collection":[{"href":"http:\/\/espritvins.pro\/index.php\/wp-json\/wp\/v2\/pages"}],"about":[{"href":"http:\/\/espritvins.pro\/index.php\/wp-json\/wp\/v2\/types\/page"}],"author":[{"embeddable":true,"href":"http:\/\/espritvins.pro\/index.php\/wp-json\/wp\/v2\/users\/1"}],"replies":[{"embeddable":true,"href":"http:\/\/espritvins.pro\/index.php\/wp-json\/wp\/v2\/comments?post=6259"}],"version-history":[{"count":8,"href":"http:\/\/espritvins.pro\/index.php\/wp-json\/wp\/v2\/pages\/6259\/revisions"}],"predecessor-version":[{"id":6667,"href":"http:\/\/espritvins.pro\/index.php\/wp-json\/wp\/v2\/pages\/6259\/revisions\/6667"}],"wp:attachment":[{"href":"http:\/\/espritvins.pro\/index.php\/wp-json\/wp\/v2\/media?parent=6259"}],"curies":[{"name":"wp","href":"https:\/\/api.w.org\/{rel}","templated":true}]}}