{"id":779,"date":"2020-05-06T14:44:34","date_gmt":"2020-05-06T12:44:34","guid":{"rendered":"http:\/\/espritg.cluster028.hosting.ovh.net\/?page_id=779"},"modified":"2020-05-20T18:17:29","modified_gmt":"2020-05-20T16:17:29","slug":"deep","status":"publish","type":"page","link":"http:\/\/espritvins.pro\/index.php\/deep\/","title":{"rendered":"DEEP"},"content":{"rendered":"\n<div class=\"wp-block-media-text alignwide\" style=\"grid-template-columns:20% auto\"><figure class=\"wp-block-media-text__media\"><img loading=\"lazy\" width=\"459\" height=\"1024\" src=\"http:\/\/espritg.cluster028.hosting.ovh.net\/wp-content\/uploads\/2020\/05\/oceans0413-459x1024.png\" alt=\"\" class=\"wp-image-1317\"\/><\/figure><div class=\"wp-block-media-text__content\">\n<h5 style=\"text-align:center\">SA CONSTITUTION<\/h5>\n\n\n\n<p style=\"font-size:18px\">\u00c9labor\u00e9 \u00e0 partir de 5 rhums d\u2019origines diff\u00e9rentes (R\u00e9publique Dominicaine, Barbade, Trinit\u00e9, Guyane et Jama\u00efque).<\/p>\n\n\n\n<h5 style=\"text-align:center\">SA PARTICULARIT\u00c9<\/h5>\n\n\n\n<p style=\"font-size:18px\">Dominance de rhum Jama\u00efcain dans l&rsquo;assemblage.<\/p>\n<\/div><\/div>\n\n\n\n<div class=\"wp-block-media-text alignwide has-media-on-the-right\" style=\"grid-template-columns:auto 32%\"><figure class=\"wp-block-media-text__media\"><img loading=\"lazy\" width=\"407\" height=\"380\" src=\"http:\/\/espritg.cluster028.hosting.ovh.net\/wp-content\/uploads\/2020\/05\/Capture-d\u2019\u00e9cran-2020-05-19-\u00e0-15.56.16.png\" alt=\"\" class=\"wp-image-1914\" srcset=\"http:\/\/espritvins.pro\/wp-content\/uploads\/2020\/05\/Capture-d\u2019\u00e9cran-2020-05-19-\u00e0-15.56.16.png 407w, http:\/\/espritvins.pro\/wp-content\/uploads\/2020\/05\/Capture-d\u2019\u00e9cran-2020-05-19-\u00e0-15.56.16-300x280.png 300w\" sizes=\"(max-width: 407px) 100vw, 407px\" \/><\/figure><div class=\"wp-block-media-text__content\">\n<h5 style=\"text-align:center\">SES AR\u00d4MES<\/h5>\n\n\n\n<p style=\"font-size:18px\">Ce rhum vieilli 7 ans en f\u00fbts de ch\u00eane r\u00e9v\u00e8le des ar\u00f4mes intenses d\u2019epices et de caramel, l\u00e9g\u00e8rement bois\u00e9 avec une finale tout en douceur.<\/p>\n<\/div><\/div>\n\n\n\n<h5 style=\"text-align:center\">FICHE TECHNIQUE<\/h5>\n\n\n\n<table class=\"wp-block-table aligncenter is-style-stripes\"><tbody><tr><td><strong>Provenance<\/strong><br>Cara\u00efbes<br><\/td><\/tr><tr><td> <strong>Flaconnage<\/strong><br>&nbsp;70 cL<br><\/td><\/tr><tr><td><strong>Degre Alcool<\/strong><br>40 %<br><\/td><\/tr><tr><td><strong>Marque<\/strong><br>Ocean&rsquo;s Distillery<br><\/td><\/tr><tr><td><strong>\u00c2ge<\/strong><br>7 ans<br><\/td><\/tr><tr><td><strong>Type<\/strong><br>Rhum ambr\u00e9<br><\/td><\/tr><\/tbody><\/table>\n\n\n\n<div class=\"wp-block-image\"><figure class=\"aligncenter is-resized\"><img loading=\"lazy\" src=\"http:\/\/espritg.cluster028.hosting.ovh.net\/wp-content\/uploads\/2020\/04\/NOuveau-Logo-2020-zoom-barbe.jpg\" alt=\"L\u2019attribut alt de cette image est vide, son nom de fichier est NOuveau-Logo-2020-zoom-barbe.jpg.\" width=\"81\" height=\"71\"\/><\/figure><\/div>\n","protected":false},"excerpt":{"rendered":"<p>SA CONSTITUTION \u00c9labor\u00e9 \u00e0 partir de 5 rhums d\u2019origines diff\u00e9rentes (R\u00e9publique Dominicaine, Barbade, Trinit\u00e9, Guyane et Jama\u00efque). SA PARTICULARIT\u00c9 Dominance de rhum Jama\u00efcain dans l&rsquo;assemblage. SES AR\u00d4MES Ce rhum vieilli 7 ans en f\u00fbts de ch\u00eane r\u00e9v\u00e8le des ar\u00f4mes intenses d\u2019epices et de caramel, l\u00e9g\u00e8rement bois\u00e9 avec une finale tout en douceur. FICHE TECHNIQUE ProvenanceCara\u00efbes &hellip; <\/p>\n<p class=\"link-more\"><a href=\"http:\/\/espritvins.pro\/index.php\/deep\/\" class=\"more-link\">Continuer la lecture<span class=\"screen-reader-text\"> de &laquo;&nbsp;DEEP&nbsp;&raquo;<\/span><\/a><\/p>\n","protected":false},"author":1,"featured_media":0,"parent":0,"menu_order":0,"comment_status":"closed","ping_status":"closed","template":"","meta":[],"_links":{"self":[{"href":"http:\/\/espritvins.pro\/index.php\/wp-json\/wp\/v2\/pages\/779"}],"collection":[{"href":"http:\/\/espritvins.pro\/index.php\/wp-json\/wp\/v2\/pages"}],"about":[{"href":"http:\/\/espritvins.pro\/index.php\/wp-json\/wp\/v2\/types\/page"}],"author":[{"embeddable":true,"href":"http:\/\/espritvins.pro\/index.php\/wp-json\/wp\/v2\/users\/1"}],"replies":[{"embeddable":true,"href":"http:\/\/espritvins.pro\/index.php\/wp-json\/wp\/v2\/comments?post=779"}],"version-history":[{"count":9,"href":"http:\/\/espritvins.pro\/index.php\/wp-json\/wp\/v2\/pages\/779\/revisions"}],"predecessor-version":[{"id":2210,"href":"http:\/\/espritvins.pro\/index.php\/wp-json\/wp\/v2\/pages\/779\/revisions\/2210"}],"wp:attachment":[{"href":"http:\/\/espritvins.pro\/index.php\/wp-json\/wp\/v2\/media?parent=779"}],"curies":[{"name":"wp","href":"https:\/\/api.w.org\/{rel}","templated":true}]}}