{"id":973,"date":"2020-05-12T12:18:15","date_gmt":"2020-05-12T10:18:15","guid":{"rendered":"http:\/\/espritg.cluster028.hosting.ovh.net\/?page_id=973"},"modified":"2025-09-10T16:27:57","modified_gmt":"2025-09-10T14:27:57","slug":"double-wood","status":"publish","type":"page","link":"http:\/\/espritvins.pro\/index.php\/double-wood\/","title":{"rendered":"DOUBLE WOOD"},"content":{"rendered":"\n<div class=\"wp-block-media-text alignwide is-stacked-on-mobile\" style=\"grid-template-columns:24% auto\"><figure class=\"wp-block-media-text__media\"><img loading=\"lazy\" width=\"405\" height=\"1024\" src=\"http:\/\/espritvins.pro\/wp-content\/uploads\/2025\/09\/BOUTEILLE-SITE-9-1-405x1024.jpg\" alt=\"\" class=\"wp-image-6497 size-full\" srcset=\"http:\/\/espritvins.pro\/wp-content\/uploads\/2025\/09\/BOUTEILLE-SITE-9-1-405x1024.jpg 405w, http:\/\/espritvins.pro\/wp-content\/uploads\/2025\/09\/BOUTEILLE-SITE-9-1-119x300.jpg 119w, http:\/\/espritvins.pro\/wp-content\/uploads\/2025\/09\/BOUTEILLE-SITE-9-1.jpg 540w\" sizes=\"(max-width: 405px) 100vw, 405px\" \/><\/figure><div class=\"wp-block-media-text__content\">\n<h5 class=\"has-text-align-center\">SA PARTICULARIT\u00c9<\/h5>\n\n\n\n<p style=\"font-size:15px\">La s\u00e9rie Fl\u00f3ki Double Wood (litt\u00e9ralement \u00ab double bois \u00bb en fran\u00e7ais, synonyme d\u2019une maturation en deux types de f\u00fbts diff\u00e9rents) d\u2019Eimverk Distillery est ce que l\u2019on pourrait appeler le laboratoire d\u2019essais de la distillerie. C\u2019est sous cette \u00e9tiquette qu\u2019Eimverk exp\u00e9rimente avec des recettes innovantes pour son whisky Fl\u00f3ki, comme la maturation en f\u00fbt de bouleau islandais ou en f\u00fbt de bi\u00e8re artisanale.<br><br> Les exp\u00e9rimentations les plus r\u00e9ussies int\u00e8grent alors la gamme permanente de Fl\u00f3ki. Vous pouvez en d\u00e9couvrir certaines parmi notre s\u00e9lection, y compris Icelandic Birch Finish, Beer Barrel Finish ou encore<br>Sherry Cask Finish.<br><br> D\u2019autres resteront des prototypes, des essais que le ma\u00eetre de chais d\u2019Eimverk souhaitera probablement faire vieillir davantage, avant de leur accorder une nouvelle chance.<br><br> Fid\u00e8le \u00e0 ses valeurs de distillerie pionni\u00e8re, exploratrice et cr\u00e9ative, Eimverk Distillery innove sans cesse \u00e0 travers la s\u00e9rie Fl\u00f3ki Double Wood. Elle continuera \u00e0 nous surprendre avec des maturations uniques, le plus souvent inspir\u00e9es de l\u2019histoire et de la culture islandaise.<\/p>\n<\/div><\/div>\n\n\n\n<h5 class=\"has-text-align-center\">FICHE TECHNIQUE<\/h5>\n\n\n\n<figure class=\"wp-block-table aligncenter is-style-stripes\"><table><tbody><tr><td><strong>Provenance<\/strong><br>&nbsp;Islande<br><\/td><\/tr><tr><td> <strong>Flaconnage<\/strong><br>50 cL<br><\/td><\/tr><tr><td><strong>Degr\u00e9 d&rsquo;alcool<\/strong><br>Autour de 45 %<br><\/td><\/tr><tr><td><strong>Marque<\/strong><br>Eimverk Distillery<br><\/td><\/tr><tr><td><strong>\u00c2ge<\/strong><br>Autour de 3 ans<br><\/td><\/tr><tr><td><strong>Type<\/strong><br>Single Malt<br><\/td><\/tr><\/tbody><\/table><\/figure>\n\n\n<div class=\"wp-block-image\">\n<figure class=\"aligncenter is-resized\"><img loading=\"lazy\" src=\"http:\/\/espritg.cluster028.hosting.ovh.net\/wp-content\/uploads\/2020\/04\/NOuveau-Logo-2020-zoom-barbe.jpg\" alt=\"L\u2019attribut alt de cette image est vide, son nom de fichier est NOuveau-Logo-2020-zoom-barbe.jpg.\" width=\"81\" height=\"71\"\/><\/figure><\/div>","protected":false},"excerpt":{"rendered":"<p>SA PARTICULARIT\u00c9 La s\u00e9rie Fl\u00f3ki Double Wood (litt\u00e9ralement \u00ab double bois \u00bb en fran\u00e7ais, synonyme d\u2019une maturation en deux types de f\u00fbts diff\u00e9rents) d\u2019Eimverk Distillery est ce que l\u2019on pourrait appeler le laboratoire d\u2019essais de la distillerie. C\u2019est sous cette \u00e9tiquette qu\u2019Eimverk exp\u00e9rimente avec des recettes innovantes pour son whisky Fl\u00f3ki, comme la maturation en &hellip; <\/p>\n<p class=\"link-more\"><a href=\"http:\/\/espritvins.pro\/index.php\/double-wood\/\" class=\"more-link\">Continuer la lecture<span class=\"screen-reader-text\"> de &laquo;&nbsp;DOUBLE WOOD&nbsp;&raquo;<\/span><\/a><\/p>\n","protected":false},"author":1,"featured_media":0,"parent":0,"menu_order":0,"comment_status":"closed","ping_status":"closed","template":"","meta":[],"_links":{"self":[{"href":"http:\/\/espritvins.pro\/index.php\/wp-json\/wp\/v2\/pages\/973"}],"collection":[{"href":"http:\/\/espritvins.pro\/index.php\/wp-json\/wp\/v2\/pages"}],"about":[{"href":"http:\/\/espritvins.pro\/index.php\/wp-json\/wp\/v2\/types\/page"}],"author":[{"embeddable":true,"href":"http:\/\/espritvins.pro\/index.php\/wp-json\/wp\/v2\/users\/1"}],"replies":[{"embeddable":true,"href":"http:\/\/espritvins.pro\/index.php\/wp-json\/wp\/v2\/comments?post=973"}],"version-history":[{"count":12,"href":"http:\/\/espritvins.pro\/index.php\/wp-json\/wp\/v2\/pages\/973\/revisions"}],"predecessor-version":[{"id":6498,"href":"http:\/\/espritvins.pro\/index.php\/wp-json\/wp\/v2\/pages\/973\/revisions\/6498"}],"wp:attachment":[{"href":"http:\/\/espritvins.pro\/index.php\/wp-json\/wp\/v2\/media?parent=973"}],"curies":[{"name":"wp","href":"https:\/\/api.w.org\/{rel}","templated":true}]}}