{"id":975,"date":"2020-05-12T12:18:39","date_gmt":"2020-05-12T10:18:39","guid":{"rendered":"http:\/\/espritg.cluster028.hosting.ovh.net\/?page_id=975"},"modified":"2025-09-10T16:46:06","modified_gmt":"2025-09-10T14:46:06","slug":"floki-iceland-birch-finish","status":"publish","type":"page","link":"http:\/\/espritvins.pro\/index.php\/floki-iceland-birch-finish\/","title":{"rendered":"FLOKI BIRCH FINISH"},"content":{"rendered":"\n<div class=\"wp-block-media-text alignwide is-stacked-on-mobile\" style=\"grid-template-columns:12% auto\"><figure class=\"wp-block-media-text__media\"><img loading=\"lazy\" width=\"336\" height=\"1024\" src=\"http:\/\/espritg.cluster028.hosting.ovh.net\/wp-content\/uploads\/2020\/05\/Floki_DoubleWoodVisual_IcelandicBirch-336x1024.jpg\" alt=\"\" class=\"wp-image-931 size-full\"\/><\/figure><div class=\"wp-block-media-text__content\">\n<h5 class=\"has-text-align-center\">SA CONSTITUTION<\/h5>\n\n\n\n<p style=\"font-size:18px\">Fl\u00f3ki Double Wood Icelandic Birch Finish est \u00e9lev\u00e9 dans des f\u00fbts ayant servi auparavant \u00e0 l\u2019\u00e9laboration du Fl\u00f3ki Single Malt, ainsi que dans des f\u00fbts de bouleau islandais.&nbsp;<\/p>\n\n\n\n<h5 class=\"has-text-align-center\">SA PARTICULARIT\u00c9<\/h5>\n\n\n\n<p style=\"font-size:18px\">Un produit naturel et 100% islandais : orge islandais, distillation et vieillissement en Islande, utilisation de f\u00fbts de bouleau islandais. Non color\u00e9, non filtr\u00e9 \u00e0 froid, embouteill\u00e9 \u00e0 47%.<\/p>\n<\/div><\/div>\n\n\n\n<div class=\"wp-block-media-text alignwide has-media-on-the-right is-stacked-on-mobile\" style=\"grid-template-columns:auto 26%\"><figure class=\"wp-block-media-text__media\"><img loading=\"lazy\" width=\"573\" height=\"570\" src=\"http:\/\/espritg.cluster028.hosting.ovh.net\/wp-content\/uploads\/2020\/05\/Capture-d\u2019\u00e9cran-2020-05-19-\u00e0-15.54.59.png\" alt=\"\" class=\"wp-image-1908 size-full\" srcset=\"http:\/\/espritvins.pro\/wp-content\/uploads\/2020\/05\/Capture-d\u2019\u00e9cran-2020-05-19-\u00e0-15.54.59.png 573w, http:\/\/espritvins.pro\/wp-content\/uploads\/2020\/05\/Capture-d\u2019\u00e9cran-2020-05-19-\u00e0-15.54.59-150x150.png 150w, http:\/\/espritvins.pro\/wp-content\/uploads\/2020\/05\/Capture-d\u2019\u00e9cran-2020-05-19-\u00e0-15.54.59-300x298.png 300w, http:\/\/espritvins.pro\/wp-content\/uploads\/2020\/05\/Capture-d\u2019\u00e9cran-2020-05-19-\u00e0-15.54.59-100x100.png 100w\" sizes=\"(max-width: 573px) 100vw, 573px\" \/><\/figure><div class=\"wp-block-media-text__content\">\n<h5 class=\"has-text-align-center\">SES AR\u00d4MES<\/h5>\n\n\n\n<p style=\"font-size:18px\">Notes de dattes, de bois et de malt, ainsi qu\u2019un c\u00f4t\u00e9 cr\u00e9meux et vanill\u00e9.<br><\/p>\n<\/div><\/div>\n\n\n\n<h5 class=\"has-text-align-center\">FICHE TECHNIQUE<\/h5>\n\n\n\n<figure class=\"wp-block-table aligncenter is-style-stripes\"><table><tbody><tr><td><strong>Provenance<\/strong><br>Islande<br><\/td><\/tr><tr><td> <strong>Flaconnage<\/strong><br>70 cL<br><\/td><\/tr><tr><td><strong>Degr\u00e9 d&rsquo;alcool<\/strong><br>45 %<br><\/td><\/tr><tr><td><strong>Marque<\/strong><br>Eimverk Distillery<br><\/td><\/tr><tr><td><strong>\u00c2ge<\/strong><br>3 ans<br><\/td><\/tr><tr><td><strong>Type<\/strong><br>Single Malt<br><\/td><\/tr><\/tbody><\/table><\/figure>\n\n\n<div class=\"wp-block-image\">\n<figure class=\"aligncenter is-resized\"><img loading=\"lazy\" src=\"http:\/\/espritg.cluster028.hosting.ovh.net\/wp-content\/uploads\/2020\/04\/NOuveau-Logo-2020-zoom-barbe.jpg\" alt=\"L\u2019attribut alt de cette image est vide, son nom de fichier est NOuveau-Logo-2020-zoom-barbe.jpg.\" width=\"81\" height=\"71\"\/><\/figure><\/div>","protected":false},"excerpt":{"rendered":"<p>SA CONSTITUTION Fl\u00f3ki Double Wood Icelandic Birch Finish est \u00e9lev\u00e9 dans des f\u00fbts ayant servi auparavant \u00e0 l\u2019\u00e9laboration du Fl\u00f3ki Single Malt, ainsi que dans des f\u00fbts de bouleau islandais.&nbsp; SA PARTICULARIT\u00c9 Un produit naturel et 100% islandais : orge islandais, distillation et vieillissement en Islande, utilisation de f\u00fbts de bouleau islandais. Non color\u00e9, non &hellip; <\/p>\n<p class=\"link-more\"><a href=\"http:\/\/espritvins.pro\/index.php\/floki-iceland-birch-finish\/\" class=\"more-link\">Continuer la lecture<span class=\"screen-reader-text\"> de &laquo;&nbsp;FLOKI BIRCH FINISH&nbsp;&raquo;<\/span><\/a><\/p>\n","protected":false},"author":1,"featured_media":0,"parent":0,"menu_order":0,"comment_status":"closed","ping_status":"closed","template":"","meta":[],"_links":{"self":[{"href":"http:\/\/espritvins.pro\/index.php\/wp-json\/wp\/v2\/pages\/975"}],"collection":[{"href":"http:\/\/espritvins.pro\/index.php\/wp-json\/wp\/v2\/pages"}],"about":[{"href":"http:\/\/espritvins.pro\/index.php\/wp-json\/wp\/v2\/types\/page"}],"author":[{"embeddable":true,"href":"http:\/\/espritvins.pro\/index.php\/wp-json\/wp\/v2\/users\/1"}],"replies":[{"embeddable":true,"href":"http:\/\/espritvins.pro\/index.php\/wp-json\/wp\/v2\/comments?post=975"}],"version-history":[{"count":17,"href":"http:\/\/espritvins.pro\/index.php\/wp-json\/wp\/v2\/pages\/975\/revisions"}],"predecessor-version":[{"id":6512,"href":"http:\/\/espritvins.pro\/index.php\/wp-json\/wp\/v2\/pages\/975\/revisions\/6512"}],"wp:attachment":[{"href":"http:\/\/espritvins.pro\/index.php\/wp-json\/wp\/v2\/media?parent=975"}],"curies":[{"name":"wp","href":"https:\/\/api.w.org\/{rel}","templated":true}]}}