{"id":999,"date":"2020-05-12T12:23:10","date_gmt":"2020-05-12T10:23:10","guid":{"rendered":"http:\/\/espritg.cluster028.hosting.ovh.net\/?page_id=999"},"modified":"2025-07-02T10:47:33","modified_gmt":"2025-07-02T08:47:33","slug":"mediteranean-gin-mil","status":"publish","type":"page","link":"http:\/\/espritvins.pro\/index.php\/mediteranean-gin-mil\/","title":{"rendered":"MEDITERRANEAN GIN-MIL"},"content":{"rendered":"\n<div class=\"wp-block-media-text alignwide is-stacked-on-mobile\" style=\"grid-template-columns:20% auto\"><figure class=\"wp-block-media-text__media\"><img loading=\"lazy\" width=\"450\" height=\"1024\" src=\"http:\/\/espritg.cluster028.hosting.ovh.net\/wp-content\/uploads\/2020\/05\/MIL_GIN_ON_TRASPARENT_MAY_2019_SRGB-450x1024.png\" alt=\"\" class=\"wp-image-1087 size-full\"\/><\/figure><div class=\"wp-block-media-text__content\">\n<h5 class=\"has-text-align-center\">SA CONSTITUTION<\/h5>\n\n\n\n<p style=\"font-size:18px\">M\u00edl est distill\u00e9 avec des plantes m\u00e9diterran\u00e9ennes : amandes, basilic, oranges bergamote, baies de geni\u00e8vre, groseilles \u00e0 maquereau, olives, iris, romarin et thym sont entr\u00e9s dans la composition de ce gin, produisant un spiritueux frais et plein de soleil !<\/p>\n\n\n\n<h5 class=\"has-text-align-center\">SA PARTICULARIT\u00c9<\/h5>\n\n\n\n<p style=\"font-size:18px\">Un gin Irlandais aux go\u00fbts d&rsquo;Espagne. A servir avec un bon tonic, une tranche de pamplemousse et une feuille de basilic. <\/p>\n<\/div><\/div>\n\n\n\n<div class=\"wp-block-media-text alignwide has-media-on-the-right is-stacked-on-mobile\" style=\"grid-template-columns:auto 25%\"><figure class=\"wp-block-media-text__media\"><img loading=\"lazy\" width=\"391\" height=\"413\" src=\"http:\/\/espritg.cluster028.hosting.ovh.net\/wp-content\/uploads\/2020\/05\/Capture-d\u2019\u00e9cran-2020-05-19-\u00e0-15.56.40.png\" alt=\"\" class=\"wp-image-1917 size-full\" srcset=\"http:\/\/espritvins.pro\/wp-content\/uploads\/2020\/05\/Capture-d\u2019\u00e9cran-2020-05-19-\u00e0-15.56.40.png 391w, http:\/\/espritvins.pro\/wp-content\/uploads\/2020\/05\/Capture-d\u2019\u00e9cran-2020-05-19-\u00e0-15.56.40-284x300.png 284w\" sizes=\"(max-width: 391px) 100vw, 391px\" \/><\/figure><div class=\"wp-block-media-text__content\">\n<h5 class=\"has-text-align-center\">SES AR\u00d4MES<\/h5>\n\n\n\n<p style=\"font-size:18px\">Frais et herbac\u00e9 au nez, il d\u00e9ploie en bouche des ar\u00f4mes de v\u00e9g\u00e9taux et d&rsquo;agrumes tr\u00e8s prononc\u00e9s. Il laisse sur la finale un gout citronn\u00e9 et agr\u00e9ablement amer. <br><\/p>\n<\/div><\/div>\n\n\n\n<h5 class=\"has-text-align-center\">FICHE TECHNIQUE<\/h5>\n\n\n\n<figure class=\"wp-block-table aligncenter is-style-stripes\"><table><tbody><tr><td><strong>Provenance<\/strong><br>Irlande<br><\/td><\/tr><tr><td> <strong>Flaconnage<\/strong><br>70 cL<br><\/td><\/tr><tr><td><strong>Degr\u00e9 d&rsquo;alcool<\/strong><br>42%<br><\/td><\/tr><tr><td><strong>Marque<\/strong><br>Pearse Lyons Distillery<br><\/td><\/tr><tr><td><strong>Type<\/strong><br>Gin<br><\/td><\/tr><tr><td><strong>\u2655World Gin Awards 2020<\/strong><br>\/\/ M\u00e9daille de Bronze<br><strong>Gin Masters Awards 2019<\/strong><br>\/\/ M\u00e9daille d\u2019Or<\/td><\/tr><\/tbody><\/table><\/figure>\n\n\n<div class=\"wp-block-image\">\n<figure class=\"aligncenter is-resized\"><img loading=\"lazy\" src=\"http:\/\/espritg.cluster028.hosting.ovh.net\/wp-content\/uploads\/2020\/04\/NOuveau-Logo-2020-zoom-barbe.jpg\" alt=\"L\u2019attribut alt de cette image est vide, son nom de fichier est NOuveau-Logo-2020-zoom-barbe.jpg.\" width=\"81\" height=\"71\"\/><\/figure><\/div>","protected":false},"excerpt":{"rendered":"<p>SA CONSTITUTION M\u00edl est distill\u00e9 avec des plantes m\u00e9diterran\u00e9ennes : amandes, basilic, oranges bergamote, baies de geni\u00e8vre, groseilles \u00e0 maquereau, olives, iris, romarin et thym sont entr\u00e9s dans la composition de ce gin, produisant un spiritueux frais et plein de soleil ! SA PARTICULARIT\u00c9 Un gin Irlandais aux go\u00fbts d&rsquo;Espagne. A servir avec un bon &hellip; <\/p>\n<p class=\"link-more\"><a href=\"http:\/\/espritvins.pro\/index.php\/mediteranean-gin-mil\/\" class=\"more-link\">Continuer la lecture<span class=\"screen-reader-text\"> de &laquo;&nbsp;MEDITERRANEAN GIN-MIL&nbsp;&raquo;<\/span><\/a><\/p>\n","protected":false},"author":1,"featured_media":0,"parent":0,"menu_order":0,"comment_status":"closed","ping_status":"closed","template":"","meta":[],"_links":{"self":[{"href":"http:\/\/espritvins.pro\/index.php\/wp-json\/wp\/v2\/pages\/999"}],"collection":[{"href":"http:\/\/espritvins.pro\/index.php\/wp-json\/wp\/v2\/pages"}],"about":[{"href":"http:\/\/espritvins.pro\/index.php\/wp-json\/wp\/v2\/types\/page"}],"author":[{"embeddable":true,"href":"http:\/\/espritvins.pro\/index.php\/wp-json\/wp\/v2\/users\/1"}],"replies":[{"embeddable":true,"href":"http:\/\/espritvins.pro\/index.php\/wp-json\/wp\/v2\/comments?post=999"}],"version-history":[{"count":17,"href":"http:\/\/espritvins.pro\/index.php\/wp-json\/wp\/v2\/pages\/999\/revisions"}],"predecessor-version":[{"id":5889,"href":"http:\/\/espritvins.pro\/index.php\/wp-json\/wp\/v2\/pages\/999\/revisions\/5889"}],"wp:attachment":[{"href":"http:\/\/espritvins.pro\/index.php\/wp-json\/wp\/v2\/media?parent=999"}],"curies":[{"name":"wp","href":"https:\/\/api.w.org\/{rel}","templated":true}]}}